{"id":14168,"date":"2025-04-08T11:59:45","date_gmt":"2025-04-08T09:59:45","guid":{"rendered":"https:\/\/www.capfito.com\/?post_type=product&#038;p=14168"},"modified":"2026-03-02T19:08:09","modified_gmt":"2026-03-02T18:08:09","slug":"svuotator-container-capsules-nespresso-reutilisables","status":"publish","type":"product","link":"https:\/\/www.capfito.com\/fr\/prodotto\/svuotator-container-capsules-nespresso-reutilisables\/","title":{"rendered":"SVUOTATOR Capfito Capsule"},"content":{"rendered":"\t\t<div data-elementor-type=\"wp-post\" data-elementor-id=\"14168\" class=\"elementor elementor-14168 elementor-14166\">\n\t\t\t\t\t\t<section class=\"elementor-section elementor-top-section elementor-element elementor-element-5d19a6b elementor-section-boxed elementor-section-height-default elementor-section-height-default\" data-id=\"5d19a6b\" data-element_type=\"section\" data-e-type=\"section\">\n\t\t\t\t\t\t<div class=\"elementor-container elementor-column-gap-default\">\n\t\t\t\t\t<div class=\"elementor-column elementor-col-100 elementor-top-column elementor-element elementor-element-36847ab\" data-id=\"36847ab\" data-element_type=\"column\" data-e-type=\"column\">\n\t\t\t<div class=\"elementor-widget-wrap elementor-element-populated\">\n\t\t\t\t\t\t<div class=\"elementor-element elementor-element-ea189cf elementor-widget elementor-widget-html\" data-id=\"ea189cf\" data-element_type=\"widget\" data-e-type=\"widget\" data-widget_type=\"html.default\">\n\t\t\t\t<div class=\"elementor-widget-container\">\n\t\t\t\t\t\t\t\t<link rel=\"stylesheet\" id=\"elementor-post-10887-css\" href=\"https:\/\/www.capfito.com\/wp-content\/uploads\/elementor\/css\/post-10887.css?ver=1775775500\" type=\"text\/css\" media=\"all\">\n\t\t\t\t\t<div data-elementor-type=\"wp-post\" data-elementor-id=\"10887\" class=\"elementor elementor-10887 elementor-10357 elementor-10357\">\n\t\t\t\t\t\t<section class=\"elementor-section elementor-top-section elementor-element elementor-element-7fa0583 elementor-section-content-top elementor-section-boxed elementor-section-height-default elementor-section-height-default\" data-id=\"7fa0583\" data-element_type=\"section\" data-e-type=\"section\">\n\t\t\t\t\t\t<div class=\"elementor-container elementor-column-gap-default\">\n\t\t\t\t\t<div class=\"elementor-column elementor-col-50 elementor-top-column elementor-element elementor-element-2e923df7\" data-id=\"2e923df7\" data-element_type=\"column\" data-e-type=\"column\">\n\t\t\t<div class=\"elementor-widget-wrap elementor-element-populated\">\n\t\t\t\t\t\t<div class=\"elementor-element elementor-element-8e84e16 elementor-widget elementor-widget-wd_text_block\" data-id=\"8e84e16\" data-element_type=\"widget\" data-e-type=\"widget\" data-widget_type=\"wd_text_block.default\">\n\t\t\t\t<div class=\"elementor-widget-container\">\n\t\t\t\t\t\t\t<div class=\"wd-text-block reset-last-child text-left\">\n\t\t\t\n\t\t\t<p><strong> Compos\u00e9 :<\/strong><\/p><ul><li>1 pc SVUOTATOR Container Show Plate<\/li><\/ul><p><strong>Donn\u00e9es techniques :<\/strong><\/p><p>Poids \u00e0 vide : 200gr - Dimensions : D 140mm x H 70mm<\/p><p>Mat\u00e9riau : Bol en plastique - Bol en aluminium<\/p><p>Bo\u00eete Diam\u00e8tre 140 mm x H70 mm - Poids 200 g<\/p>\n\t\t\t\t\t<\/div>\n\t\t\t\t\t\t<\/div>\n\t\t\t\t<\/div>\n\t\t\t\t\t<\/div>\n\t\t<\/div>\n\t\t\t\t<div class=\"elementor-column elementor-col-50 elementor-top-column elementor-element elementor-element-78fd86a6\" data-id=\"78fd86a6\" data-element_type=\"column\" data-e-type=\"column\">\n\t\t\t<div class=\"elementor-widget-wrap elementor-element-populated\">\n\t\t\t\t\t\t<div class=\"elementor-element elementor-element-29bdbcd elementor-widget elementor-widget-html\" data-id=\"29bdbcd\" data-element_type=\"widget\" data-e-type=\"widget\" data-widget_type=\"html.default\">\n\t\t\t\t<div class=\"elementor-widget-container\">\n\t\t\t\t\t<iframe width=\"100%\" height=\"315\" src=\"https:\/\/www.youtube-nocookie.com\/embed\/SPsekhliWZ8?rel=0\" title=\"YouTube video player\" frameborder=\"0\" allow=\"accelerometer; autoplay; clipboard-write; encrypted-media; gyroscope; picture-in-picture; web-share\" allowfullscreen><\/iframe>\n\t\t\t\t<\/div>\n\t\t\t\t<\/div>\n\t\t\t\t<div class=\"elementor-element elementor-element-60902ea elementor-widget elementor-widget-html\" data-id=\"60902ea\" data-element_type=\"widget\" data-e-type=\"widget\" data-widget_type=\"html.default\">\n\t\t\t\t<div class=\"elementor-widget-container\">\n\t\t\t\t\t<iframe width=\"100%\" height=\"315\" src=\"https:\/\/www.youtube-nocookie.com\/embed\/psrAoOILmP4?rel=0\" title=\"YouTube video player\" frameborder=\"0\" allow=\"accelerometer; autoplay; clipboard-write; encrypted-media; gyroscope; picture-in-picture; web-share\" allowfullscreen><\/iframe>\n\t\t\t\t<\/div>\n\t\t\t\t<\/div>\n\t\t\t\t\t<\/div>\n\t\t<\/div>\n\t\t\t\t\t<\/div>\n\t\t<\/section>\n\t\t\t\t<\/div>\n\t\t\t\t\t\t<\/div>\n\t\t\t\t<\/div>\n\t\t\t\t\t<\/div>\n\t\t<\/div>\n\t\t\t\t\t<\/div>\n\t\t<\/section>\n\t\t\t\t<\/div>\n\t\t","protected":false},"excerpt":{"rendered":"<p>L&rsquo;Emptier est con\u00e7u pour faciliter le vidage de la capsule usag\u00e9e apr\u00e8s la pr\u00e9paration du caf\u00e9. Nous l&rsquo;avons r\u00e9alis\u00e9 en combinaison avec un r\u00e9cipient Show Plate tr\u00e8s pratique qui recueillera le marc de caf\u00e9.<\/p>\n<p><strong>\u00a0<\/strong><\/p>\n","protected":false},"featured_media":14180,"template":"","meta":[],"product_brand":[],"product_cat":[121],"product_tag":[125,180,128,129,131,132,127,130,126,135],"class_list":{"0":"post-14168","1":"product","2":"type-product","3":"status-publish","4":"has-post-thumbnail","6":"product_cat-accessoires-capfito-fr","7":"product_tag-capfito-fr","8":"product_tag-capsule-vide","9":"product_tag-capsules-de-cafe","10":"product_tag-capsules-de-cafe-nespresso","11":"product_tag-capsules-de-cafe-rechargeables","12":"product_tag-capsules-nespresso","13":"product_tag-capsules-nespresso-reutilisables","14":"product_tag-capsules-rechargeables","15":"product_tag-capsules-reutilisables","16":"product_tag-emptifier","18":"first","19":"instock","20":"shipping-taxable","21":"purchasable","22":"product-type-variable"},"yoast_head":"<!-- This site is optimized with the Yoast SEO plugin v27.2 - https:\/\/yoast.com\/product\/yoast-seo-wordpress\/ -->\n<title>SVUOTATOR Capfito Capsule - Capfito - Capsule Nespresso ricaricabili<\/title>\n<meta name=\"description\" content=\"SVUOTATOR container Capfito capsules Nespresso r\u00e9utilisables\" \/>\n<meta name=\"robots\" content=\"index, follow, max-snippet:-1, max-image-preview:large, max-video-preview:-1\" \/>\n<link rel=\"canonical\" href=\"https:\/\/www.capfito.com\/fr\/prodotto\/svuotator-container-capsules-nespresso-reutilisables\/\" \/>\n<meta property=\"og:locale\" content=\"fr_FR\" \/>\n<meta property=\"og:type\" content=\"article\" \/>\n<meta property=\"og:title\" content=\"SVUOTATOR Capfito Capsule - Capfito - Capsule Nespresso ricaricabili\" \/>\n<meta property=\"og:description\" content=\"SVUOTATOR container Capfito capsules Nespresso r\u00e9utilisables\" \/>\n<meta property=\"og:url\" content=\"https:\/\/www.capfito.com\/fr\/prodotto\/svuotator-container-capsules-nespresso-reutilisables\/\" \/>\n<meta property=\"og:site_name\" content=\"Capfito - Capsule Nespresso ricaricabili\" \/>\n<meta property=\"article:modified_time\" content=\"2026-03-02T18:08:09+00:00\" \/>\n<meta property=\"og:image\" content=\"https:\/\/www.capfito.com\/wp-content\/uploads\/2025\/04\/Svuotatore-capsule-riutilizzabili-nespresso-01.jpg\" \/>\n\t<meta property=\"og:image:width\" content=\"2203\" \/>\n\t<meta property=\"og:image:height\" content=\"2203\" \/>\n\t<meta property=\"og:image:type\" content=\"image\/jpeg\" \/>\n<meta name=\"twitter:card\" content=\"summary_large_image\" \/>\n<meta name=\"twitter:label1\" content=\"Dur\u00e9e de lecture estim\u00e9e\" \/>\n\t<meta name=\"twitter:data1\" content=\"1 minute\" \/>\n<script type=\"application\/ld+json\" class=\"yoast-schema-graph\">{\"@context\":\"https:\/\/schema.org\",\"@graph\":[{\"@type\":\"WebPage\",\"@id\":\"https:\/\/www.capfito.com\/fr\/prodotto\/svuotator-container-capsules-nespresso-reutilisables\/\",\"url\":\"https:\/\/www.capfito.com\/fr\/prodotto\/svuotator-container-capsules-nespresso-reutilisables\/\",\"name\":\"SVUOTATOR Capfito Capsule - Capfito - Capsule Nespresso ricaricabili\",\"isPartOf\":{\"@id\":\"https:\/\/www.capfito.com\/fr\/#website\"},\"primaryImageOfPage\":{\"@id\":\"https:\/\/www.capfito.com\/fr\/prodotto\/svuotator-container-capsules-nespresso-reutilisables\/#primaryimage\"},\"image\":{\"@id\":\"https:\/\/www.capfito.com\/fr\/prodotto\/svuotator-container-capsules-nespresso-reutilisables\/#primaryimage\"},\"thumbnailUrl\":\"https:\/\/www.capfito.com\/wp-content\/uploads\/2025\/04\/Svuotatore-capsule-riutilizzabili-nespresso-01.jpg\",\"datePublished\":\"2025-04-08T09:59:45+00:00\",\"dateModified\":\"2026-03-02T18:08:09+00:00\",\"description\":\"SVUOTATOR container Capfito capsules Nespresso r\u00e9utilisables\",\"breadcrumb\":{\"@id\":\"https:\/\/www.capfito.com\/fr\/prodotto\/svuotator-container-capsules-nespresso-reutilisables\/#breadcrumb\"},\"inLanguage\":\"fr-FR\",\"potentialAction\":[{\"@type\":\"ReadAction\",\"target\":[\"https:\/\/www.capfito.com\/fr\/prodotto\/svuotator-container-capsules-nespresso-reutilisables\/\"]}]},{\"@type\":\"ImageObject\",\"inLanguage\":\"fr-FR\",\"@id\":\"https:\/\/www.capfito.com\/fr\/prodotto\/svuotator-container-capsules-nespresso-reutilisables\/#primaryimage\",\"url\":\"https:\/\/www.capfito.com\/wp-content\/uploads\/2025\/04\/Svuotatore-capsule-riutilizzabili-nespresso-01.jpg\",\"contentUrl\":\"https:\/\/www.capfito.com\/wp-content\/uploads\/2025\/04\/Svuotatore-capsule-riutilizzabili-nespresso-01.jpg\",\"width\":2203,\"height\":2203},{\"@type\":\"BreadcrumbList\",\"@id\":\"https:\/\/www.capfito.com\/fr\/prodotto\/svuotator-container-capsules-nespresso-reutilisables\/#breadcrumb\",\"itemListElement\":[{\"@type\":\"ListItem\",\"position\":1,\"name\":\"Boutique Capfito\",\"item\":\"https:\/\/www.capfito.com\/fr\/boutique\/\"},{\"@type\":\"ListItem\",\"position\":2,\"name\":\"SVUOTATOR Capfito Capsule\"}]},{\"@type\":\"WebSite\",\"@id\":\"https:\/\/www.capfito.com\/fr\/#website\",\"url\":\"https:\/\/www.capfito.com\/fr\/\",\"name\":\"Capfito - Capsule Nespresso ricaricabili\",\"description\":\"Capsule riutilizzabili nespresso compatibili ecologiche\",\"publisher\":{\"@id\":\"https:\/\/www.capfito.com\/fr\/#organization\"},\"potentialAction\":[{\"@type\":\"SearchAction\",\"target\":{\"@type\":\"EntryPoint\",\"urlTemplate\":\"https:\/\/www.capfito.com\/fr\/?s={search_term_string}\"},\"query-input\":{\"@type\":\"PropertyValueSpecification\",\"valueRequired\":true,\"valueName\":\"search_term_string\"}}],\"inLanguage\":\"fr-FR\"},{\"@type\":\"Organization\",\"@id\":\"https:\/\/www.capfito.com\/fr\/#organization\",\"name\":\"Capfito - Capsule Nespresso ricaricabili\",\"url\":\"https:\/\/www.capfito.com\/fr\/\",\"logo\":{\"@type\":\"ImageObject\",\"inLanguage\":\"fr-FR\",\"@id\":\"https:\/\/www.capfito.com\/fr\/#\/schema\/logo\/image\/\",\"url\":\"https:\/\/www.capfito.com\/wp-content\/uploads\/2023\/02\/Logo_CAPFITO_pagamenti.jpg\",\"contentUrl\":\"https:\/\/www.capfito.com\/wp-content\/uploads\/2023\/02\/Logo_CAPFITO_pagamenti.jpg\",\"width\":570,\"height\":220,\"caption\":\"Capfito - Capsule Nespresso ricaricabili\"},\"image\":{\"@id\":\"https:\/\/www.capfito.com\/fr\/#\/schema\/logo\/image\/\"}}]}<\/script>\n<!-- \/ Yoast SEO plugin. -->","yoast_head_json":{"title":"SVUOTATOR Capfito Capsule - Capfito - Capsule Nespresso ricaricabili","description":"SVUOTATOR container Capfito capsules Nespresso r\u00e9utilisables","robots":{"index":"index","follow":"follow","max-snippet":"max-snippet:-1","max-image-preview":"max-image-preview:large","max-video-preview":"max-video-preview:-1"},"canonical":"https:\/\/www.capfito.com\/fr\/prodotto\/svuotator-container-capsules-nespresso-reutilisables\/","og_locale":"fr_FR","og_type":"article","og_title":"SVUOTATOR Capfito Capsule - Capfito - Capsule Nespresso ricaricabili","og_description":"SVUOTATOR container Capfito capsules Nespresso r\u00e9utilisables","og_url":"https:\/\/www.capfito.com\/fr\/prodotto\/svuotator-container-capsules-nespresso-reutilisables\/","og_site_name":"Capfito - Capsule Nespresso ricaricabili","article_modified_time":"2026-03-02T18:08:09+00:00","og_image":[{"width":2203,"height":2203,"url":"https:\/\/www.capfito.com\/wp-content\/uploads\/2025\/04\/Svuotatore-capsule-riutilizzabili-nespresso-01.jpg","type":"image\/jpeg"}],"twitter_card":"summary_large_image","twitter_misc":{"Dur\u00e9e de lecture estim\u00e9e":"1 minute"},"schema":{"@context":"https:\/\/schema.org","@graph":[{"@type":"WebPage","@id":"https:\/\/www.capfito.com\/fr\/prodotto\/svuotator-container-capsules-nespresso-reutilisables\/","url":"https:\/\/www.capfito.com\/fr\/prodotto\/svuotator-container-capsules-nespresso-reutilisables\/","name":"SVUOTATOR Capfito Capsule - Capfito - Capsule Nespresso ricaricabili","isPartOf":{"@id":"https:\/\/www.capfito.com\/fr\/#website"},"primaryImageOfPage":{"@id":"https:\/\/www.capfito.com\/fr\/prodotto\/svuotator-container-capsules-nespresso-reutilisables\/#primaryimage"},"image":{"@id":"https:\/\/www.capfito.com\/fr\/prodotto\/svuotator-container-capsules-nespresso-reutilisables\/#primaryimage"},"thumbnailUrl":"https:\/\/www.capfito.com\/wp-content\/uploads\/2025\/04\/Svuotatore-capsule-riutilizzabili-nespresso-01.jpg","datePublished":"2025-04-08T09:59:45+00:00","dateModified":"2026-03-02T18:08:09+00:00","description":"SVUOTATOR container Capfito capsules Nespresso r\u00e9utilisables","breadcrumb":{"@id":"https:\/\/www.capfito.com\/fr\/prodotto\/svuotator-container-capsules-nespresso-reutilisables\/#breadcrumb"},"inLanguage":"fr-FR","potentialAction":[{"@type":"ReadAction","target":["https:\/\/www.capfito.com\/fr\/prodotto\/svuotator-container-capsules-nespresso-reutilisables\/"]}]},{"@type":"ImageObject","inLanguage":"fr-FR","@id":"https:\/\/www.capfito.com\/fr\/prodotto\/svuotator-container-capsules-nespresso-reutilisables\/#primaryimage","url":"https:\/\/www.capfito.com\/wp-content\/uploads\/2025\/04\/Svuotatore-capsule-riutilizzabili-nespresso-01.jpg","contentUrl":"https:\/\/www.capfito.com\/wp-content\/uploads\/2025\/04\/Svuotatore-capsule-riutilizzabili-nespresso-01.jpg","width":2203,"height":2203},{"@type":"BreadcrumbList","@id":"https:\/\/www.capfito.com\/fr\/prodotto\/svuotator-container-capsules-nespresso-reutilisables\/#breadcrumb","itemListElement":[{"@type":"ListItem","position":1,"name":"Boutique Capfito","item":"https:\/\/www.capfito.com\/fr\/boutique\/"},{"@type":"ListItem","position":2,"name":"SVUOTATOR Capfito Capsule"}]},{"@type":"WebSite","@id":"https:\/\/www.capfito.com\/fr\/#website","url":"https:\/\/www.capfito.com\/fr\/","name":"Capfito - Capsule Nespresso ricaricabili","description":"Capsule riutilizzabili nespresso compatibili ecologiche","publisher":{"@id":"https:\/\/www.capfito.com\/fr\/#organization"},"potentialAction":[{"@type":"SearchAction","target":{"@type":"EntryPoint","urlTemplate":"https:\/\/www.capfito.com\/fr\/?s={search_term_string}"},"query-input":{"@type":"PropertyValueSpecification","valueRequired":true,"valueName":"search_term_string"}}],"inLanguage":"fr-FR"},{"@type":"Organization","@id":"https:\/\/www.capfito.com\/fr\/#organization","name":"Capfito - Capsule Nespresso ricaricabili","url":"https:\/\/www.capfito.com\/fr\/","logo":{"@type":"ImageObject","inLanguage":"fr-FR","@id":"https:\/\/www.capfito.com\/fr\/#\/schema\/logo\/image\/","url":"https:\/\/www.capfito.com\/wp-content\/uploads\/2023\/02\/Logo_CAPFITO_pagamenti.jpg","contentUrl":"https:\/\/www.capfito.com\/wp-content\/uploads\/2023\/02\/Logo_CAPFITO_pagamenti.jpg","width":570,"height":220,"caption":"Capfito - Capsule Nespresso ricaricabili"},"image":{"@id":"https:\/\/www.capfito.com\/fr\/#\/schema\/logo\/image\/"}}]}},"_links":{"self":[{"href":"https:\/\/www.capfito.com\/fr\/wp-json\/wp\/v2\/product\/14168","targetHints":{"allow":["GET"]}}],"collection":[{"href":"https:\/\/www.capfito.com\/fr\/wp-json\/wp\/v2\/product"}],"about":[{"href":"https:\/\/www.capfito.com\/fr\/wp-json\/wp\/v2\/types\/product"}],"version-history":[{"count":2,"href":"https:\/\/www.capfito.com\/fr\/wp-json\/wp\/v2\/product\/14168\/revisions"}],"predecessor-version":[{"id":14194,"href":"https:\/\/www.capfito.com\/fr\/wp-json\/wp\/v2\/product\/14168\/revisions\/14194"}],"wp:featuredmedia":[{"embeddable":true,"href":"https:\/\/www.capfito.com\/fr\/wp-json\/wp\/v2\/media\/14180"}],"wp:attachment":[{"href":"https:\/\/www.capfito.com\/fr\/wp-json\/wp\/v2\/media?parent=14168"}],"wp:term":[{"taxonomy":"product_brand","embeddable":true,"href":"https:\/\/www.capfito.com\/fr\/wp-json\/wp\/v2\/product_brand?post=14168"},{"taxonomy":"product_cat","embeddable":true,"href":"https:\/\/www.capfito.com\/fr\/wp-json\/wp\/v2\/product_cat?post=14168"},{"taxonomy":"product_tag","embeddable":true,"href":"https:\/\/www.capfito.com\/fr\/wp-json\/wp\/v2\/product_tag?post=14168"}],"curies":[{"name":"wp","href":"https:\/\/api.w.org\/{rel}","templated":true}]}}