{"id":14135,"date":"2025-04-03T11:12:28","date_gmt":"2025-04-03T09:12:28","guid":{"rendered":"https:\/\/www.capfito.com\/?post_type=product&#038;p=14135"},"modified":"2026-04-02T17:04:38","modified_gmt":"2026-04-02T15:04:38","slug":"feuilles-daluminium-mat-capsules-reutilisables-nespresso","status":"publish","type":"product","link":"https:\/\/www.capfito.com\/fr\/prodotto\/feuilles-daluminium-mat-capsules-reutilisables-nespresso\/","title":{"rendered":"FEUILLES D&rsquo;ALUMINIUM MAT"},"content":{"rendered":"\t\t<div data-elementor-type=\"wp-post\" data-elementor-id=\"14135\" class=\"elementor elementor-14135 elementor-14133\">\n\t\t\t\t\t\t<section class=\"elementor-section elementor-top-section elementor-element elementor-element-5d19a6b elementor-section-boxed elementor-section-height-default elementor-section-height-default\" data-id=\"5d19a6b\" data-element_type=\"section\" data-e-type=\"section\">\n\t\t\t\t\t\t<div class=\"elementor-container elementor-column-gap-default\">\n\t\t\t\t\t<div class=\"elementor-column elementor-col-100 elementor-top-column elementor-element elementor-element-36847ab\" data-id=\"36847ab\" data-element_type=\"column\" data-e-type=\"column\">\n\t\t\t<div class=\"elementor-widget-wrap elementor-element-populated\">\n\t\t\t\t\t\t<div class=\"elementor-element elementor-element-ea189cf elementor-widget elementor-widget-html\" data-id=\"ea189cf\" data-element_type=\"widget\" data-e-type=\"widget\" data-widget_type=\"html.default\">\n\t\t\t\t<div class=\"elementor-widget-container\">\n\t\t\t\t\t\t\t\t<link rel=\"stylesheet\" id=\"elementor-post-10855-css\" href=\"https:\/\/www.capfito.com\/wp-content\/uploads\/elementor\/css\/post-10855.css?ver=1775762446\" type=\"text\/css\" media=\"all\">\n\t\t\t\t\t<div data-elementor-type=\"wp-post\" data-elementor-id=\"10855\" class=\"elementor elementor-10855 elementor-10289 elementor-10289\">\n\t\t\t\t\t\t<section class=\"elementor-section elementor-top-section elementor-element elementor-element-7fa0583 elementor-section-content-top elementor-section-boxed elementor-section-height-default elementor-section-height-default\" data-id=\"7fa0583\" data-element_type=\"section\" data-e-type=\"section\">\n\t\t\t\t\t\t<div class=\"elementor-container elementor-column-gap-default\">\n\t\t\t\t\t<div class=\"elementor-column elementor-col-50 elementor-top-column elementor-element elementor-element-2e923df7\" data-id=\"2e923df7\" data-element_type=\"column\" data-e-type=\"column\">\n\t\t\t<div class=\"elementor-widget-wrap elementor-element-populated\">\n\t\t\t\t\t\t<div class=\"elementor-element elementor-element-8e84e16 elementor-widget elementor-widget-wd_text_block\" data-id=\"8e84e16\" data-element_type=\"widget\" data-e-type=\"widget\" data-widget_type=\"wd_text_block.default\">\n\t\t\t\t<div class=\"elementor-widget-container\">\n\t\t\t\t\t\t\t<div class=\"wd-text-block reset-last-child text-left\">\n\t\t\t\n\t\t\t<p><strong> Compos\u00e9 :<\/strong><\/p><ul><li>1 Paquet Feuilles d'aluminium\u00a0<\/li><\/ul><p><strong>Donn\u00e9es techniques :<\/strong><\/p><p>Poids: 19gr - Dimensions : D 45mm x H 5mm\u00a0<\/p><p>Mat\u00e9riau : Aluminium fin 20 my imprim\u00e9 et laqu\u00e9 pour l'emballage des produits 01.01 et 8.14 (Caf\u00e9)<\/p><p>Le mat\u00e9riau est conforme au contact alimentaire dans les conditions suivantes : <br \/>Temp\u00e9rature : 20\u00b0C \u00e0 30\u00b0C - Temps : contact prolong\u00e9 Temp\u00e9rature 100\u00b0C - Temps : 2minutes<\/p><p>\u00a0<\/p><p>Bo\u00eete 50mm x 70mm x 5mm - Poids 19gr<\/p>\n\t\t\t\t\t<\/div>\n\t\t\t\t\t\t<\/div>\n\t\t\t\t<\/div>\n\t\t\t\t\t<\/div>\n\t\t<\/div>\n\t\t\t\t<div class=\"elementor-column elementor-col-50 elementor-top-column elementor-element elementor-element-78fd86a6\" data-id=\"78fd86a6\" data-element_type=\"column\" data-e-type=\"column\">\n\t\t\t<div class=\"elementor-widget-wrap elementor-element-populated\">\n\t\t\t\t\t\t<div class=\"elementor-element elementor-element-e81ad55 elementor-widget elementor-widget-html\" data-id=\"e81ad55\" data-element_type=\"widget\" data-e-type=\"widget\" data-widget_type=\"html.default\">\n\t\t\t\t<div class=\"elementor-widget-container\">\n\t\t\t\t\t<iframe width=\"100%\" height=\"315\" src=\"https:\/\/www.youtube-nocookie.com\/embed\/SPsekhliWZ8?rel=0\" title=\"YouTube video player\" frameborder=\"0\" allow=\"accelerometer; autoplay; clipboard-write; encrypted-media; gyroscope; picture-in-picture; web-share\" allowfullscreen><\/iframe>\n\t\t\t\t<\/div>\n\t\t\t\t<\/div>\n\t\t\t\t<div class=\"elementor-element elementor-element-0fc6334 elementor-widget elementor-widget-html\" data-id=\"0fc6334\" data-element_type=\"widget\" data-e-type=\"widget\" data-widget_type=\"html.default\">\n\t\t\t\t<div class=\"elementor-widget-container\">\n\t\t\t\t\t<iframe width=\"100%\" height=\"315\" src=\"https:\/\/www.youtube-nocookie.com\/embed\/psrAoOILmP4?rel=0\" title=\"YouTube video player\" frameborder=\"0\" allow=\"accelerometer; autoplay; clipboard-write; encrypted-media; gyroscope; picture-in-picture; web-share\" allowfullscreen><\/iframe>\n\t\t\t\t<\/div>\n\t\t\t\t<\/div>\n\t\t\t\t\t<\/div>\n\t\t<\/div>\n\t\t\t\t\t<\/div>\n\t\t<\/section>\n\t\t\t\t<\/div>\n\t\t\t\t\t\t<\/div>\n\t\t\t\t<\/div>\n\t\t\t\t\t<\/div>\n\t\t<\/div>\n\t\t\t\t\t<\/div>\n\t\t<\/section>\n\t\t\t\t<\/div>\n\t\t","protected":false},"excerpt":{"rendered":"<h2>Feuilles d&rsquo;aluminium pour la fermeture des capsules pour Nespresso Original r\u00e9utilisables<\/h2>\n<p><span style=\"font-family: Arial, sans-serif;\">Les feuilles d&rsquo;aluminium Capfito, produites par des entreprises pi\u00e9montaises certifi\u00e9es pour un usage alimentaire, sont utilis\u00e9es pour sceller les capsules de caf\u00e9. L&rsquo;aluminium, r\u00e9sistant, durable, l\u00e9ger et flexible, garantit une fermeture de protection qui r\u00e9siste aux temp\u00e9ratures \u00e9lev\u00e9es (90\u00b0C) et aux pressions des machines \u00e0 caf\u00e9 (sup\u00e9rieures \u00e0 18 bars). Il est facile de retirer la feuille apr\u00e8s utilisation, car elle ne contient aucune colle. De plus, l\u2019aluminium est respectueux de l\u2019environnement, car il est hautement recyclable et ne lib\u00e8re pas de substances nocives lors de la production ou du recyclage, ce qui rend cette solution durable et respectueuse de l\u2019environnement.<\/span><\/p>\n<p><strong>\u00a0<\/strong><\/p>\n","protected":false},"featured_media":10101,"template":"","meta":[],"product_brand":[],"product_cat":[123],"product_tag":[125,128,129,131,132,127,130,126],"class_list":{"0":"post-14135","1":"product","2":"type-product","3":"status-publish","4":"has-post-thumbnail","6":"product_cat-kit-capfito-fr","7":"product_tag-capfito-fr","8":"product_tag-capsules-de-cafe","9":"product_tag-capsules-de-cafe-nespresso","10":"product_tag-capsules-de-cafe-rechargeables","11":"product_tag-capsules-nespresso","12":"product_tag-capsules-nespresso-reutilisables","13":"product_tag-capsules-rechargeables","14":"product_tag-capsules-reutilisables","16":"first","17":"instock","18":"shipping-taxable","19":"purchasable","20":"product-type-variable"},"yoast_head":"<!-- This site is optimized with the Yoast SEO plugin v27.2 - https:\/\/yoast.com\/product\/yoast-seo-wordpress\/ -->\n<title>FEUILLES D&#039;ALUMINIUM MAT - Capfito - Capsule Nespresso ricaricabili<\/title>\n<meta name=\"description\" content=\"Feuille d&#039;aluminium mat pour capsules r\u00e9utilisables originales Nespresso\" \/>\n<meta name=\"robots\" content=\"index, follow, max-snippet:-1, max-image-preview:large, max-video-preview:-1\" \/>\n<link rel=\"canonical\" href=\"https:\/\/www.capfito.com\/fr\/prodotto\/feuilles-daluminium-mat-capsules-reutilisables-nespresso\/\" \/>\n<meta property=\"og:locale\" content=\"fr_FR\" \/>\n<meta property=\"og:type\" content=\"article\" \/>\n<meta property=\"og:title\" content=\"FEUILLES D&#039;ALUMINIUM MAT - Capfito - Capsule Nespresso ricaricabili\" \/>\n<meta property=\"og:description\" content=\"Feuille d&#039;aluminium mat pour capsules r\u00e9utilisables originales Nespresso\" \/>\n<meta property=\"og:url\" content=\"https:\/\/www.capfito.com\/fr\/prodotto\/feuilles-daluminium-mat-capsules-reutilisables-nespresso\/\" \/>\n<meta property=\"og:site_name\" content=\"Capfito - Capsule Nespresso ricaricabili\" \/>\n<meta property=\"article:modified_time\" content=\"2026-04-02T15:04:38+00:00\" \/>\n<meta property=\"og:image\" content=\"https:\/\/www.capfito.com\/wp-content\/uploads\/2023\/01\/shop_capsule_riutilizzabili_foglie_alluminio.jpg\" \/>\n\t<meta property=\"og:image:width\" content=\"1703\" \/>\n\t<meta property=\"og:image:height\" content=\"1702\" \/>\n\t<meta property=\"og:image:type\" content=\"image\/jpeg\" \/>\n<meta name=\"twitter:card\" content=\"summary_large_image\" \/>\n<meta name=\"twitter:label1\" content=\"Dur\u00e9e de lecture estim\u00e9e\" \/>\n\t<meta name=\"twitter:data1\" content=\"1 minute\" \/>\n<script type=\"application\/ld+json\" class=\"yoast-schema-graph\">{\"@context\":\"https:\/\/schema.org\",\"@graph\":[{\"@type\":\"WebPage\",\"@id\":\"https:\/\/www.capfito.com\/fr\/prodotto\/feuilles-daluminium-mat-capsules-reutilisables-nespresso\/\",\"url\":\"https:\/\/www.capfito.com\/fr\/prodotto\/feuilles-daluminium-mat-capsules-reutilisables-nespresso\/\",\"name\":\"FEUILLES D'ALUMINIUM MAT - Capfito - Capsule Nespresso ricaricabili\",\"isPartOf\":{\"@id\":\"https:\/\/www.capfito.com\/fr\/#website\"},\"primaryImageOfPage\":{\"@id\":\"https:\/\/www.capfito.com\/fr\/prodotto\/feuilles-daluminium-mat-capsules-reutilisables-nespresso\/#primaryimage\"},\"image\":{\"@id\":\"https:\/\/www.capfito.com\/fr\/prodotto\/feuilles-daluminium-mat-capsules-reutilisables-nespresso\/#primaryimage\"},\"thumbnailUrl\":\"https:\/\/www.capfito.com\/wp-content\/uploads\/2023\/01\/shop_capsule_riutilizzabili_foglie_alluminio.jpg\",\"datePublished\":\"2025-04-03T09:12:28+00:00\",\"dateModified\":\"2026-04-02T15:04:38+00:00\",\"description\":\"Feuille d'aluminium mat pour capsules r\u00e9utilisables originales Nespresso\",\"breadcrumb\":{\"@id\":\"https:\/\/www.capfito.com\/fr\/prodotto\/feuilles-daluminium-mat-capsules-reutilisables-nespresso\/#breadcrumb\"},\"inLanguage\":\"fr-FR\",\"potentialAction\":[{\"@type\":\"ReadAction\",\"target\":[\"https:\/\/www.capfito.com\/fr\/prodotto\/feuilles-daluminium-mat-capsules-reutilisables-nespresso\/\"]}]},{\"@type\":\"ImageObject\",\"inLanguage\":\"fr-FR\",\"@id\":\"https:\/\/www.capfito.com\/fr\/prodotto\/feuilles-daluminium-mat-capsules-reutilisables-nespresso\/#primaryimage\",\"url\":\"https:\/\/www.capfito.com\/wp-content\/uploads\/2023\/01\/shop_capsule_riutilizzabili_foglie_alluminio.jpg\",\"contentUrl\":\"https:\/\/www.capfito.com\/wp-content\/uploads\/2023\/01\/shop_capsule_riutilizzabili_foglie_alluminio.jpg\",\"width\":1703,\"height\":1702,\"caption\":\"capsule_riutilizzabili\"},{\"@type\":\"BreadcrumbList\",\"@id\":\"https:\/\/www.capfito.com\/fr\/prodotto\/feuilles-daluminium-mat-capsules-reutilisables-nespresso\/#breadcrumb\",\"itemListElement\":[{\"@type\":\"ListItem\",\"position\":1,\"name\":\"Boutique Capfito\",\"item\":\"https:\/\/www.capfito.com\/fr\/boutique\/\"},{\"@type\":\"ListItem\",\"position\":2,\"name\":\"FEUILLES D&#8217;ALUMINIUM MAT\"}]},{\"@type\":\"WebSite\",\"@id\":\"https:\/\/www.capfito.com\/fr\/#website\",\"url\":\"https:\/\/www.capfito.com\/fr\/\",\"name\":\"Capfito - Capsule Nespresso ricaricabili\",\"description\":\"Capsule riutilizzabili nespresso compatibili ecologiche\",\"publisher\":{\"@id\":\"https:\/\/www.capfito.com\/fr\/#organization\"},\"potentialAction\":[{\"@type\":\"SearchAction\",\"target\":{\"@type\":\"EntryPoint\",\"urlTemplate\":\"https:\/\/www.capfito.com\/fr\/?s={search_term_string}\"},\"query-input\":{\"@type\":\"PropertyValueSpecification\",\"valueRequired\":true,\"valueName\":\"search_term_string\"}}],\"inLanguage\":\"fr-FR\"},{\"@type\":\"Organization\",\"@id\":\"https:\/\/www.capfito.com\/fr\/#organization\",\"name\":\"Capfito - Capsule Nespresso ricaricabili\",\"url\":\"https:\/\/www.capfito.com\/fr\/\",\"logo\":{\"@type\":\"ImageObject\",\"inLanguage\":\"fr-FR\",\"@id\":\"https:\/\/www.capfito.com\/fr\/#\/schema\/logo\/image\/\",\"url\":\"https:\/\/www.capfito.com\/wp-content\/uploads\/2023\/02\/Logo_CAPFITO_pagamenti.jpg\",\"contentUrl\":\"https:\/\/www.capfito.com\/wp-content\/uploads\/2023\/02\/Logo_CAPFITO_pagamenti.jpg\",\"width\":570,\"height\":220,\"caption\":\"Capfito - Capsule Nespresso ricaricabili\"},\"image\":{\"@id\":\"https:\/\/www.capfito.com\/fr\/#\/schema\/logo\/image\/\"}}]}<\/script>\n<!-- \/ Yoast SEO plugin. -->","yoast_head_json":{"title":"FEUILLES D'ALUMINIUM MAT - Capfito - Capsule Nespresso ricaricabili","description":"Feuille d'aluminium mat pour capsules r\u00e9utilisables originales Nespresso","robots":{"index":"index","follow":"follow","max-snippet":"max-snippet:-1","max-image-preview":"max-image-preview:large","max-video-preview":"max-video-preview:-1"},"canonical":"https:\/\/www.capfito.com\/fr\/prodotto\/feuilles-daluminium-mat-capsules-reutilisables-nespresso\/","og_locale":"fr_FR","og_type":"article","og_title":"FEUILLES D'ALUMINIUM MAT - Capfito - Capsule Nespresso ricaricabili","og_description":"Feuille d'aluminium mat pour capsules r\u00e9utilisables originales Nespresso","og_url":"https:\/\/www.capfito.com\/fr\/prodotto\/feuilles-daluminium-mat-capsules-reutilisables-nespresso\/","og_site_name":"Capfito - Capsule Nespresso ricaricabili","article_modified_time":"2026-04-02T15:04:38+00:00","og_image":[{"width":1703,"height":1702,"url":"https:\/\/www.capfito.com\/wp-content\/uploads\/2023\/01\/shop_capsule_riutilizzabili_foglie_alluminio.jpg","type":"image\/jpeg"}],"twitter_card":"summary_large_image","twitter_misc":{"Dur\u00e9e de lecture estim\u00e9e":"1 minute"},"schema":{"@context":"https:\/\/schema.org","@graph":[{"@type":"WebPage","@id":"https:\/\/www.capfito.com\/fr\/prodotto\/feuilles-daluminium-mat-capsules-reutilisables-nespresso\/","url":"https:\/\/www.capfito.com\/fr\/prodotto\/feuilles-daluminium-mat-capsules-reutilisables-nespresso\/","name":"FEUILLES D'ALUMINIUM MAT - Capfito - Capsule Nespresso ricaricabili","isPartOf":{"@id":"https:\/\/www.capfito.com\/fr\/#website"},"primaryImageOfPage":{"@id":"https:\/\/www.capfito.com\/fr\/prodotto\/feuilles-daluminium-mat-capsules-reutilisables-nespresso\/#primaryimage"},"image":{"@id":"https:\/\/www.capfito.com\/fr\/prodotto\/feuilles-daluminium-mat-capsules-reutilisables-nespresso\/#primaryimage"},"thumbnailUrl":"https:\/\/www.capfito.com\/wp-content\/uploads\/2023\/01\/shop_capsule_riutilizzabili_foglie_alluminio.jpg","datePublished":"2025-04-03T09:12:28+00:00","dateModified":"2026-04-02T15:04:38+00:00","description":"Feuille d'aluminium mat pour capsules r\u00e9utilisables originales Nespresso","breadcrumb":{"@id":"https:\/\/www.capfito.com\/fr\/prodotto\/feuilles-daluminium-mat-capsules-reutilisables-nespresso\/#breadcrumb"},"inLanguage":"fr-FR","potentialAction":[{"@type":"ReadAction","target":["https:\/\/www.capfito.com\/fr\/prodotto\/feuilles-daluminium-mat-capsules-reutilisables-nespresso\/"]}]},{"@type":"ImageObject","inLanguage":"fr-FR","@id":"https:\/\/www.capfito.com\/fr\/prodotto\/feuilles-daluminium-mat-capsules-reutilisables-nespresso\/#primaryimage","url":"https:\/\/www.capfito.com\/wp-content\/uploads\/2023\/01\/shop_capsule_riutilizzabili_foglie_alluminio.jpg","contentUrl":"https:\/\/www.capfito.com\/wp-content\/uploads\/2023\/01\/shop_capsule_riutilizzabili_foglie_alluminio.jpg","width":1703,"height":1702,"caption":"capsule_riutilizzabili"},{"@type":"BreadcrumbList","@id":"https:\/\/www.capfito.com\/fr\/prodotto\/feuilles-daluminium-mat-capsules-reutilisables-nespresso\/#breadcrumb","itemListElement":[{"@type":"ListItem","position":1,"name":"Boutique Capfito","item":"https:\/\/www.capfito.com\/fr\/boutique\/"},{"@type":"ListItem","position":2,"name":"FEUILLES D&#8217;ALUMINIUM MAT"}]},{"@type":"WebSite","@id":"https:\/\/www.capfito.com\/fr\/#website","url":"https:\/\/www.capfito.com\/fr\/","name":"Capfito - Capsule Nespresso ricaricabili","description":"Capsule riutilizzabili nespresso compatibili ecologiche","publisher":{"@id":"https:\/\/www.capfito.com\/fr\/#organization"},"potentialAction":[{"@type":"SearchAction","target":{"@type":"EntryPoint","urlTemplate":"https:\/\/www.capfito.com\/fr\/?s={search_term_string}"},"query-input":{"@type":"PropertyValueSpecification","valueRequired":true,"valueName":"search_term_string"}}],"inLanguage":"fr-FR"},{"@type":"Organization","@id":"https:\/\/www.capfito.com\/fr\/#organization","name":"Capfito - Capsule Nespresso ricaricabili","url":"https:\/\/www.capfito.com\/fr\/","logo":{"@type":"ImageObject","inLanguage":"fr-FR","@id":"https:\/\/www.capfito.com\/fr\/#\/schema\/logo\/image\/","url":"https:\/\/www.capfito.com\/wp-content\/uploads\/2023\/02\/Logo_CAPFITO_pagamenti.jpg","contentUrl":"https:\/\/www.capfito.com\/wp-content\/uploads\/2023\/02\/Logo_CAPFITO_pagamenti.jpg","width":570,"height":220,"caption":"Capfito - Capsule Nespresso ricaricabili"},"image":{"@id":"https:\/\/www.capfito.com\/fr\/#\/schema\/logo\/image\/"}}]}},"_links":{"self":[{"href":"https:\/\/www.capfito.com\/fr\/wp-json\/wp\/v2\/product\/14135","targetHints":{"allow":["GET"]}}],"collection":[{"href":"https:\/\/www.capfito.com\/fr\/wp-json\/wp\/v2\/product"}],"about":[{"href":"https:\/\/www.capfito.com\/fr\/wp-json\/wp\/v2\/types\/product"}],"version-history":[{"count":2,"href":"https:\/\/www.capfito.com\/fr\/wp-json\/wp\/v2\/product\/14135\/revisions"}],"predecessor-version":[{"id":14162,"href":"https:\/\/www.capfito.com\/fr\/wp-json\/wp\/v2\/product\/14135\/revisions\/14162"}],"wp:featuredmedia":[{"embeddable":true,"href":"https:\/\/www.capfito.com\/fr\/wp-json\/wp\/v2\/media\/10101"}],"wp:attachment":[{"href":"https:\/\/www.capfito.com\/fr\/wp-json\/wp\/v2\/media?parent=14135"}],"wp:term":[{"taxonomy":"product_brand","embeddable":true,"href":"https:\/\/www.capfito.com\/fr\/wp-json\/wp\/v2\/product_brand?post=14135"},{"taxonomy":"product_cat","embeddable":true,"href":"https:\/\/www.capfito.com\/fr\/wp-json\/wp\/v2\/product_cat?post=14135"},{"taxonomy":"product_tag","embeddable":true,"href":"https:\/\/www.capfito.com\/fr\/wp-json\/wp\/v2\/product_tag?post=14135"}],"curies":[{"name":"wp","href":"https:\/\/api.w.org\/{rel}","templated":true}]}}