{"id":14044,"date":"2025-03-21T10:39:59","date_gmt":"2025-03-21T09:39:59","guid":{"rendered":"https:\/\/www.capfito.com\/?post_type=product&#038;p=14044"},"modified":"2025-05-18T09:59:43","modified_gmt":"2025-05-18T07:59:43","slug":"conteneur-3d-12-capsules-reutilisables-compatibles-nespresso","status":"publish","type":"product","link":"https:\/\/www.capfito.com\/fr\/prodotto\/conteneur-3d-12-capsules-reutilisables-compatibles-nespresso\/","title":{"rendered":"Conteneur 3d + 12 capsules r\u00e9utilisables compatibles Nespresso"},"content":{"rendered":"\t\t<div data-elementor-type=\"wp-post\" data-elementor-id=\"14044\" class=\"elementor elementor-14044 elementor-14042\">\n\t\t\t\t\t\t<section class=\"elementor-section elementor-top-section elementor-element elementor-element-5d19a6b elementor-section-boxed elementor-section-height-default elementor-section-height-default\" data-id=\"5d19a6b\" data-element_type=\"section\" data-e-type=\"section\">\n\t\t\t\t\t\t<div class=\"elementor-container elementor-column-gap-default\">\n\t\t\t\t\t<div class=\"elementor-column elementor-col-100 elementor-top-column elementor-element elementor-element-36847ab\" data-id=\"36847ab\" data-element_type=\"column\" data-e-type=\"column\">\n\t\t\t<div class=\"elementor-widget-wrap elementor-element-populated\">\n\t\t\t\t\t\t<div class=\"elementor-element elementor-element-ea189cf elementor-widget elementor-widget-html\" data-id=\"ea189cf\" data-element_type=\"widget\" data-e-type=\"widget\" data-widget_type=\"html.default\">\n\t\t\t\t<div class=\"elementor-widget-container\">\n\t\t\t\t\t\t\t\t<link rel=\"stylesheet\" id=\"elementor-post-10871-css\" href=\"https:\/\/www.capfito.com\/wp-content\/uploads\/elementor\/css\/post-10871.css?ver=1777255126\" type=\"text\/css\" media=\"all\">\n\t\t\t\t\t<div data-elementor-type=\"wp-post\" data-elementor-id=\"10871\" class=\"elementor elementor-10871 elementor-10347 elementor-10347\">\n\t\t\t\t\t\t<section class=\"elementor-section elementor-top-section elementor-element elementor-element-7fa0583 elementor-section-content-top elementor-section-boxed elementor-section-height-default elementor-section-height-default\" data-id=\"7fa0583\" data-element_type=\"section\" data-e-type=\"section\">\n\t\t\t\t\t\t<div class=\"elementor-container elementor-column-gap-default\">\n\t\t\t\t\t<div class=\"elementor-column elementor-col-50 elementor-top-column elementor-element elementor-element-2e923df7\" data-id=\"2e923df7\" data-element_type=\"column\" data-e-type=\"column\">\n\t\t\t<div class=\"elementor-widget-wrap elementor-element-populated\">\n\t\t\t\t\t\t<div class=\"elementor-element elementor-element-8e84e16 elementor-widget elementor-widget-wd_text_block\" data-id=\"8e84e16\" data-element_type=\"widget\" data-e-type=\"widget\" data-widget_type=\"wd_text_block.default\">\n\t\t\t\t<div class=\"elementor-widget-container\">\n\t\t\t\t\t\t\t<div class=\"wd-text-block reset-last-child text-left\">\n\t\t\t\n\t\t\t<p><strong>  Compos\u00e9 :<\/strong><\/p><ul><li>1 pc&nbsp; &nbsp; &nbsp; Porte-capsule cylindrique noir Capsul 3d<\/li><li>12 pcs&nbsp; &nbsp;Capsules r\u00e9utilisables compatibles Nespresso Original  <br>( cod&nbsp;8054154320158 )<\/li><\/ul><p><strong>Donn\u00e9es techniques :<\/strong><\/p><p>Poids : 100gr - Dimensions : D 75mm x H 170mm&nbsp;<\/p><p>Mat\u00e9riau : Aluminium<\/p><p><br>Bo\u00eete Diam\u00e8tre 75 mm x H175 mm - Poids 100 g<\/p><p>&nbsp;<\/p><p>&nbsp;<\/p><p>&nbsp;<\/p><p>&nbsp;<\/p>\n\t\t\t\t\t<\/div>\n\t\t\t\t\t\t<\/div>\n\t\t\t\t<\/div>\n\t\t\t\t\t<\/div>\n\t\t<\/div>\n\t\t\t\t<div class=\"elementor-column elementor-col-50 elementor-top-column elementor-element elementor-element-78fd86a6\" data-id=\"78fd86a6\" data-element_type=\"column\" data-e-type=\"column\">\n\t\t\t<div class=\"elementor-widget-wrap elementor-element-populated\">\n\t\t\t\t\t\t<div class=\"elementor-element elementor-element-3e0e41d elementor-widget elementor-widget-html\" data-id=\"3e0e41d\" data-element_type=\"widget\" data-e-type=\"widget\" data-widget_type=\"html.default\">\n\t\t\t\t<div class=\"elementor-widget-container\">\n\t\t\t\t\t<iframe width=\"100%\" height=\"315\" src=\"https:\/\/www.youtube-nocookie.com\/embed\/SPsekhliWZ8?rel=0\" title=\"YouTube video player\" frameborder=\"0\" allow=\"accelerometer; autoplay; clipboard-write; encrypted-media; gyroscope; picture-in-picture; web-share\" allowfullscreen><\/iframe>\n\t\t\t\t<\/div>\n\t\t\t\t<\/div>\n\t\t\t\t<div class=\"elementor-element elementor-element-c8b3c04 elementor-widget elementor-widget-html\" data-id=\"c8b3c04\" data-element_type=\"widget\" data-e-type=\"widget\" data-widget_type=\"html.default\">\n\t\t\t\t<div class=\"elementor-widget-container\">\n\t\t\t\t\t<iframe width=\"100%\" height=\"315\" src=\"https:\/\/www.youtube-nocookie.com\/embed\/psrAoOILmP4?rel=0\" title=\"YouTube video player\" frameborder=\"0\" allow=\"accelerometer; autoplay; clipboard-write; encrypted-media; gyroscope; picture-in-picture; web-share\" allowfullscreen><\/iframe>\n\t\t\t\t<\/div>\n\t\t\t\t<\/div>\n\t\t\t\t\t<\/div>\n\t\t<\/div>\n\t\t\t\t\t<\/div>\n\t\t<\/section>\n\t\t\t\t<\/div>\n\t\t\t\t\t\t<\/div>\n\t\t\t\t<\/div>\n\t\t\t\t\t<\/div>\n\t\t<\/div>\n\t\t\t\t\t<\/div>\n\t\t<\/section>\n\t\t\t\t<\/div>\n\t\t","protected":false},"excerpt":{"rendered":"<p>Bo\u00eete \u00e0 capsules cylindrique en aluminium avec d\u00e9cor gaufr\u00e9 pouvant contenir des capsules compatibles avec Nespresso Original.<\/p>\n<p><strong>\u00a0<\/strong><\/p>\n","protected":false},"featured_media":14048,"template":"","meta":[],"product_brand":[],"product_cat":[121],"product_tag":[125,128,129,131,132,127,130,126,184],"class_list":{"0":"post-14044","1":"product","2":"type-product","3":"status-publish","4":"has-post-thumbnail","6":"product_cat-accessoires-capfito-fr","7":"product_tag-capfito-fr","8":"product_tag-capsules-de-cafe","9":"product_tag-capsules-de-cafe-nespresso","10":"product_tag-capsules-de-cafe-rechargeables","11":"product_tag-capsules-nespresso","12":"product_tag-capsules-nespresso-reutilisables","13":"product_tag-capsules-rechargeables","14":"product_tag-capsules-reutilisables","15":"product_tag-porte-capsules","17":"first","18":"instock","19":"shipping-taxable","20":"purchasable","21":"product-type-variable"},"yoast_head":"<!-- This site is optimized with the Yoast SEO plugin v27.2 - https:\/\/yoast.com\/product\/yoast-seo-wordpress\/ -->\n<title>Conteneur 3d + 12 capsules r\u00e9utilisables compatibles Nespresso - Capfito - Capsule Nespresso ricaricabili<\/title>\n<meta name=\"description\" content=\"Conteneur 3d + 12 capsules r\u00e9utilisables compatibles Nespresso\" \/>\n<meta name=\"robots\" content=\"index, follow, max-snippet:-1, max-image-preview:large, max-video-preview:-1\" \/>\n<link rel=\"canonical\" href=\"https:\/\/www.capfito.com\/fr\/prodotto\/conteneur-3d-12-capsules-reutilisables-compatibles-nespresso\/\" \/>\n<meta property=\"og:locale\" content=\"fr_FR\" \/>\n<meta property=\"og:type\" content=\"article\" \/>\n<meta property=\"og:title\" content=\"Conteneur 3d + 12 capsules r\u00e9utilisables compatibles Nespresso - Capfito - Capsule Nespresso ricaricabili\" \/>\n<meta property=\"og:description\" content=\"Conteneur 3d + 12 capsules r\u00e9utilisables compatibles Nespresso\" \/>\n<meta property=\"og:url\" content=\"https:\/\/www.capfito.com\/fr\/prodotto\/conteneur-3d-12-capsules-reutilisables-compatibles-nespresso\/\" \/>\n<meta property=\"og:site_name\" content=\"Capfito - Capsule Nespresso ricaricabili\" \/>\n<meta property=\"article:modified_time\" content=\"2025-05-18T07:59:43+00:00\" \/>\n<meta property=\"og:image\" content=\"https:\/\/www.capfito.com\/wp-content\/uploads\/2025\/03\/Porta_Capsule_riutilizzabili_nespresso_03.jpg\" \/>\n\t<meta property=\"og:image:width\" content=\"1126\" \/>\n\t<meta property=\"og:image:height\" content=\"1126\" \/>\n\t<meta property=\"og:image:type\" content=\"image\/jpeg\" \/>\n<meta name=\"twitter:card\" content=\"summary_large_image\" \/>\n<meta name=\"twitter:label1\" content=\"Dur\u00e9e de lecture estim\u00e9e\" \/>\n\t<meta name=\"twitter:data1\" content=\"1 minute\" \/>\n<script type=\"application\/ld+json\" class=\"yoast-schema-graph\">{\"@context\":\"https:\/\/schema.org\",\"@graph\":[{\"@type\":\"WebPage\",\"@id\":\"https:\/\/www.capfito.com\/fr\/prodotto\/conteneur-3d-12-capsules-reutilisables-compatibles-nespresso\/\",\"url\":\"https:\/\/www.capfito.com\/fr\/prodotto\/conteneur-3d-12-capsules-reutilisables-compatibles-nespresso\/\",\"name\":\"Conteneur 3d + 12 capsules r\u00e9utilisables compatibles Nespresso - Capfito - Capsule Nespresso ricaricabili\",\"isPartOf\":{\"@id\":\"https:\/\/www.capfito.com\/fr\/#website\"},\"primaryImageOfPage\":{\"@id\":\"https:\/\/www.capfito.com\/fr\/prodotto\/conteneur-3d-12-capsules-reutilisables-compatibles-nespresso\/#primaryimage\"},\"image\":{\"@id\":\"https:\/\/www.capfito.com\/fr\/prodotto\/conteneur-3d-12-capsules-reutilisables-compatibles-nespresso\/#primaryimage\"},\"thumbnailUrl\":\"https:\/\/www.capfito.com\/wp-content\/uploads\/2025\/03\/Porta_Capsule_riutilizzabili_nespresso_03.jpg\",\"datePublished\":\"2025-03-21T09:39:59+00:00\",\"dateModified\":\"2025-05-18T07:59:43+00:00\",\"description\":\"Conteneur 3d + 12 capsules r\u00e9utilisables compatibles Nespresso\",\"breadcrumb\":{\"@id\":\"https:\/\/www.capfito.com\/fr\/prodotto\/conteneur-3d-12-capsules-reutilisables-compatibles-nespresso\/#breadcrumb\"},\"inLanguage\":\"fr-FR\",\"potentialAction\":[{\"@type\":\"ReadAction\",\"target\":[\"https:\/\/www.capfito.com\/fr\/prodotto\/conteneur-3d-12-capsules-reutilisables-compatibles-nespresso\/\"]}]},{\"@type\":\"ImageObject\",\"inLanguage\":\"fr-FR\",\"@id\":\"https:\/\/www.capfito.com\/fr\/prodotto\/conteneur-3d-12-capsules-reutilisables-compatibles-nespresso\/#primaryimage\",\"url\":\"https:\/\/www.capfito.com\/wp-content\/uploads\/2025\/03\/Porta_Capsule_riutilizzabili_nespresso_03.jpg\",\"contentUrl\":\"https:\/\/www.capfito.com\/wp-content\/uploads\/2025\/03\/Porta_Capsule_riutilizzabili_nespresso_03.jpg\",\"width\":1126,\"height\":1126},{\"@type\":\"BreadcrumbList\",\"@id\":\"https:\/\/www.capfito.com\/fr\/prodotto\/conteneur-3d-12-capsules-reutilisables-compatibles-nespresso\/#breadcrumb\",\"itemListElement\":[{\"@type\":\"ListItem\",\"position\":1,\"name\":\"Boutique Capfito\",\"item\":\"https:\/\/www.capfito.com\/fr\/boutique\/\"},{\"@type\":\"ListItem\",\"position\":2,\"name\":\"Conteneur 3d + 12 capsules r\u00e9utilisables compatibles Nespresso\"}]},{\"@type\":\"WebSite\",\"@id\":\"https:\/\/www.capfito.com\/fr\/#website\",\"url\":\"https:\/\/www.capfito.com\/fr\/\",\"name\":\"Capfito - Capsule Nespresso ricaricabili\",\"description\":\"Capsule riutilizzabili nespresso compatibili ecologiche\",\"publisher\":{\"@id\":\"https:\/\/www.capfito.com\/fr\/#organization\"},\"potentialAction\":[{\"@type\":\"SearchAction\",\"target\":{\"@type\":\"EntryPoint\",\"urlTemplate\":\"https:\/\/www.capfito.com\/fr\/?s={search_term_string}\"},\"query-input\":{\"@type\":\"PropertyValueSpecification\",\"valueRequired\":true,\"valueName\":\"search_term_string\"}}],\"inLanguage\":\"fr-FR\"},{\"@type\":\"Organization\",\"@id\":\"https:\/\/www.capfito.com\/fr\/#organization\",\"name\":\"Capfito - Capsule Nespresso ricaricabili\",\"url\":\"https:\/\/www.capfito.com\/fr\/\",\"logo\":{\"@type\":\"ImageObject\",\"inLanguage\":\"fr-FR\",\"@id\":\"https:\/\/www.capfito.com\/fr\/#\/schema\/logo\/image\/\",\"url\":\"https:\/\/www.capfito.com\/wp-content\/uploads\/2023\/02\/Logo_CAPFITO_pagamenti.jpg\",\"contentUrl\":\"https:\/\/www.capfito.com\/wp-content\/uploads\/2023\/02\/Logo_CAPFITO_pagamenti.jpg\",\"width\":570,\"height\":220,\"caption\":\"Capfito - Capsule Nespresso ricaricabili\"},\"image\":{\"@id\":\"https:\/\/www.capfito.com\/fr\/#\/schema\/logo\/image\/\"}}]}<\/script>\n<!-- \/ Yoast SEO plugin. -->","yoast_head_json":{"title":"Conteneur 3d + 12 capsules r\u00e9utilisables compatibles Nespresso - Capfito - Capsule Nespresso ricaricabili","description":"Conteneur 3d + 12 capsules r\u00e9utilisables compatibles Nespresso","robots":{"index":"index","follow":"follow","max-snippet":"max-snippet:-1","max-image-preview":"max-image-preview:large","max-video-preview":"max-video-preview:-1"},"canonical":"https:\/\/www.capfito.com\/fr\/prodotto\/conteneur-3d-12-capsules-reutilisables-compatibles-nespresso\/","og_locale":"fr_FR","og_type":"article","og_title":"Conteneur 3d + 12 capsules r\u00e9utilisables compatibles Nespresso - Capfito - Capsule Nespresso ricaricabili","og_description":"Conteneur 3d + 12 capsules r\u00e9utilisables compatibles Nespresso","og_url":"https:\/\/www.capfito.com\/fr\/prodotto\/conteneur-3d-12-capsules-reutilisables-compatibles-nespresso\/","og_site_name":"Capfito - Capsule Nespresso ricaricabili","article_modified_time":"2025-05-18T07:59:43+00:00","og_image":[{"width":1126,"height":1126,"url":"https:\/\/www.capfito.com\/wp-content\/uploads\/2025\/03\/Porta_Capsule_riutilizzabili_nespresso_03.jpg","type":"image\/jpeg"}],"twitter_card":"summary_large_image","twitter_misc":{"Dur\u00e9e de lecture estim\u00e9e":"1 minute"},"schema":{"@context":"https:\/\/schema.org","@graph":[{"@type":"WebPage","@id":"https:\/\/www.capfito.com\/fr\/prodotto\/conteneur-3d-12-capsules-reutilisables-compatibles-nespresso\/","url":"https:\/\/www.capfito.com\/fr\/prodotto\/conteneur-3d-12-capsules-reutilisables-compatibles-nespresso\/","name":"Conteneur 3d + 12 capsules r\u00e9utilisables compatibles Nespresso - Capfito - Capsule Nespresso ricaricabili","isPartOf":{"@id":"https:\/\/www.capfito.com\/fr\/#website"},"primaryImageOfPage":{"@id":"https:\/\/www.capfito.com\/fr\/prodotto\/conteneur-3d-12-capsules-reutilisables-compatibles-nespresso\/#primaryimage"},"image":{"@id":"https:\/\/www.capfito.com\/fr\/prodotto\/conteneur-3d-12-capsules-reutilisables-compatibles-nespresso\/#primaryimage"},"thumbnailUrl":"https:\/\/www.capfito.com\/wp-content\/uploads\/2025\/03\/Porta_Capsule_riutilizzabili_nespresso_03.jpg","datePublished":"2025-03-21T09:39:59+00:00","dateModified":"2025-05-18T07:59:43+00:00","description":"Conteneur 3d + 12 capsules r\u00e9utilisables compatibles Nespresso","breadcrumb":{"@id":"https:\/\/www.capfito.com\/fr\/prodotto\/conteneur-3d-12-capsules-reutilisables-compatibles-nespresso\/#breadcrumb"},"inLanguage":"fr-FR","potentialAction":[{"@type":"ReadAction","target":["https:\/\/www.capfito.com\/fr\/prodotto\/conteneur-3d-12-capsules-reutilisables-compatibles-nespresso\/"]}]},{"@type":"ImageObject","inLanguage":"fr-FR","@id":"https:\/\/www.capfito.com\/fr\/prodotto\/conteneur-3d-12-capsules-reutilisables-compatibles-nespresso\/#primaryimage","url":"https:\/\/www.capfito.com\/wp-content\/uploads\/2025\/03\/Porta_Capsule_riutilizzabili_nespresso_03.jpg","contentUrl":"https:\/\/www.capfito.com\/wp-content\/uploads\/2025\/03\/Porta_Capsule_riutilizzabili_nespresso_03.jpg","width":1126,"height":1126},{"@type":"BreadcrumbList","@id":"https:\/\/www.capfito.com\/fr\/prodotto\/conteneur-3d-12-capsules-reutilisables-compatibles-nespresso\/#breadcrumb","itemListElement":[{"@type":"ListItem","position":1,"name":"Boutique Capfito","item":"https:\/\/www.capfito.com\/fr\/boutique\/"},{"@type":"ListItem","position":2,"name":"Conteneur 3d + 12 capsules r\u00e9utilisables compatibles Nespresso"}]},{"@type":"WebSite","@id":"https:\/\/www.capfito.com\/fr\/#website","url":"https:\/\/www.capfito.com\/fr\/","name":"Capfito - Capsule Nespresso ricaricabili","description":"Capsule riutilizzabili nespresso compatibili ecologiche","publisher":{"@id":"https:\/\/www.capfito.com\/fr\/#organization"},"potentialAction":[{"@type":"SearchAction","target":{"@type":"EntryPoint","urlTemplate":"https:\/\/www.capfito.com\/fr\/?s={search_term_string}"},"query-input":{"@type":"PropertyValueSpecification","valueRequired":true,"valueName":"search_term_string"}}],"inLanguage":"fr-FR"},{"@type":"Organization","@id":"https:\/\/www.capfito.com\/fr\/#organization","name":"Capfito - Capsule Nespresso ricaricabili","url":"https:\/\/www.capfito.com\/fr\/","logo":{"@type":"ImageObject","inLanguage":"fr-FR","@id":"https:\/\/www.capfito.com\/fr\/#\/schema\/logo\/image\/","url":"https:\/\/www.capfito.com\/wp-content\/uploads\/2023\/02\/Logo_CAPFITO_pagamenti.jpg","contentUrl":"https:\/\/www.capfito.com\/wp-content\/uploads\/2023\/02\/Logo_CAPFITO_pagamenti.jpg","width":570,"height":220,"caption":"Capfito - Capsule Nespresso ricaricabili"},"image":{"@id":"https:\/\/www.capfito.com\/fr\/#\/schema\/logo\/image\/"}}]}},"_links":{"self":[{"href":"https:\/\/www.capfito.com\/fr\/wp-json\/wp\/v2\/product\/14044","targetHints":{"allow":["GET"]}}],"collection":[{"href":"https:\/\/www.capfito.com\/fr\/wp-json\/wp\/v2\/product"}],"about":[{"href":"https:\/\/www.capfito.com\/fr\/wp-json\/wp\/v2\/types\/product"}],"version-history":[{"count":2,"href":"https:\/\/www.capfito.com\/fr\/wp-json\/wp\/v2\/product\/14044\/revisions"}],"predecessor-version":[{"id":14062,"href":"https:\/\/www.capfito.com\/fr\/wp-json\/wp\/v2\/product\/14044\/revisions\/14062"}],"wp:featuredmedia":[{"embeddable":true,"href":"https:\/\/www.capfito.com\/fr\/wp-json\/wp\/v2\/media\/14048"}],"wp:attachment":[{"href":"https:\/\/www.capfito.com\/fr\/wp-json\/wp\/v2\/media?parent=14044"}],"wp:term":[{"taxonomy":"product_brand","embeddable":true,"href":"https:\/\/www.capfito.com\/fr\/wp-json\/wp\/v2\/product_brand?post=14044"},{"taxonomy":"product_cat","embeddable":true,"href":"https:\/\/www.capfito.com\/fr\/wp-json\/wp\/v2\/product_cat?post=14044"},{"taxonomy":"product_tag","embeddable":true,"href":"https:\/\/www.capfito.com\/fr\/wp-json\/wp\/v2\/product_tag?post=14044"}],"curies":[{"name":"wp","href":"https:\/\/api.w.org\/{rel}","templated":true}]}}