{"id":14002,"date":"2025-03-18T17:41:35","date_gmt":"2025-03-18T16:41:35","guid":{"rendered":"https:\/\/www.capfito.com\/?post_type=product&#038;p=14002"},"modified":"2025-03-20T16:43:13","modified_gmt":"2025-03-20T15:43:13","slug":"tasse-a-cafe-capsules-nespresso-reutilisables","status":"publish","type":"product","link":"https:\/\/www.capfito.com\/fr\/prodotto\/tasse-a-cafe-capsules-nespresso-reutilisables\/","title":{"rendered":"TASSE \u00c0 CAF\u00c9"},"content":{"rendered":"\t\t<div data-elementor-type=\"wp-post\" data-elementor-id=\"14002\" class=\"elementor elementor-14002 elementor-14000\">\n\t\t\t\t\t\t<section class=\"elementor-section elementor-top-section elementor-element elementor-element-5d19a6b elementor-section-boxed elementor-section-height-default elementor-section-height-default\" data-id=\"5d19a6b\" data-element_type=\"section\" data-e-type=\"section\">\n\t\t\t\t\t\t<div class=\"elementor-container elementor-column-gap-default\">\n\t\t\t\t\t<div class=\"elementor-column elementor-col-100 elementor-top-column elementor-element elementor-element-36847ab\" data-id=\"36847ab\" data-element_type=\"column\" data-e-type=\"column\">\n\t\t\t<div class=\"elementor-widget-wrap elementor-element-populated\">\n\t\t\t\t\t\t<div class=\"elementor-element elementor-element-ea189cf elementor-widget elementor-widget-html\" data-id=\"ea189cf\" data-element_type=\"widget\" data-e-type=\"widget\" data-widget_type=\"html.default\">\n\t\t\t\t<div class=\"elementor-widget-container\">\n\t\t\t\t\t\t\t\t<link rel=\"stylesheet\" id=\"elementor-post-10863-css\" href=\"https:\/\/www.capfito.com\/wp-content\/uploads\/elementor\/css\/post-10863.css?ver=1775749437\" type=\"text\/css\" media=\"all\">\n\t\t\t\t\t<div data-elementor-type=\"wp-post\" data-elementor-id=\"10863\" class=\"elementor elementor-10863 elementor-10311 elementor-10311\">\n\t\t\t\t\t\t<section class=\"elementor-section elementor-top-section elementor-element elementor-element-7fa0583 elementor-section-content-top elementor-section-boxed elementor-section-height-default elementor-section-height-default\" data-id=\"7fa0583\" data-element_type=\"section\" data-e-type=\"section\">\n\t\t\t\t\t\t<div class=\"elementor-container elementor-column-gap-default\">\n\t\t\t\t\t<div class=\"elementor-column elementor-col-50 elementor-top-column elementor-element elementor-element-2e923df7\" data-id=\"2e923df7\" data-element_type=\"column\" data-e-type=\"column\">\n\t\t\t<div class=\"elementor-widget-wrap elementor-element-populated\">\n\t\t\t\t\t\t<div class=\"elementor-element elementor-element-8e84e16 elementor-widget elementor-widget-wd_text_block\" data-id=\"8e84e16\" data-element_type=\"widget\" data-e-type=\"widget\" data-widget_type=\"wd_text_block.default\">\n\t\t\t\t<div class=\"elementor-widget-container\">\n\t\t\t\t\t\t\t<div class=\"wd-text-block reset-last-child text-left\">\n\t\t\t\n\t\t\t<p><strong>  Compos\u00e9 :<\/strong><\/p><ul><li>1pcs Tasse \u00e0 caf\u00e9 expresso 8 cl<\/li><\/ul><p><strong>Donn\u00e9es techniques :<\/strong><\/p><p>Poids de la tasse : 90gr - Dimensions : D 58mm x H 65mm - Mat\u00e9riau : verre<\/p><p> <\/p><p> <\/p><p> <\/p><p> <\/p>\n\t\t\t\t\t<\/div>\n\t\t\t\t\t\t<\/div>\n\t\t\t\t<\/div>\n\t\t\t\t\t<\/div>\n\t\t<\/div>\n\t\t\t\t<div class=\"elementor-column elementor-col-50 elementor-top-column elementor-element elementor-element-78fd86a6\" data-id=\"78fd86a6\" data-element_type=\"column\" data-e-type=\"column\">\n\t\t\t<div class=\"elementor-widget-wrap elementor-element-populated\">\n\t\t\t\t\t\t<div class=\"elementor-element elementor-element-9fc0068 elementor-widget elementor-widget-html\" data-id=\"9fc0068\" data-element_type=\"widget\" data-e-type=\"widget\" data-widget_type=\"html.default\">\n\t\t\t\t<div class=\"elementor-widget-container\">\n\t\t\t\t\t<iframe width=\"100%\" height=\"315\" src=\"https:\/\/www.youtube-nocookie.com\/embed\/SPsekhliWZ8?rel=0\" title=\"YouTube video player\" frameborder=\"0\" allow=\"accelerometer; autoplay; clipboard-write; encrypted-media; gyroscope; picture-in-picture; web-share\" allowfullscreen><\/iframe>\n\t\t\t\t<\/div>\n\t\t\t\t<\/div>\n\t\t\t\t<div class=\"elementor-element elementor-element-bdb43b1 elementor-widget elementor-widget-html\" data-id=\"bdb43b1\" data-element_type=\"widget\" data-e-type=\"widget\" data-widget_type=\"html.default\">\n\t\t\t\t<div class=\"elementor-widget-container\">\n\t\t\t\t\t<iframe width=\"100%\" height=\"315\" src=\"https:\/\/www.youtube-nocookie.com\/embed\/psrAoOILmP4?rel=0\" title=\"YouTube video player\" frameborder=\"0\" allow=\"accelerometer; autoplay; clipboard-write; encrypted-media; gyroscope; picture-in-picture; web-share\" allowfullscreen><\/iframe>\n\t\t\t\t<\/div>\n\t\t\t\t<\/div>\n\t\t\t\t\t<\/div>\n\t\t<\/div>\n\t\t\t\t\t<\/div>\n\t\t<\/section>\n\t\t\t\t<\/div>\n\t\t\t\t\t\t<\/div>\n\t\t\t\t<\/div>\n\t\t\t\t\t<\/div>\n\t\t<\/div>\n\t\t\t\t\t<\/div>\n\t\t<\/section>\n\t\t\t\t<\/div>\n\t\t","protected":false},"excerpt":{"rendered":"<p><span class=\"a-list-item\">CAPFITO est accompagn\u00e9 d&rsquo;une collection de tasses \u00e0 caf\u00e9 au design original et futuriste.<\/span><\/p>\n<p><span class=\"a-list-item\">La vue est le premier sens utilis\u00e9 pour appr\u00e9cier un bon caf\u00e9 et nous avons d\u00e9velopp\u00e9 une collection tendance et color\u00e9e. Am\u00e9liorez votre caf\u00e9 avec une tasse CAPFITO originale !<\/span><\/p>\n<p><span class=\"a-list-item\">Tasse \u00e0 espresso, 8 cl, couleur. Une technique de pulv\u00e9risation des couleurs sans m\u00e9taux lourds tels que le plomb et\/ou le cadmium est utilis\u00e9e. Ils peuvent \u00eatre mis au lave-vaisselle et au four \u00e0 micro-ondes. Parfait pour d\u00e9guster un bon caf\u00e9 expresso \u00e0 tout moment de la journ\u00e9e.<\/span><\/p>\n<p><strong>\u00a0<\/strong><\/p>\n<p>&nbsp;<\/p>\n","protected":false},"featured_media":14035,"template":"","meta":[],"product_brand":[],"product_cat":[122],"product_tag":[125,128,129,131,132,127,130,126,182],"class_list":{"0":"post-14002","1":"product","2":"type-product","3":"status-publish","4":"has-post-thumbnail","6":"product_cat-gobelets-capfito","7":"product_tag-capfito-fr","8":"product_tag-capsules-de-cafe","9":"product_tag-capsules-de-cafe-nespresso","10":"product_tag-capsules-de-cafe-rechargeables","11":"product_tag-capsules-nespresso","12":"product_tag-capsules-nespresso-reutilisables","13":"product_tag-capsules-rechargeables","14":"product_tag-capsules-reutilisables","15":"product_tag-tasse-a-cafe","17":"first","18":"instock","19":"shipping-taxable","20":"purchasable","21":"product-type-variable"},"yoast_head":"<!-- This site is optimized with the Yoast SEO plugin v27.2 - https:\/\/yoast.com\/product\/yoast-seo-wordpress\/ -->\n<title>TASSE \u00c0 CAF\u00c9 - Capfito - Capsule Nespresso ricaricabili<\/title>\n<meta name=\"description\" content=\"TASSE \u00c0 CAF\u00c9. Am\u00e9liorez votre caf\u00e9 avec une tasse originale CAPFITO\" \/>\n<meta name=\"robots\" content=\"index, follow, max-snippet:-1, max-image-preview:large, max-video-preview:-1\" \/>\n<link rel=\"canonical\" href=\"https:\/\/www.capfito.com\/fr\/prodotto\/tasse-a-cafe-capsules-nespresso-reutilisables\/\" \/>\n<meta property=\"og:locale\" content=\"fr_FR\" \/>\n<meta property=\"og:type\" content=\"article\" \/>\n<meta property=\"og:title\" content=\"TASSE \u00c0 CAF\u00c9 - Capfito - Capsule Nespresso ricaricabili\" \/>\n<meta property=\"og:description\" content=\"TASSE \u00c0 CAF\u00c9. Am\u00e9liorez votre caf\u00e9 avec une tasse originale CAPFITO\" \/>\n<meta property=\"og:url\" content=\"https:\/\/www.capfito.com\/fr\/prodotto\/tasse-a-cafe-capsules-nespresso-reutilisables\/\" \/>\n<meta property=\"og:site_name\" content=\"Capfito - Capsule Nespresso ricaricabili\" \/>\n<meta property=\"article:modified_time\" content=\"2025-03-20T15:43:13+00:00\" \/>\n<meta property=\"og:image\" content=\"https:\/\/www.capfito.com\/wp-content\/uploads\/2025\/03\/Tazzine_capsule_riutilizzabili_nespresso_02-scaled.jpg\" \/>\n\t<meta property=\"og:image:width\" content=\"2560\" \/>\n\t<meta property=\"og:image:height\" content=\"2560\" \/>\n\t<meta property=\"og:image:type\" content=\"image\/jpeg\" \/>\n<meta name=\"twitter:card\" content=\"summary_large_image\" \/>\n<meta name=\"twitter:label1\" content=\"Dur\u00e9e de lecture estim\u00e9e\" \/>\n\t<meta name=\"twitter:data1\" content=\"1 minute\" \/>\n<script type=\"application\/ld+json\" class=\"yoast-schema-graph\">{\"@context\":\"https:\/\/schema.org\",\"@graph\":[{\"@type\":\"WebPage\",\"@id\":\"https:\/\/www.capfito.com\/fr\/prodotto\/tasse-a-cafe-capsules-nespresso-reutilisables\/\",\"url\":\"https:\/\/www.capfito.com\/fr\/prodotto\/tasse-a-cafe-capsules-nespresso-reutilisables\/\",\"name\":\"TASSE \u00c0 CAF\u00c9 - Capfito - Capsule Nespresso ricaricabili\",\"isPartOf\":{\"@id\":\"https:\/\/www.capfito.com\/fr\/#website\"},\"primaryImageOfPage\":{\"@id\":\"https:\/\/www.capfito.com\/fr\/prodotto\/tasse-a-cafe-capsules-nespresso-reutilisables\/#primaryimage\"},\"image\":{\"@id\":\"https:\/\/www.capfito.com\/fr\/prodotto\/tasse-a-cafe-capsules-nespresso-reutilisables\/#primaryimage\"},\"thumbnailUrl\":\"https:\/\/www.capfito.com\/wp-content\/uploads\/2025\/03\/Tazzine_capsule_riutilizzabili_nespresso_02-scaled.jpg\",\"datePublished\":\"2025-03-18T16:41:35+00:00\",\"dateModified\":\"2025-03-20T15:43:13+00:00\",\"description\":\"TASSE \u00c0 CAF\u00c9. Am\u00e9liorez votre caf\u00e9 avec une tasse originale CAPFITO\",\"breadcrumb\":{\"@id\":\"https:\/\/www.capfito.com\/fr\/prodotto\/tasse-a-cafe-capsules-nespresso-reutilisables\/#breadcrumb\"},\"inLanguage\":\"fr-FR\",\"potentialAction\":[{\"@type\":\"ReadAction\",\"target\":[\"https:\/\/www.capfito.com\/fr\/prodotto\/tasse-a-cafe-capsules-nespresso-reutilisables\/\"]}]},{\"@type\":\"ImageObject\",\"inLanguage\":\"fr-FR\",\"@id\":\"https:\/\/www.capfito.com\/fr\/prodotto\/tasse-a-cafe-capsules-nespresso-reutilisables\/#primaryimage\",\"url\":\"https:\/\/www.capfito.com\/wp-content\/uploads\/2025\/03\/Tazzine_capsule_riutilizzabili_nespresso_02-scaled.jpg\",\"contentUrl\":\"https:\/\/www.capfito.com\/wp-content\/uploads\/2025\/03\/Tazzine_capsule_riutilizzabili_nespresso_02-scaled.jpg\",\"width\":2560,\"height\":2560},{\"@type\":\"BreadcrumbList\",\"@id\":\"https:\/\/www.capfito.com\/fr\/prodotto\/tasse-a-cafe-capsules-nespresso-reutilisables\/#breadcrumb\",\"itemListElement\":[{\"@type\":\"ListItem\",\"position\":1,\"name\":\"Boutique Capfito\",\"item\":\"https:\/\/www.capfito.com\/fr\/boutique\/\"},{\"@type\":\"ListItem\",\"position\":2,\"name\":\"TASSE \u00c0 CAF\u00c9\"}]},{\"@type\":\"WebSite\",\"@id\":\"https:\/\/www.capfito.com\/fr\/#website\",\"url\":\"https:\/\/www.capfito.com\/fr\/\",\"name\":\"Capfito - Capsule Nespresso ricaricabili\",\"description\":\"Capsule riutilizzabili nespresso compatibili ecologiche\",\"publisher\":{\"@id\":\"https:\/\/www.capfito.com\/fr\/#organization\"},\"potentialAction\":[{\"@type\":\"SearchAction\",\"target\":{\"@type\":\"EntryPoint\",\"urlTemplate\":\"https:\/\/www.capfito.com\/fr\/?s={search_term_string}\"},\"query-input\":{\"@type\":\"PropertyValueSpecification\",\"valueRequired\":true,\"valueName\":\"search_term_string\"}}],\"inLanguage\":\"fr-FR\"},{\"@type\":\"Organization\",\"@id\":\"https:\/\/www.capfito.com\/fr\/#organization\",\"name\":\"Capfito - Capsule Nespresso ricaricabili\",\"url\":\"https:\/\/www.capfito.com\/fr\/\",\"logo\":{\"@type\":\"ImageObject\",\"inLanguage\":\"fr-FR\",\"@id\":\"https:\/\/www.capfito.com\/fr\/#\/schema\/logo\/image\/\",\"url\":\"https:\/\/www.capfito.com\/wp-content\/uploads\/2023\/02\/Logo_CAPFITO_pagamenti.jpg\",\"contentUrl\":\"https:\/\/www.capfito.com\/wp-content\/uploads\/2023\/02\/Logo_CAPFITO_pagamenti.jpg\",\"width\":570,\"height\":220,\"caption\":\"Capfito - Capsule Nespresso ricaricabili\"},\"image\":{\"@id\":\"https:\/\/www.capfito.com\/fr\/#\/schema\/logo\/image\/\"}}]}<\/script>\n<!-- \/ Yoast SEO plugin. -->","yoast_head_json":{"title":"TASSE \u00c0 CAF\u00c9 - Capfito - Capsule Nespresso ricaricabili","description":"TASSE \u00c0 CAF\u00c9. Am\u00e9liorez votre caf\u00e9 avec une tasse originale CAPFITO","robots":{"index":"index","follow":"follow","max-snippet":"max-snippet:-1","max-image-preview":"max-image-preview:large","max-video-preview":"max-video-preview:-1"},"canonical":"https:\/\/www.capfito.com\/fr\/prodotto\/tasse-a-cafe-capsules-nespresso-reutilisables\/","og_locale":"fr_FR","og_type":"article","og_title":"TASSE \u00c0 CAF\u00c9 - Capfito - Capsule Nespresso ricaricabili","og_description":"TASSE \u00c0 CAF\u00c9. Am\u00e9liorez votre caf\u00e9 avec une tasse originale CAPFITO","og_url":"https:\/\/www.capfito.com\/fr\/prodotto\/tasse-a-cafe-capsules-nespresso-reutilisables\/","og_site_name":"Capfito - Capsule Nespresso ricaricabili","article_modified_time":"2025-03-20T15:43:13+00:00","og_image":[{"width":2560,"height":2560,"url":"https:\/\/www.capfito.com\/wp-content\/uploads\/2025\/03\/Tazzine_capsule_riutilizzabili_nespresso_02-scaled.jpg","type":"image\/jpeg"}],"twitter_card":"summary_large_image","twitter_misc":{"Dur\u00e9e de lecture estim\u00e9e":"1 minute"},"schema":{"@context":"https:\/\/schema.org","@graph":[{"@type":"WebPage","@id":"https:\/\/www.capfito.com\/fr\/prodotto\/tasse-a-cafe-capsules-nespresso-reutilisables\/","url":"https:\/\/www.capfito.com\/fr\/prodotto\/tasse-a-cafe-capsules-nespresso-reutilisables\/","name":"TASSE \u00c0 CAF\u00c9 - Capfito - Capsule Nespresso ricaricabili","isPartOf":{"@id":"https:\/\/www.capfito.com\/fr\/#website"},"primaryImageOfPage":{"@id":"https:\/\/www.capfito.com\/fr\/prodotto\/tasse-a-cafe-capsules-nespresso-reutilisables\/#primaryimage"},"image":{"@id":"https:\/\/www.capfito.com\/fr\/prodotto\/tasse-a-cafe-capsules-nespresso-reutilisables\/#primaryimage"},"thumbnailUrl":"https:\/\/www.capfito.com\/wp-content\/uploads\/2025\/03\/Tazzine_capsule_riutilizzabili_nespresso_02-scaled.jpg","datePublished":"2025-03-18T16:41:35+00:00","dateModified":"2025-03-20T15:43:13+00:00","description":"TASSE \u00c0 CAF\u00c9. Am\u00e9liorez votre caf\u00e9 avec une tasse originale CAPFITO","breadcrumb":{"@id":"https:\/\/www.capfito.com\/fr\/prodotto\/tasse-a-cafe-capsules-nespresso-reutilisables\/#breadcrumb"},"inLanguage":"fr-FR","potentialAction":[{"@type":"ReadAction","target":["https:\/\/www.capfito.com\/fr\/prodotto\/tasse-a-cafe-capsules-nespresso-reutilisables\/"]}]},{"@type":"ImageObject","inLanguage":"fr-FR","@id":"https:\/\/www.capfito.com\/fr\/prodotto\/tasse-a-cafe-capsules-nespresso-reutilisables\/#primaryimage","url":"https:\/\/www.capfito.com\/wp-content\/uploads\/2025\/03\/Tazzine_capsule_riutilizzabili_nespresso_02-scaled.jpg","contentUrl":"https:\/\/www.capfito.com\/wp-content\/uploads\/2025\/03\/Tazzine_capsule_riutilizzabili_nespresso_02-scaled.jpg","width":2560,"height":2560},{"@type":"BreadcrumbList","@id":"https:\/\/www.capfito.com\/fr\/prodotto\/tasse-a-cafe-capsules-nespresso-reutilisables\/#breadcrumb","itemListElement":[{"@type":"ListItem","position":1,"name":"Boutique Capfito","item":"https:\/\/www.capfito.com\/fr\/boutique\/"},{"@type":"ListItem","position":2,"name":"TASSE \u00c0 CAF\u00c9"}]},{"@type":"WebSite","@id":"https:\/\/www.capfito.com\/fr\/#website","url":"https:\/\/www.capfito.com\/fr\/","name":"Capfito - Capsule Nespresso ricaricabili","description":"Capsule riutilizzabili nespresso compatibili ecologiche","publisher":{"@id":"https:\/\/www.capfito.com\/fr\/#organization"},"potentialAction":[{"@type":"SearchAction","target":{"@type":"EntryPoint","urlTemplate":"https:\/\/www.capfito.com\/fr\/?s={search_term_string}"},"query-input":{"@type":"PropertyValueSpecification","valueRequired":true,"valueName":"search_term_string"}}],"inLanguage":"fr-FR"},{"@type":"Organization","@id":"https:\/\/www.capfito.com\/fr\/#organization","name":"Capfito - Capsule Nespresso ricaricabili","url":"https:\/\/www.capfito.com\/fr\/","logo":{"@type":"ImageObject","inLanguage":"fr-FR","@id":"https:\/\/www.capfito.com\/fr\/#\/schema\/logo\/image\/","url":"https:\/\/www.capfito.com\/wp-content\/uploads\/2023\/02\/Logo_CAPFITO_pagamenti.jpg","contentUrl":"https:\/\/www.capfito.com\/wp-content\/uploads\/2023\/02\/Logo_CAPFITO_pagamenti.jpg","width":570,"height":220,"caption":"Capfito - Capsule Nespresso ricaricabili"},"image":{"@id":"https:\/\/www.capfito.com\/fr\/#\/schema\/logo\/image\/"}}]}},"_links":{"self":[{"href":"https:\/\/www.capfito.com\/fr\/wp-json\/wp\/v2\/product\/14002","targetHints":{"allow":["GET"]}}],"collection":[{"href":"https:\/\/www.capfito.com\/fr\/wp-json\/wp\/v2\/product"}],"about":[{"href":"https:\/\/www.capfito.com\/fr\/wp-json\/wp\/v2\/types\/product"}],"version-history":[{"count":3,"href":"https:\/\/www.capfito.com\/fr\/wp-json\/wp\/v2\/product\/14002\/revisions"}],"predecessor-version":[{"id":14040,"href":"https:\/\/www.capfito.com\/fr\/wp-json\/wp\/v2\/product\/14002\/revisions\/14040"}],"wp:featuredmedia":[{"embeddable":true,"href":"https:\/\/www.capfito.com\/fr\/wp-json\/wp\/v2\/media\/14035"}],"wp:attachment":[{"href":"https:\/\/www.capfito.com\/fr\/wp-json\/wp\/v2\/media?parent=14002"}],"wp:term":[{"taxonomy":"product_brand","embeddable":true,"href":"https:\/\/www.capfito.com\/fr\/wp-json\/wp\/v2\/product_brand?post=14002"},{"taxonomy":"product_cat","embeddable":true,"href":"https:\/\/www.capfito.com\/fr\/wp-json\/wp\/v2\/product_cat?post=14002"},{"taxonomy":"product_tag","embeddable":true,"href":"https:\/\/www.capfito.com\/fr\/wp-json\/wp\/v2\/product_tag?post=14002"}],"curies":[{"name":"wp","href":"https:\/\/api.w.org\/{rel}","templated":true}]}}