{"id":13798,"date":"2025-02-11T11:37:41","date_gmt":"2025-02-11T10:37:41","guid":{"rendered":"https:\/\/www.capfito.com\/?post_type=product&#038;p=13798"},"modified":"2026-03-23T18:30:26","modified_gmt":"2026-03-23T17:30:26","slug":"cafe-grains-de-torrefaction-artisanale-italienne-250gr-capsules-nespresso-reutilisables","status":"publish","type":"product","link":"https:\/\/www.capfito.com\/fr\/prodotto\/cafe-grains-de-torrefaction-artisanale-italienne-250gr-capsules-nespresso-reutilisables\/","title":{"rendered":"Caf\u00e9 en Grains de Torr\u00e9faction Artisanale Italienne 250gr"},"content":{"rendered":"\t\t<div data-elementor-type=\"wp-post\" data-elementor-id=\"13798\" class=\"elementor elementor-13798 elementor-13797\">\n\t\t\t\t\t\t<section class=\"elementor-section elementor-top-section elementor-element elementor-element-5d19a6b elementor-section-boxed elementor-section-height-default elementor-section-height-default\" data-id=\"5d19a6b\" data-element_type=\"section\" data-e-type=\"section\">\n\t\t\t\t\t\t<div class=\"elementor-container elementor-column-gap-default\">\n\t\t\t\t\t<div class=\"elementor-column elementor-col-100 elementor-top-column elementor-element elementor-element-36847ab\" data-id=\"36847ab\" data-element_type=\"column\" data-e-type=\"column\">\n\t\t\t<div class=\"elementor-widget-wrap elementor-element-populated\">\n\t\t\t\t\t\t<div class=\"elementor-element elementor-element-ea189cf elementor-widget elementor-widget-html\" data-id=\"ea189cf\" data-element_type=\"widget\" data-e-type=\"widget\" data-widget_type=\"html.default\">\n\t\t\t\t<div class=\"elementor-widget-container\">\n\t\t\t\t\t\t\t\t<link rel=\"stylesheet\" id=\"elementor-post-13818-css\" href=\"https:\/\/www.capfito.com\/wp-content\/uploads\/elementor\/css\/post-13818.css?ver=1775798767\" type=\"text\/css\" media=\"all\">\n\t\t\t\t\t<div data-elementor-type=\"wp-post\" data-elementor-id=\"13818\" class=\"elementor elementor-13818 elementor-13816 elementor-13816\">\n\t\t\t\t\t\t<section class=\"elementor-section elementor-top-section elementor-element elementor-element-7fa0583 elementor-section-content-top elementor-section-boxed elementor-section-height-default elementor-section-height-default\" data-id=\"7fa0583\" data-element_type=\"section\" data-e-type=\"section\">\n\t\t\t\t\t\t<div class=\"elementor-container elementor-column-gap-default\">\n\t\t\t\t\t<div class=\"elementor-column elementor-col-50 elementor-top-column elementor-element elementor-element-2e923df7\" data-id=\"2e923df7\" data-element_type=\"column\" data-e-type=\"column\">\n\t\t\t<div class=\"elementor-widget-wrap elementor-element-populated\">\n\t\t\t\t\t\t<div class=\"elementor-element elementor-element-8e84e16 elementor-widget elementor-widget-wd_text_block\" data-id=\"8e84e16\" data-element_type=\"widget\" data-e-type=\"widget\" data-widget_type=\"wd_text_block.default\">\n\t\t\t\t<div class=\"elementor-widget-container\">\n\t\t\t\t\t\t\t<div class=\"wd-text-block reset-last-child text-left\">\n\t\t\t\n\t\t\t<p><strong>Compos\u00e9:<\/strong><\/p><ul><li>1pz\u00a0 \u00a0 Paquet de 250 gr de caf\u00e9 en grains torr\u00e9fi\u00e9 \u00e0 l'italienne<\/li><\/ul><p id=\"tw-target-text\" class=\"tw-data-text tw-text-large tw-ta\" dir=\"ltr\" data-placeholder=\"Traduzione\" data-ved=\"2ahUKEwjos_jSy6eKAxXugP0HHZ-jEtkQ3ewLegQICRAU\" aria-label=\"Testo tradotto: Donn\u00e9es techniques\u00a0:\"><strong>Donn\u00e9es techniques :<\/strong><\/p><p>Sachet de caf\u00e9 : 250gr<\/p><p>Mat\u00e9riel: Caf\u00e9 en grains<\/p><p>Producteur : Roastmatic - Roletto (Turin) - Italie<\/p><p>Boite 14 mm x 6 mm x H 23mm - Poids 250gr<\/p>\n\t\t\t\t\t<\/div>\n\t\t\t\t\t\t<\/div>\n\t\t\t\t<\/div>\n\t\t\t\t\t<\/div>\n\t\t<\/div>\n\t\t\t\t<div class=\"elementor-column elementor-col-50 elementor-top-column elementor-element elementor-element-78fd86a6\" data-id=\"78fd86a6\" data-element_type=\"column\" data-e-type=\"column\">\n\t\t\t<div class=\"elementor-widget-wrap elementor-element-populated\">\n\t\t\t\t\t\t<div class=\"elementor-element elementor-element-8e7254a elementor-widget elementor-widget-html\" data-id=\"8e7254a\" data-element_type=\"widget\" data-e-type=\"widget\" data-widget_type=\"html.default\">\n\t\t\t\t<div class=\"elementor-widget-container\">\n\t\t\t\t\t<iframe width=\"100%\" height=\"315\" src=\"https:\/\/www.youtube-nocookie.com\/embed\/SPsekhliWZ8?rel=0\" title=\"YouTube video player\" frameborder=\"0\" allow=\"accelerometer; autoplay; clipboard-write; encrypted-media; gyroscope; picture-in-picture; web-share\" allowfullscreen><\/iframe>\n\t\t\t\t<\/div>\n\t\t\t\t<\/div>\n\t\t\t\t<div class=\"elementor-element elementor-element-85ec551 elementor-widget elementor-widget-html\" data-id=\"85ec551\" data-element_type=\"widget\" data-e-type=\"widget\" data-widget_type=\"html.default\">\n\t\t\t\t<div class=\"elementor-widget-container\">\n\t\t\t\t\t<iframe width=\"100%\" height=\"315\" src=\"https:\/\/www.youtube-nocookie.com\/embed\/psrAoOILmP4?rel=0\" title=\"YouTube video player\" frameborder=\"0\" allow=\"accelerometer; autoplay; clipboard-write; encrypted-media; gyroscope; picture-in-picture; web-share\" allowfullscreen><\/iframe>\n\t\t\t\t<\/div>\n\t\t\t\t<\/div>\n\t\t\t\t\t<\/div>\n\t\t<\/div>\n\t\t\t\t\t<\/div>\n\t\t<\/section>\n\t\t\t\t<\/div>\n\t\t\t\t\t\t<\/div>\n\t\t\t\t<\/div>\n\t\t\t\t\t<\/div>\n\t\t<\/div>\n\t\t\t\t\t<\/div>\n\t\t<\/section>\n\t\t\t\t<\/div>\n\t\t","protected":false},"excerpt":{"rendered":"<p>Un caf\u00e9 artisanal superbement torr\u00e9fi\u00e9 repr\u00e9sente le c\u0153ur de la tradition italienne, o\u00f9 chaque grain est soigneusement s\u00e9lectionn\u00e9 et torr\u00e9fi\u00e9 avec expertise pour cr\u00e9er une boisson riche en nuances aromatiques uniques. Compos\u00e9 \u00e0 80 % d&rsquo;Arabica et \u00e0 20 % de Robusta, ce caf\u00e9 offre un \u00e9quilibre parfait entre douceur, corps et intensit\u00e9.<\/p>\n<p>L&rsquo;Arabica de haute qualit\u00e9 conf\u00e8re une saveur douce et d\u00e9licate, avec des notes fruit\u00e9es et une acidit\u00e9 raffin\u00e9e, tandis que les 20 % de Robusta apportent un regain d&rsquo;\u00e9nergie, donnant au caf\u00e9 une onctuosit\u00e9 dense, un ar\u00f4me plus intense et un arri\u00e8re-go\u00fbt prononc\u00e9. L&rsquo;alliance parfaite de ces deux vari\u00e9t\u00e9s donne naissance \u00e0 une boisson au caract\u00e8re unique, id\u00e9ale pour les amateurs de caf\u00e9 en qu\u00eate d&rsquo;une exp\u00e9rience gustative riche et compl\u00e8te.<\/p>\n<p>&nbsp;<\/p>\n<p><strong>Codice 8054154320431<\/strong><\/p>\n<p>&nbsp;<\/p>\n","protected":false},"featured_media":13802,"template":"","meta":[],"product_brand":[],"product_cat":[121],"product_tag":[125,128,129,131,132,127,130,126],"class_list":{"0":"post-13798","1":"product","2":"type-product","3":"status-publish","4":"has-post-thumbnail","6":"product_cat-accessoires-capfito-fr","7":"product_tag-capfito-fr","8":"product_tag-capsules-de-cafe","9":"product_tag-capsules-de-cafe-nespresso","10":"product_tag-capsules-de-cafe-rechargeables","11":"product_tag-capsules-nespresso","12":"product_tag-capsules-nespresso-reutilisables","13":"product_tag-capsules-rechargeables","14":"product_tag-capsules-reutilisables","16":"first","17":"outofstock","18":"shipping-taxable","19":"purchasable","20":"product-type-simple"},"yoast_head":"<!-- This site is optimized with the Yoast SEO plugin v27.2 - https:\/\/yoast.com\/product\/yoast-seo-wordpress\/ -->\n<title>Caf\u00e9 en Grains de Torr\u00e9faction Artisanale Italienne 250gr - Capfito - Capsule Nespresso ricaricabili<\/title>\n<meta name=\"description\" content=\"Caf\u00e9 moulu issu de torr\u00e9faction artisanale italienne 250gr par capfito capsules nespresso r\u00e9utilisables\" \/>\n<meta name=\"robots\" content=\"index, follow, max-snippet:-1, max-image-preview:large, max-video-preview:-1\" \/>\n<link rel=\"canonical\" href=\"https:\/\/www.capfito.com\/fr\/prodotto\/cafe-grains-de-torrefaction-artisanale-italienne-250gr-capsules-nespresso-reutilisables\/\" \/>\n<meta property=\"og:locale\" content=\"fr_FR\" \/>\n<meta property=\"og:type\" content=\"article\" \/>\n<meta property=\"og:title\" content=\"Caf\u00e9 en Grains de Torr\u00e9faction Artisanale Italienne 250gr - Capfito - Capsule Nespresso ricaricabili\" \/>\n<meta property=\"og:description\" content=\"Caf\u00e9 moulu issu de torr\u00e9faction artisanale italienne 250gr par capfito capsules nespresso r\u00e9utilisables\" \/>\n<meta property=\"og:url\" content=\"https:\/\/www.capfito.com\/fr\/prodotto\/cafe-grains-de-torrefaction-artisanale-italienne-250gr-capsules-nespresso-reutilisables\/\" \/>\n<meta property=\"og:site_name\" content=\"Capfito - Capsule Nespresso ricaricabili\" \/>\n<meta property=\"article:modified_time\" content=\"2026-03-23T17:30:26+00:00\" \/>\n<meta property=\"og:image\" content=\"https:\/\/www.capfito.com\/wp-content\/uploads\/2025\/02\/Caffe_grani_capsule_riutilizzabili_nespresso_02-scaled.jpg\" \/>\n\t<meta property=\"og:image:width\" content=\"2560\" \/>\n\t<meta property=\"og:image:height\" content=\"2560\" \/>\n\t<meta property=\"og:image:type\" content=\"image\/jpeg\" \/>\n<meta name=\"twitter:card\" content=\"summary_large_image\" \/>\n<meta name=\"twitter:label1\" content=\"Dur\u00e9e de lecture estim\u00e9e\" \/>\n\t<meta name=\"twitter:data1\" content=\"1 minute\" \/>\n<script type=\"application\/ld+json\" class=\"yoast-schema-graph\">{\"@context\":\"https:\/\/schema.org\",\"@graph\":[{\"@type\":\"WebPage\",\"@id\":\"https:\/\/www.capfito.com\/fr\/prodotto\/cafe-grains-de-torrefaction-artisanale-italienne-250gr-capsules-nespresso-reutilisables\/\",\"url\":\"https:\/\/www.capfito.com\/fr\/prodotto\/cafe-grains-de-torrefaction-artisanale-italienne-250gr-capsules-nespresso-reutilisables\/\",\"name\":\"Caf\u00e9 en Grains de Torr\u00e9faction Artisanale Italienne 250gr - Capfito - Capsule Nespresso ricaricabili\",\"isPartOf\":{\"@id\":\"https:\/\/www.capfito.com\/fr\/#website\"},\"primaryImageOfPage\":{\"@id\":\"https:\/\/www.capfito.com\/fr\/prodotto\/cafe-grains-de-torrefaction-artisanale-italienne-250gr-capsules-nespresso-reutilisables\/#primaryimage\"},\"image\":{\"@id\":\"https:\/\/www.capfito.com\/fr\/prodotto\/cafe-grains-de-torrefaction-artisanale-italienne-250gr-capsules-nespresso-reutilisables\/#primaryimage\"},\"thumbnailUrl\":\"https:\/\/www.capfito.com\/wp-content\/uploads\/2025\/02\/Caffe_grani_capsule_riutilizzabili_nespresso_02-scaled.jpg\",\"datePublished\":\"2025-02-11T10:37:41+00:00\",\"dateModified\":\"2026-03-23T17:30:26+00:00\",\"description\":\"Caf\u00e9 moulu issu de torr\u00e9faction artisanale italienne 250gr par capfito capsules nespresso r\u00e9utilisables\",\"breadcrumb\":{\"@id\":\"https:\/\/www.capfito.com\/fr\/prodotto\/cafe-grains-de-torrefaction-artisanale-italienne-250gr-capsules-nespresso-reutilisables\/#breadcrumb\"},\"inLanguage\":\"fr-FR\",\"potentialAction\":[{\"@type\":\"ReadAction\",\"target\":[\"https:\/\/www.capfito.com\/fr\/prodotto\/cafe-grains-de-torrefaction-artisanale-italienne-250gr-capsules-nespresso-reutilisables\/\"]}]},{\"@type\":\"ImageObject\",\"inLanguage\":\"fr-FR\",\"@id\":\"https:\/\/www.capfito.com\/fr\/prodotto\/cafe-grains-de-torrefaction-artisanale-italienne-250gr-capsules-nespresso-reutilisables\/#primaryimage\",\"url\":\"https:\/\/www.capfito.com\/wp-content\/uploads\/2025\/02\/Caffe_grani_capsule_riutilizzabili_nespresso_02-scaled.jpg\",\"contentUrl\":\"https:\/\/www.capfito.com\/wp-content\/uploads\/2025\/02\/Caffe_grani_capsule_riutilizzabili_nespresso_02-scaled.jpg\",\"width\":2560,\"height\":2560},{\"@type\":\"BreadcrumbList\",\"@id\":\"https:\/\/www.capfito.com\/fr\/prodotto\/cafe-grains-de-torrefaction-artisanale-italienne-250gr-capsules-nespresso-reutilisables\/#breadcrumb\",\"itemListElement\":[{\"@type\":\"ListItem\",\"position\":1,\"name\":\"Boutique Capfito\",\"item\":\"https:\/\/www.capfito.com\/fr\/boutique\/\"},{\"@type\":\"ListItem\",\"position\":2,\"name\":\"Caf\u00e9 en Grains de Torr\u00e9faction Artisanale Italienne 250gr\"}]},{\"@type\":\"WebSite\",\"@id\":\"https:\/\/www.capfito.com\/fr\/#website\",\"url\":\"https:\/\/www.capfito.com\/fr\/\",\"name\":\"Capfito - Capsule Nespresso ricaricabili\",\"description\":\"Capsule riutilizzabili nespresso compatibili ecologiche\",\"publisher\":{\"@id\":\"https:\/\/www.capfito.com\/fr\/#organization\"},\"potentialAction\":[{\"@type\":\"SearchAction\",\"target\":{\"@type\":\"EntryPoint\",\"urlTemplate\":\"https:\/\/www.capfito.com\/fr\/?s={search_term_string}\"},\"query-input\":{\"@type\":\"PropertyValueSpecification\",\"valueRequired\":true,\"valueName\":\"search_term_string\"}}],\"inLanguage\":\"fr-FR\"},{\"@type\":\"Organization\",\"@id\":\"https:\/\/www.capfito.com\/fr\/#organization\",\"name\":\"Capfito - Capsule Nespresso ricaricabili\",\"url\":\"https:\/\/www.capfito.com\/fr\/\",\"logo\":{\"@type\":\"ImageObject\",\"inLanguage\":\"fr-FR\",\"@id\":\"https:\/\/www.capfito.com\/fr\/#\/schema\/logo\/image\/\",\"url\":\"https:\/\/www.capfito.com\/wp-content\/uploads\/2023\/02\/Logo_CAPFITO_pagamenti.jpg\",\"contentUrl\":\"https:\/\/www.capfito.com\/wp-content\/uploads\/2023\/02\/Logo_CAPFITO_pagamenti.jpg\",\"width\":570,\"height\":220,\"caption\":\"Capfito - Capsule Nespresso ricaricabili\"},\"image\":{\"@id\":\"https:\/\/www.capfito.com\/fr\/#\/schema\/logo\/image\/\"}}]}<\/script>\n<!-- \/ Yoast SEO plugin. -->","yoast_head_json":{"title":"Caf\u00e9 en Grains de Torr\u00e9faction Artisanale Italienne 250gr - Capfito - Capsule Nespresso ricaricabili","description":"Caf\u00e9 moulu issu de torr\u00e9faction artisanale italienne 250gr par capfito capsules nespresso r\u00e9utilisables","robots":{"index":"index","follow":"follow","max-snippet":"max-snippet:-1","max-image-preview":"max-image-preview:large","max-video-preview":"max-video-preview:-1"},"canonical":"https:\/\/www.capfito.com\/fr\/prodotto\/cafe-grains-de-torrefaction-artisanale-italienne-250gr-capsules-nespresso-reutilisables\/","og_locale":"fr_FR","og_type":"article","og_title":"Caf\u00e9 en Grains de Torr\u00e9faction Artisanale Italienne 250gr - Capfito - Capsule Nespresso ricaricabili","og_description":"Caf\u00e9 moulu issu de torr\u00e9faction artisanale italienne 250gr par capfito capsules nespresso r\u00e9utilisables","og_url":"https:\/\/www.capfito.com\/fr\/prodotto\/cafe-grains-de-torrefaction-artisanale-italienne-250gr-capsules-nespresso-reutilisables\/","og_site_name":"Capfito - Capsule Nespresso ricaricabili","article_modified_time":"2026-03-23T17:30:26+00:00","og_image":[{"width":2560,"height":2560,"url":"https:\/\/www.capfito.com\/wp-content\/uploads\/2025\/02\/Caffe_grani_capsule_riutilizzabili_nespresso_02-scaled.jpg","type":"image\/jpeg"}],"twitter_card":"summary_large_image","twitter_misc":{"Dur\u00e9e de lecture estim\u00e9e":"1 minute"},"schema":{"@context":"https:\/\/schema.org","@graph":[{"@type":"WebPage","@id":"https:\/\/www.capfito.com\/fr\/prodotto\/cafe-grains-de-torrefaction-artisanale-italienne-250gr-capsules-nespresso-reutilisables\/","url":"https:\/\/www.capfito.com\/fr\/prodotto\/cafe-grains-de-torrefaction-artisanale-italienne-250gr-capsules-nespresso-reutilisables\/","name":"Caf\u00e9 en Grains de Torr\u00e9faction Artisanale Italienne 250gr - Capfito - Capsule Nespresso ricaricabili","isPartOf":{"@id":"https:\/\/www.capfito.com\/fr\/#website"},"primaryImageOfPage":{"@id":"https:\/\/www.capfito.com\/fr\/prodotto\/cafe-grains-de-torrefaction-artisanale-italienne-250gr-capsules-nespresso-reutilisables\/#primaryimage"},"image":{"@id":"https:\/\/www.capfito.com\/fr\/prodotto\/cafe-grains-de-torrefaction-artisanale-italienne-250gr-capsules-nespresso-reutilisables\/#primaryimage"},"thumbnailUrl":"https:\/\/www.capfito.com\/wp-content\/uploads\/2025\/02\/Caffe_grani_capsule_riutilizzabili_nespresso_02-scaled.jpg","datePublished":"2025-02-11T10:37:41+00:00","dateModified":"2026-03-23T17:30:26+00:00","description":"Caf\u00e9 moulu issu de torr\u00e9faction artisanale italienne 250gr par capfito capsules nespresso r\u00e9utilisables","breadcrumb":{"@id":"https:\/\/www.capfito.com\/fr\/prodotto\/cafe-grains-de-torrefaction-artisanale-italienne-250gr-capsules-nespresso-reutilisables\/#breadcrumb"},"inLanguage":"fr-FR","potentialAction":[{"@type":"ReadAction","target":["https:\/\/www.capfito.com\/fr\/prodotto\/cafe-grains-de-torrefaction-artisanale-italienne-250gr-capsules-nespresso-reutilisables\/"]}]},{"@type":"ImageObject","inLanguage":"fr-FR","@id":"https:\/\/www.capfito.com\/fr\/prodotto\/cafe-grains-de-torrefaction-artisanale-italienne-250gr-capsules-nespresso-reutilisables\/#primaryimage","url":"https:\/\/www.capfito.com\/wp-content\/uploads\/2025\/02\/Caffe_grani_capsule_riutilizzabili_nespresso_02-scaled.jpg","contentUrl":"https:\/\/www.capfito.com\/wp-content\/uploads\/2025\/02\/Caffe_grani_capsule_riutilizzabili_nespresso_02-scaled.jpg","width":2560,"height":2560},{"@type":"BreadcrumbList","@id":"https:\/\/www.capfito.com\/fr\/prodotto\/cafe-grains-de-torrefaction-artisanale-italienne-250gr-capsules-nespresso-reutilisables\/#breadcrumb","itemListElement":[{"@type":"ListItem","position":1,"name":"Boutique Capfito","item":"https:\/\/www.capfito.com\/fr\/boutique\/"},{"@type":"ListItem","position":2,"name":"Caf\u00e9 en Grains de Torr\u00e9faction Artisanale Italienne 250gr"}]},{"@type":"WebSite","@id":"https:\/\/www.capfito.com\/fr\/#website","url":"https:\/\/www.capfito.com\/fr\/","name":"Capfito - Capsule Nespresso ricaricabili","description":"Capsule riutilizzabili nespresso compatibili ecologiche","publisher":{"@id":"https:\/\/www.capfito.com\/fr\/#organization"},"potentialAction":[{"@type":"SearchAction","target":{"@type":"EntryPoint","urlTemplate":"https:\/\/www.capfito.com\/fr\/?s={search_term_string}"},"query-input":{"@type":"PropertyValueSpecification","valueRequired":true,"valueName":"search_term_string"}}],"inLanguage":"fr-FR"},{"@type":"Organization","@id":"https:\/\/www.capfito.com\/fr\/#organization","name":"Capfito - Capsule Nespresso ricaricabili","url":"https:\/\/www.capfito.com\/fr\/","logo":{"@type":"ImageObject","inLanguage":"fr-FR","@id":"https:\/\/www.capfito.com\/fr\/#\/schema\/logo\/image\/","url":"https:\/\/www.capfito.com\/wp-content\/uploads\/2023\/02\/Logo_CAPFITO_pagamenti.jpg","contentUrl":"https:\/\/www.capfito.com\/wp-content\/uploads\/2023\/02\/Logo_CAPFITO_pagamenti.jpg","width":570,"height":220,"caption":"Capfito - Capsule Nespresso ricaricabili"},"image":{"@id":"https:\/\/www.capfito.com\/fr\/#\/schema\/logo\/image\/"}}]}},"_links":{"self":[{"href":"https:\/\/www.capfito.com\/fr\/wp-json\/wp\/v2\/product\/13798","targetHints":{"allow":["GET"]}}],"collection":[{"href":"https:\/\/www.capfito.com\/fr\/wp-json\/wp\/v2\/product"}],"about":[{"href":"https:\/\/www.capfito.com\/fr\/wp-json\/wp\/v2\/types\/product"}],"version-history":[{"count":18,"href":"https:\/\/www.capfito.com\/fr\/wp-json\/wp\/v2\/product\/13798\/revisions"}],"predecessor-version":[{"id":14385,"href":"https:\/\/www.capfito.com\/fr\/wp-json\/wp\/v2\/product\/13798\/revisions\/14385"}],"wp:featuredmedia":[{"embeddable":true,"href":"https:\/\/www.capfito.com\/fr\/wp-json\/wp\/v2\/media\/13802"}],"wp:attachment":[{"href":"https:\/\/www.capfito.com\/fr\/wp-json\/wp\/v2\/media?parent=13798"}],"wp:term":[{"taxonomy":"product_brand","embeddable":true,"href":"https:\/\/www.capfito.com\/fr\/wp-json\/wp\/v2\/product_brand?post=13798"},{"taxonomy":"product_cat","embeddable":true,"href":"https:\/\/www.capfito.com\/fr\/wp-json\/wp\/v2\/product_cat?post=13798"},{"taxonomy":"product_tag","embeddable":true,"href":"https:\/\/www.capfito.com\/fr\/wp-json\/wp\/v2\/product_tag?post=13798"}],"curies":[{"name":"wp","href":"https:\/\/api.w.org\/{rel}","templated":true}]}}