{"id":13767,"date":"2025-02-10T17:37:43","date_gmt":"2025-02-10T16:37:43","guid":{"rendered":"https:\/\/www.capfito.com\/?post_type=product&#038;p=13767"},"modified":"2025-04-11T15:49:28","modified_gmt":"2025-04-11T13:49:28","slug":"capfito-easy-noir-kit-capsues-nespresso-reutilizables","status":"publish","type":"product","link":"https:\/\/www.capfito.com\/fr\/prodotto\/capfito-easy-noir-kit-capsues-nespresso-reutilizables\/","title":{"rendered":"Capfito Easy Noir Kit"},"content":{"rendered":"\t\t<div data-elementor-type=\"wp-post\" data-elementor-id=\"13767\" class=\"elementor elementor-13767 elementor-13765\">\n\t\t\t\t\t\t<section class=\"elementor-section elementor-top-section elementor-element elementor-element-3a7ab2f elementor-section-boxed elementor-section-height-default elementor-section-height-default\" data-id=\"3a7ab2f\" data-element_type=\"section\" data-e-type=\"section\">\n\t\t\t\t\t\t<div class=\"elementor-container elementor-column-gap-default\">\n\t\t\t\t\t<div class=\"elementor-column elementor-col-100 elementor-top-column elementor-element elementor-element-c6f814b\" data-id=\"c6f814b\" data-element_type=\"column\" data-e-type=\"column\">\n\t\t\t<div class=\"elementor-widget-wrap elementor-element-populated\">\n\t\t\t\t\t\t<div class=\"elementor-element elementor-element-48ba525 elementor-widget elementor-widget-html\" data-id=\"48ba525\" data-element_type=\"widget\" data-e-type=\"widget\" data-widget_type=\"html.default\">\n\t\t\t\t<div class=\"elementor-widget-container\">\n\t\t\t\t\t\t\t\t<link rel=\"stylesheet\" id=\"elementor-post-12885-css\" href=\"https:\/\/www.capfito.com\/wp-content\/uploads\/elementor\/css\/post-12885.css?ver=1775746491\" type=\"text\/css\" media=\"all\">\n\t\t\t\t\t<div data-elementor-type=\"wp-post\" data-elementor-id=\"12885\" class=\"elementor elementor-12885 elementor-12883 elementor-12883\">\n\t\t\t\t\t\t<section class=\"elementor-section elementor-top-section elementor-element elementor-element-7fa0583 elementor-section-content-top elementor-section-boxed elementor-section-height-default elementor-section-height-default\" data-id=\"7fa0583\" data-element_type=\"section\" data-e-type=\"section\">\n\t\t\t\t\t\t<div class=\"elementor-container elementor-column-gap-default\">\n\t\t\t\t\t<div class=\"elementor-column elementor-col-50 elementor-top-column elementor-element elementor-element-2e923df7\" data-id=\"2e923df7\" data-element_type=\"column\" data-e-type=\"column\">\n\t\t\t<div class=\"elementor-widget-wrap elementor-element-populated\">\n\t\t\t\t\t\t<div class=\"elementor-element elementor-element-8e84e16 elementor-widget elementor-widget-wd_text_block\" data-id=\"8e84e16\" data-element_type=\"widget\" data-e-type=\"widget\" data-widget_type=\"wd_text_block.default\">\n\t\t\t\t<div class=\"elementor-widget-container\">\n\t\t\t\t\t\t\t<div class=\"wd-text-block reset-last-child text-left\">\n\t\t\t\n\t\t\t<p><strong> Kit composite :<\/strong><\/p><ul><li>1 pc CAPFITO Easy<\/li><li>1 pc Remplisseur \/ Entonnoir<\/li><li>4 pc capsules r\u00e9utilisables compatibles Nespresso<\/li><li>100 pcs Feuilles d'aluminium \u00f845mm<\/li><li>1 pc Mode d'emploi rapide en couleur<\/li><li>1 pc Livret d'instructions multilingue (IT-EN-FR-DE-ES ) T\u00e9l\u00e9chargement du code QR<\/li><\/ul><p><strong>Donn\u00e9es techniques :<\/strong><\/p><p><strong>Note pour la compatibilit\u00e9 : <span style=\"color: #ff8500;\">avec les machines Nespresso Original compatibles fabriqu\u00e9es apr\u00e8s octobre 2010<\/span>.<\/strong><\/p><p>Poids Capfito Easy : 166gr - Dimensions : D 50mm x H 50mm - Mat\u00e9riau : Aluminium anodis\u00e9<\/p><p>Bo\u00eete 190mm x 85mm x H 55mm - Poids 250gr<\/p>\n\t\t\t\t\t<\/div>\n\t\t\t\t\t\t<\/div>\n\t\t\t\t<\/div>\n\t\t\t\t\t<\/div>\n\t\t<\/div>\n\t\t\t\t<div class=\"elementor-column elementor-col-50 elementor-top-column elementor-element elementor-element-78fd86a6\" data-id=\"78fd86a6\" data-element_type=\"column\" data-e-type=\"column\">\n\t\t\t<div class=\"elementor-widget-wrap elementor-element-populated\">\n\t\t\t\t\t\t<div class=\"elementor-element elementor-element-f4f28de elementor-widget elementor-widget-html\" data-id=\"f4f28de\" data-element_type=\"widget\" data-e-type=\"widget\" data-widget_type=\"html.default\">\n\t\t\t\t<div class=\"elementor-widget-container\">\n\t\t\t\t\t<iframe width=\"100%\" height=\"315\" src=\"https:\/\/www.youtube-nocookie.com\/embed\/5efwYdAQwrA?rel=0\" title=\"YouTube video player\" frameborder=\"0\" allow=\"accelerometer; autoplay; clipboard-write; encrypted-media; gyroscope; picture-in-picture; web-share\" allowfullscreen><\/iframe>\n\t\t\t\t<\/div>\n\t\t\t\t<\/div>\n\t\t\t\t<div class=\"elementor-element elementor-element-4957d30 elementor-widget elementor-widget-html\" data-id=\"4957d30\" data-element_type=\"widget\" data-e-type=\"widget\" data-widget_type=\"html.default\">\n\t\t\t\t<div class=\"elementor-widget-container\">\n\t\t\t\t\t<iframe width=\"100%\" height=\"315\" src=\"https:\/\/www.youtube-nocookie.com\/embed\/mOqQQg6tGaI?rel=0\" title=\"YouTube video player\" frameborder=\"0\" allow=\"accelerometer; autoplay; clipboard-write; encrypted-media; gyroscope; picture-in-picture; web-share\" allowfullscreen><\/iframe>\n\t\t\t\t<\/div>\n\t\t\t\t<\/div>\n\t\t\t\t\t<\/div>\n\t\t<\/div>\n\t\t\t\t\t<\/div>\n\t\t<\/section>\n\t\t\t\t<\/div>\n\t\t\t\t\t\t<\/div>\n\t\t\t\t<\/div>\n\t\t\t\t\t<\/div>\n\t\t<\/div>\n\t\t\t\t\t<\/div>\n\t\t<\/section>\n\t\t\t\t<\/div>\n\t\t","protected":false},"excerpt":{"rendered":"<h2><span style=\"color: #ff6600;\"><strong>M\u00e9daille d&rsquo;or au Concours L\u00e9pine International de Paris 2024<\/strong><\/span><\/h2>\n<p>Avec <span style=\"color: #ff6600;\"><strong>Capfito Easy Brevet\u00e9<\/strong><\/span>, vous pouvez vous offrir une nouvelle exp\u00e9rience en remplissant, \u00e0 la maison ou en voyage, vos <span style=\"color: #ff6600;\"><strong>capsules Nespresso r\u00e9utilisables compatibles original<\/strong><\/span>, en choisissant votre m\u00e9lange pr\u00e9f\u00e9r\u00e9, ou un caf\u00e9 unique d&rsquo;origine unique, du th\u00e9 et des tisanes en feuilles, avec la possibilit\u00e9 d&rsquo;ajouter des ar\u00f4mes naturels comme des \u00e9pices.<br \/>\nCon\u00e7u pour \u00eatre facilement transport\u00e9 lors de vos voyages, en bateau ou en camping-car.<br \/>\nLes capsules sont ferm\u00e9es par le syst\u00e8me Capfito \u00e0 l&rsquo;aide de feuilles d&rsquo;aluminium aux caract\u00e9ristiques \u00e9quivalentes aux originales, <strong><span style=\"color: #ff6600;\">sans utilisation de colles ou d&rsquo;adh\u00e9sifs<\/span><\/strong>, garantissant ainsi une excellente extraction du caf\u00e9 sans endommager le m\u00e9canisme de la machine.<br \/>\nApr\u00e8s utilisation, les capsules Nespresso r\u00e9utilisables compatibles que nous fournissons peuvent \u00eatre vid\u00e9es et lav\u00e9es sous un jet d&rsquo;eau sans savon. Une fois s\u00e8ches, elles sont pr\u00eates \u00e0 \u00eatre remplies \u00e0 nouveau.<br \/>\nUne grande contribution \u00e0 la r\u00e9duction des d\u00e9chets : avec Capfito, nous avons un d\u00e9chet de quelques grammes d&rsquo;une feuille d&rsquo;aluminium pure.<br \/>\nAvec cette m\u00e9thode, vous avez la libert\u00e9 de r\u00e9aliser votre capsule avec le caf\u00e9 de votre choix, tout en \u00e9conomisant et en contribuant \u00e0 l&rsquo;\u00e9cologie.<\/p>\n<p><span style=\"color: #ff6600;\"><strong>\u00c9CONOMISEZ D\u00c8S MAINTENANT&#8230;!!!!<\/strong><\/span><br \/>\nAvec 1 kg de caf\u00e9 moulu, vous pouvez remplir 170<strong> capsules Nespresso r\u00e9utilisables compatibles !!!<\/strong> Le Kit Complet contient une bo\u00eete de 100 feuilles d&rsquo;aluminium qui vous permet de remplir imm\u00e9diatement 100 capsules !!!<\/p>\n<ul>\n<li class=\"default-style\">\ud83d\udcc3 <span style=\"color: #ff6600;\"><strong>Brevet Europ\u00e9en :<\/strong><\/span> Innovation prot\u00e9g\u00e9e pour une qualit\u00e9 unique.<\/li>\n<li class=\"default-style\">\u2705 <span style=\"color: #ff6600;\"><strong>COMPATIBLE AVEC TOUTES LES MACHINES NESPRESSO Original<\/strong><\/span> comme, y compris Essenza Mini, Essenza Plus, Inissia, Pixie, CitiZ, Lattissima One, Lattissima Touch, Gran Lattissima, Creatista Plus, Maestria, Atelier, ainsi que les machines Krups.<\/li>\n<li class=\"default-style\">\u26aa <span style=\"color: #ff6600;\"><strong>Fermeture de la capsule<\/strong><\/span> avec des feuilles d&rsquo;aluminium sans utilisation de colle ni d&rsquo;adh\u00e9sifs, pour garantir une s\u00e9curit\u00e9 et une praticit\u00e9 accrues.<\/li>\n<li class=\"default-style\">\u267b\ufe0f <span style=\"color: #ff6600;\"><strong>Capsules en polypropyl\u00e8ne<\/strong><\/span> faciles \u00e0 nettoyer et r\u00e9utiliser, r\u00e9duisant l&rsquo;impact environnemental et augmentant la commodit\u00e9 pour les consommateurs.<\/li>\n<li class=\"default-style\">\ud83d\udcb0 <span style=\"color: #ff6600;\"><strong>\u00c9conomie<\/strong><\/span> avec 1 kg de caf\u00e9 moulu, vous pouvez remplir 170 capsules ! Dans le kit complet, une bo\u00eete de 100 feuilles d&rsquo;aluminium vous permet de remplir imm\u00e9diatement 100 capsules !<\/li>\n<li class=\"default-style\">\u2615<span style=\"color: #ff6600;\"><strong>Pr\u00e9paration anticip\u00e9e des capsules :<\/strong><\/span> il est possible de pr\u00e9parer plusieurs capsules \u00e0 l&rsquo;avance et de les conserver dans un contenant, pr\u00eates \u00e0 l&#8217;emploi chaque matin ou au travail, pour un caf\u00e9 de qualit\u00e9 en quelques secondes.<\/li>\n<li class=\"default-style\">\ud83c\udf43 <span style=\"color: #ff6600;\"><strong>Polyvalence :<\/strong><\/span> en plus du caf\u00e9, les capsules Capfito Easy permettent de pr\u00e9parer du th\u00e9 et des infusions en feuilles, r\u00e9pondant ainsi aux pr\u00e9f\u00e9rences vari\u00e9es des consommateurs.<\/li>\n<li class=\"default-style\"><strong>\ud83d\udd28 <span style=\"color: #ff6600;\">Pressage du caf\u00e9 avec un tasseur<\/span><\/strong>, pour une excellente extraction et une qualit\u00e9 de caf\u00e9 sup\u00e9rieure.<\/li>\n<li class=\"default-style\">\ud83c\udfc5 <span style=\"color: #ff6600;\"><strong>Prix M\u00e9daille d&rsquo;Or au Concours L\u00e9pine<\/strong><\/span> International en France, r\u00e9compensant l&rsquo;innovation et la durabilit\u00e9 de notre produit.<\/li>\n<\/ul>\n<p><strong>Code : 8054154320448<\/strong><\/p>\n","protected":false},"featured_media":13770,"template":"","meta":[],"product_brand":[],"product_cat":[123],"product_tag":[125,128,129,131,132,127,130,126],"class_list":{"0":"post-13767","1":"product","2":"type-product","3":"status-publish","4":"has-post-thumbnail","6":"product_cat-kit-capfito-fr","7":"product_tag-capfito-fr","8":"product_tag-capsules-de-cafe","9":"product_tag-capsules-de-cafe-nespresso","10":"product_tag-capsules-de-cafe-rechargeables","11":"product_tag-capsules-nespresso","12":"product_tag-capsules-nespresso-reutilisables","13":"product_tag-capsules-rechargeables","14":"product_tag-capsules-reutilisables","16":"first","17":"instock","18":"shipping-taxable","19":"purchasable","20":"product-type-simple"},"yoast_head":"<!-- This site is optimized with the Yoast SEO plugin v27.2 - https:\/\/yoast.com\/product\/yoast-seo-wordpress\/ -->\n<title>Capfito Easy Noir Kit - Capfito - Capsule Nespresso ricaricabili<\/title>\n<meta name=\"description\" content=\"Avec Capfito Easy, vous pouvez vous offrir une nouvelle exp\u00e9rience en remplissant \u00e0 la maison ou en voyage les capsules Nespresso r\u00e9utilisables avec le syst\u00e8me de fermeture sans colle ni adh\u00e9sif.\" \/>\n<meta name=\"robots\" content=\"index, follow, max-snippet:-1, max-image-preview:large, max-video-preview:-1\" \/>\n<link rel=\"canonical\" href=\"https:\/\/www.capfito.com\/fr\/prodotto\/capfito-easy-noir-kit-capsues-nespresso-reutilizables\/\" \/>\n<meta property=\"og:locale\" content=\"fr_FR\" \/>\n<meta property=\"og:type\" content=\"article\" \/>\n<meta property=\"og:title\" content=\"Capfito Easy Noir Kit - Capfito - Capsule Nespresso ricaricabili\" \/>\n<meta property=\"og:description\" content=\"Avec Capfito Easy, vous pouvez vous offrir une nouvelle exp\u00e9rience en remplissant \u00e0 la maison ou en voyage les capsules Nespresso r\u00e9utilisables avec le syst\u00e8me de fermeture sans colle ni adh\u00e9sif.\" \/>\n<meta property=\"og:url\" content=\"https:\/\/www.capfito.com\/fr\/prodotto\/capfito-easy-noir-kit-capsues-nespresso-reutilizables\/\" \/>\n<meta property=\"og:site_name\" content=\"Capfito - Capsule Nespresso ricaricabili\" \/>\n<meta property=\"article:modified_time\" content=\"2025-04-11T13:49:28+00:00\" \/>\n<meta property=\"og:image\" content=\"https:\/\/www.capfito.com\/wp-content\/uploads\/2025\/02\/Capfito_Easy_nero_capsule_riutilizzabili_nespresso.webp\" \/>\n\t<meta property=\"og:image:width\" content=\"2526\" \/>\n\t<meta property=\"og:image:height\" content=\"2526\" \/>\n\t<meta property=\"og:image:type\" content=\"image\/webp\" \/>\n<meta name=\"twitter:card\" content=\"summary_large_image\" \/>\n<meta name=\"twitter:label1\" content=\"Dur\u00e9e de lecture estim\u00e9e\" \/>\n\t<meta name=\"twitter:data1\" content=\"1 minute\" \/>\n<script type=\"application\/ld+json\" class=\"yoast-schema-graph\">{\"@context\":\"https:\/\/schema.org\",\"@graph\":[{\"@type\":\"WebPage\",\"@id\":\"https:\/\/www.capfito.com\/fr\/prodotto\/capfito-easy-noir-kit-capsues-nespresso-reutilizables\/\",\"url\":\"https:\/\/www.capfito.com\/fr\/prodotto\/capfito-easy-noir-kit-capsues-nespresso-reutilizables\/\",\"name\":\"Capfito Easy Noir Kit - Capfito - Capsule Nespresso ricaricabili\",\"isPartOf\":{\"@id\":\"https:\/\/www.capfito.com\/fr\/#website\"},\"primaryImageOfPage\":{\"@id\":\"https:\/\/www.capfito.com\/fr\/prodotto\/capfito-easy-noir-kit-capsues-nespresso-reutilizables\/#primaryimage\"},\"image\":{\"@id\":\"https:\/\/www.capfito.com\/fr\/prodotto\/capfito-easy-noir-kit-capsues-nespresso-reutilizables\/#primaryimage\"},\"thumbnailUrl\":\"https:\/\/www.capfito.com\/wp-content\/uploads\/2025\/02\/Capfito_Easy_nero_capsule_riutilizzabili_nespresso.webp\",\"datePublished\":\"2025-02-10T16:37:43+00:00\",\"dateModified\":\"2025-04-11T13:49:28+00:00\",\"description\":\"Avec Capfito Easy, vous pouvez vous offrir une nouvelle exp\u00e9rience en remplissant \u00e0 la maison ou en voyage les capsules Nespresso r\u00e9utilisables avec le syst\u00e8me de fermeture sans colle ni adh\u00e9sif.\",\"breadcrumb\":{\"@id\":\"https:\/\/www.capfito.com\/fr\/prodotto\/capfito-easy-noir-kit-capsues-nespresso-reutilizables\/#breadcrumb\"},\"inLanguage\":\"fr-FR\",\"potentialAction\":[{\"@type\":\"ReadAction\",\"target\":[\"https:\/\/www.capfito.com\/fr\/prodotto\/capfito-easy-noir-kit-capsues-nespresso-reutilizables\/\"]}]},{\"@type\":\"ImageObject\",\"inLanguage\":\"fr-FR\",\"@id\":\"https:\/\/www.capfito.com\/fr\/prodotto\/capfito-easy-noir-kit-capsues-nespresso-reutilizables\/#primaryimage\",\"url\":\"https:\/\/www.capfito.com\/wp-content\/uploads\/2025\/02\/Capfito_Easy_nero_capsule_riutilizzabili_nespresso.webp\",\"contentUrl\":\"https:\/\/www.capfito.com\/wp-content\/uploads\/2025\/02\/Capfito_Easy_nero_capsule_riutilizzabili_nespresso.webp\",\"width\":2526,\"height\":2526},{\"@type\":\"BreadcrumbList\",\"@id\":\"https:\/\/www.capfito.com\/fr\/prodotto\/capfito-easy-noir-kit-capsues-nespresso-reutilizables\/#breadcrumb\",\"itemListElement\":[{\"@type\":\"ListItem\",\"position\":1,\"name\":\"Boutique Capfito\",\"item\":\"https:\/\/www.capfito.com\/fr\/boutique\/\"},{\"@type\":\"ListItem\",\"position\":2,\"name\":\"Capfito Easy Noir Kit\"}]},{\"@type\":\"WebSite\",\"@id\":\"https:\/\/www.capfito.com\/fr\/#website\",\"url\":\"https:\/\/www.capfito.com\/fr\/\",\"name\":\"Capfito - Capsule Nespresso ricaricabili\",\"description\":\"Capsule riutilizzabili nespresso compatibili ecologiche\",\"publisher\":{\"@id\":\"https:\/\/www.capfito.com\/fr\/#organization\"},\"potentialAction\":[{\"@type\":\"SearchAction\",\"target\":{\"@type\":\"EntryPoint\",\"urlTemplate\":\"https:\/\/www.capfito.com\/fr\/?s={search_term_string}\"},\"query-input\":{\"@type\":\"PropertyValueSpecification\",\"valueRequired\":true,\"valueName\":\"search_term_string\"}}],\"inLanguage\":\"fr-FR\"},{\"@type\":\"Organization\",\"@id\":\"https:\/\/www.capfito.com\/fr\/#organization\",\"name\":\"Capfito - Capsule Nespresso ricaricabili\",\"url\":\"https:\/\/www.capfito.com\/fr\/\",\"logo\":{\"@type\":\"ImageObject\",\"inLanguage\":\"fr-FR\",\"@id\":\"https:\/\/www.capfito.com\/fr\/#\/schema\/logo\/image\/\",\"url\":\"https:\/\/www.capfito.com\/wp-content\/uploads\/2023\/02\/Logo_CAPFITO_pagamenti.jpg\",\"contentUrl\":\"https:\/\/www.capfito.com\/wp-content\/uploads\/2023\/02\/Logo_CAPFITO_pagamenti.jpg\",\"width\":570,\"height\":220,\"caption\":\"Capfito - Capsule Nespresso ricaricabili\"},\"image\":{\"@id\":\"https:\/\/www.capfito.com\/fr\/#\/schema\/logo\/image\/\"}}]}<\/script>\n<!-- \/ Yoast SEO plugin. -->","yoast_head_json":{"title":"Capfito Easy Noir Kit - Capfito - Capsule Nespresso ricaricabili","description":"Avec Capfito Easy, vous pouvez vous offrir une nouvelle exp\u00e9rience en remplissant \u00e0 la maison ou en voyage les capsules Nespresso r\u00e9utilisables avec le syst\u00e8me de fermeture sans colle ni adh\u00e9sif.","robots":{"index":"index","follow":"follow","max-snippet":"max-snippet:-1","max-image-preview":"max-image-preview:large","max-video-preview":"max-video-preview:-1"},"canonical":"https:\/\/www.capfito.com\/fr\/prodotto\/capfito-easy-noir-kit-capsues-nespresso-reutilizables\/","og_locale":"fr_FR","og_type":"article","og_title":"Capfito Easy Noir Kit - Capfito - Capsule Nespresso ricaricabili","og_description":"Avec Capfito Easy, vous pouvez vous offrir une nouvelle exp\u00e9rience en remplissant \u00e0 la maison ou en voyage les capsules Nespresso r\u00e9utilisables avec le syst\u00e8me de fermeture sans colle ni adh\u00e9sif.","og_url":"https:\/\/www.capfito.com\/fr\/prodotto\/capfito-easy-noir-kit-capsues-nespresso-reutilizables\/","og_site_name":"Capfito - Capsule Nespresso ricaricabili","article_modified_time":"2025-04-11T13:49:28+00:00","og_image":[{"width":2526,"height":2526,"url":"https:\/\/www.capfito.com\/wp-content\/uploads\/2025\/02\/Capfito_Easy_nero_capsule_riutilizzabili_nespresso.webp","type":"image\/webp"}],"twitter_card":"summary_large_image","twitter_misc":{"Dur\u00e9e de lecture estim\u00e9e":"1 minute"},"schema":{"@context":"https:\/\/schema.org","@graph":[{"@type":"WebPage","@id":"https:\/\/www.capfito.com\/fr\/prodotto\/capfito-easy-noir-kit-capsues-nespresso-reutilizables\/","url":"https:\/\/www.capfito.com\/fr\/prodotto\/capfito-easy-noir-kit-capsues-nespresso-reutilizables\/","name":"Capfito Easy Noir Kit - Capfito - Capsule Nespresso ricaricabili","isPartOf":{"@id":"https:\/\/www.capfito.com\/fr\/#website"},"primaryImageOfPage":{"@id":"https:\/\/www.capfito.com\/fr\/prodotto\/capfito-easy-noir-kit-capsues-nespresso-reutilizables\/#primaryimage"},"image":{"@id":"https:\/\/www.capfito.com\/fr\/prodotto\/capfito-easy-noir-kit-capsues-nespresso-reutilizables\/#primaryimage"},"thumbnailUrl":"https:\/\/www.capfito.com\/wp-content\/uploads\/2025\/02\/Capfito_Easy_nero_capsule_riutilizzabili_nespresso.webp","datePublished":"2025-02-10T16:37:43+00:00","dateModified":"2025-04-11T13:49:28+00:00","description":"Avec Capfito Easy, vous pouvez vous offrir une nouvelle exp\u00e9rience en remplissant \u00e0 la maison ou en voyage les capsules Nespresso r\u00e9utilisables avec le syst\u00e8me de fermeture sans colle ni adh\u00e9sif.","breadcrumb":{"@id":"https:\/\/www.capfito.com\/fr\/prodotto\/capfito-easy-noir-kit-capsues-nespresso-reutilizables\/#breadcrumb"},"inLanguage":"fr-FR","potentialAction":[{"@type":"ReadAction","target":["https:\/\/www.capfito.com\/fr\/prodotto\/capfito-easy-noir-kit-capsues-nespresso-reutilizables\/"]}]},{"@type":"ImageObject","inLanguage":"fr-FR","@id":"https:\/\/www.capfito.com\/fr\/prodotto\/capfito-easy-noir-kit-capsues-nespresso-reutilizables\/#primaryimage","url":"https:\/\/www.capfito.com\/wp-content\/uploads\/2025\/02\/Capfito_Easy_nero_capsule_riutilizzabili_nespresso.webp","contentUrl":"https:\/\/www.capfito.com\/wp-content\/uploads\/2025\/02\/Capfito_Easy_nero_capsule_riutilizzabili_nespresso.webp","width":2526,"height":2526},{"@type":"BreadcrumbList","@id":"https:\/\/www.capfito.com\/fr\/prodotto\/capfito-easy-noir-kit-capsues-nespresso-reutilizables\/#breadcrumb","itemListElement":[{"@type":"ListItem","position":1,"name":"Boutique Capfito","item":"https:\/\/www.capfito.com\/fr\/boutique\/"},{"@type":"ListItem","position":2,"name":"Capfito Easy Noir Kit"}]},{"@type":"WebSite","@id":"https:\/\/www.capfito.com\/fr\/#website","url":"https:\/\/www.capfito.com\/fr\/","name":"Capfito - Capsule Nespresso ricaricabili","description":"Capsule riutilizzabili nespresso compatibili ecologiche","publisher":{"@id":"https:\/\/www.capfito.com\/fr\/#organization"},"potentialAction":[{"@type":"SearchAction","target":{"@type":"EntryPoint","urlTemplate":"https:\/\/www.capfito.com\/fr\/?s={search_term_string}"},"query-input":{"@type":"PropertyValueSpecification","valueRequired":true,"valueName":"search_term_string"}}],"inLanguage":"fr-FR"},{"@type":"Organization","@id":"https:\/\/www.capfito.com\/fr\/#organization","name":"Capfito - Capsule Nespresso ricaricabili","url":"https:\/\/www.capfito.com\/fr\/","logo":{"@type":"ImageObject","inLanguage":"fr-FR","@id":"https:\/\/www.capfito.com\/fr\/#\/schema\/logo\/image\/","url":"https:\/\/www.capfito.com\/wp-content\/uploads\/2023\/02\/Logo_CAPFITO_pagamenti.jpg","contentUrl":"https:\/\/www.capfito.com\/wp-content\/uploads\/2023\/02\/Logo_CAPFITO_pagamenti.jpg","width":570,"height":220,"caption":"Capfito - Capsule Nespresso ricaricabili"},"image":{"@id":"https:\/\/www.capfito.com\/fr\/#\/schema\/logo\/image\/"}}]}},"_links":{"self":[{"href":"https:\/\/www.capfito.com\/fr\/wp-json\/wp\/v2\/product\/13767","targetHints":{"allow":["GET"]}}],"collection":[{"href":"https:\/\/www.capfito.com\/fr\/wp-json\/wp\/v2\/product"}],"about":[{"href":"https:\/\/www.capfito.com\/fr\/wp-json\/wp\/v2\/types\/product"}],"version-history":[{"count":3,"href":"https:\/\/www.capfito.com\/fr\/wp-json\/wp\/v2\/product\/13767\/revisions"}],"predecessor-version":[{"id":14214,"href":"https:\/\/www.capfito.com\/fr\/wp-json\/wp\/v2\/product\/13767\/revisions\/14214"}],"wp:featuredmedia":[{"embeddable":true,"href":"https:\/\/www.capfito.com\/fr\/wp-json\/wp\/v2\/media\/13770"}],"wp:attachment":[{"href":"https:\/\/www.capfito.com\/fr\/wp-json\/wp\/v2\/media?parent=13767"}],"wp:term":[{"taxonomy":"product_brand","embeddable":true,"href":"https:\/\/www.capfito.com\/fr\/wp-json\/wp\/v2\/product_brand?post=13767"},{"taxonomy":"product_cat","embeddable":true,"href":"https:\/\/www.capfito.com\/fr\/wp-json\/wp\/v2\/product_cat?post=13767"},{"taxonomy":"product_tag","embeddable":true,"href":"https:\/\/www.capfito.com\/fr\/wp-json\/wp\/v2\/product_tag?post=13767"}],"curies":[{"name":"wp","href":"https:\/\/api.w.org\/{rel}","templated":true}]}}