{"id":10797,"date":"2023-02-03T17:43:43","date_gmt":"2023-02-03T16:43:43","guid":{"rendered":"https:\/\/www.capfito.com\/prodotto\/capsules-reutilisables-compatibles-nespresso-12pcs\/"},"modified":"2025-11-30T16:56:53","modified_gmt":"2025-11-30T15:56:53","slug":"capsules-reutilisables-compatibles-nespresso-12pcs","status":"publish","type":"product","link":"https:\/\/www.capfito.com\/fr\/prodotto\/capsules-reutilisables-compatibles-nespresso-12pcs\/","title":{"rendered":"Capsules r\u00e9utilisables compatibles Nespresso &#8211; 12pcs"},"content":{"rendered":"\t\t<div data-elementor-type=\"wp-post\" data-elementor-id=\"10797\" class=\"elementor elementor-10797 elementor-10268\">\n\t\t\t\t\t\t<section class=\"elementor-section elementor-top-section elementor-element elementor-element-5d19a6b elementor-section-boxed elementor-section-height-default elementor-section-height-default\" data-id=\"5d19a6b\" data-element_type=\"section\" data-e-type=\"section\">\n\t\t\t\t\t\t<div class=\"elementor-container elementor-column-gap-default\">\n\t\t\t\t\t<div class=\"elementor-column elementor-col-100 elementor-top-column elementor-element elementor-element-36847ab\" data-id=\"36847ab\" data-element_type=\"column\" data-e-type=\"column\">\n\t\t\t<div class=\"elementor-widget-wrap elementor-element-populated\">\n\t\t\t\t\t\t<div class=\"elementor-element elementor-element-ea189cf elementor-widget elementor-widget-html\" data-id=\"ea189cf\" data-element_type=\"widget\" data-e-type=\"widget\" data-widget_type=\"html.default\">\n\t\t\t\t<div class=\"elementor-widget-container\">\n\t\t\t\t\t\t\t\t<link rel=\"stylesheet\" id=\"elementor-post-10851-css\" href=\"https:\/\/www.capfito.com\/wp-content\/uploads\/elementor\/css\/post-10851.css?ver=1777289793\" type=\"text\/css\" media=\"all\">\n\t\t\t\t\t<div data-elementor-type=\"wp-post\" data-elementor-id=\"10851\" class=\"elementor elementor-10851 elementor-10274 elementor-10274\">\n\t\t\t\t\t\t<section class=\"elementor-section elementor-top-section elementor-element elementor-element-7fa0583 elementor-section-content-top elementor-section-boxed elementor-section-height-default elementor-section-height-default\" data-id=\"7fa0583\" data-element_type=\"section\" data-e-type=\"section\">\n\t\t\t\t\t\t<div class=\"elementor-container elementor-column-gap-default\">\n\t\t\t\t\t<div class=\"elementor-column elementor-col-50 elementor-top-column elementor-element elementor-element-2e923df7\" data-id=\"2e923df7\" data-element_type=\"column\" data-e-type=\"column\">\n\t\t\t<div class=\"elementor-widget-wrap elementor-element-populated\">\n\t\t\t\t\t\t<div class=\"elementor-element elementor-element-8e84e16 elementor-widget elementor-widget-wd_text_block\" data-id=\"8e84e16\" data-element_type=\"widget\" data-e-type=\"widget\" data-widget_type=\"wd_text_block.default\">\n\t\t\t\t<div class=\"elementor-widget-container\">\n\t\t\t\t\t\t\t<div class=\"wd-text-block reset-last-child text-left\">\n\t\t\t\n\t\t\t<p><strong>  Compos\u00e9 :<\/strong><\/p><ul><li>12 pcs Capsules r\u00e9utilisables \u00e0 utiliser avec les machines Nespresso  <\/li><\/ul><p><strong>Donn\u00e9es techniques :<\/strong><\/p><p>Poids de la capsule : 2.1gr - Dimensions : D 37mm x H 26mm - Mat\u00e9riau : Polypropyl\u00e8ne<\/p><p>La capsule est adapt\u00e9e au contact avec les aliments suivants :<\/p><p>Sucres et produits \u00e0 base de sucre (sous forme solide), fruits s\u00e9ch\u00e9s ou d\u00e9shydrat\u00e9s, fruits en flocons ou en poudre, l\u00e9gumes s\u00e9ch\u00e9s ou d\u00e9shydrat\u00e9s, \u0153ufs en poudre ou s\u00e9ch\u00e9s, lait en poudre, poudre de cacao maigre, caf\u00e9 torr\u00e9fi\u00e9 en poudre, herbes s\u00e9ch\u00e9es, \u00e9pices s\u00e9ch\u00e9es et ar\u00f4mes.<\/p><p>La capsule est adapt\u00e9e au contact prolong\u00e9 avec des aliments secs \u00e0 temp\u00e9rature ambiante et au contact avec de l'eau \u00e0 haute temp\u00e9rature pour la distribution de boissons, pendant une dur\u00e9e maximale de 5 minutes.<\/p><p> <\/p><p>Bo\u00eete 80mm x 110mm x 27mm - Poids 41gr<\/p>\n\t\t\t\t\t<\/div>\n\t\t\t\t\t\t<\/div>\n\t\t\t\t<\/div>\n\t\t\t\t\t<\/div>\n\t\t<\/div>\n\t\t\t\t<div class=\"elementor-column elementor-col-50 elementor-top-column elementor-element elementor-element-78fd86a6\" data-id=\"78fd86a6\" data-element_type=\"column\" data-e-type=\"column\">\n\t\t\t<div class=\"elementor-widget-wrap elementor-element-populated\">\n\t\t\t\t\t\t<div class=\"elementor-element elementor-element-56fa741 elementor-widget elementor-widget-html\" data-id=\"56fa741\" data-element_type=\"widget\" data-e-type=\"widget\" data-widget_type=\"html.default\">\n\t\t\t\t<div class=\"elementor-widget-container\">\n\t\t\t\t\t<iframe width=\"100%\" height=\"315\" src=\"https:\/\/www.youtube-nocookie.com\/embed\/SPsekhliWZ8?rel=0\" title=\"YouTube video player\" frameborder=\"0\" allow=\"accelerometer; autoplay; clipboard-write; encrypted-media; gyroscope; picture-in-picture; web-share\" allowfullscreen><\/iframe>\n\t\t\t\t<\/div>\n\t\t\t\t<\/div>\n\t\t\t\t<div class=\"elementor-element elementor-element-5560c94 elementor-widget elementor-widget-html\" data-id=\"5560c94\" data-element_type=\"widget\" data-e-type=\"widget\" data-widget_type=\"html.default\">\n\t\t\t\t<div class=\"elementor-widget-container\">\n\t\t\t\t\t<iframe width=\"100%\" height=\"315\" src=\"https:\/\/www.youtube-nocookie.com\/embed\/psrAoOILmP4?rel=0\" title=\"YouTube video player\" frameborder=\"0\" allow=\"accelerometer; autoplay; clipboard-write; encrypted-media; gyroscope; picture-in-picture; web-share\" allowfullscreen><\/iframe>\n\t\t\t\t<\/div>\n\t\t\t\t<\/div>\n\t\t\t\t\t<\/div>\n\t\t<\/div>\n\t\t\t\t\t<\/div>\n\t\t<\/section>\n\t\t\t\t<\/div>\n\t\t\t\t\t\t<\/div>\n\t\t\t\t<\/div>\n\t\t\t\t\t<\/div>\n\t\t<\/div>\n\t\t\t\t\t<\/div>\n\t\t<\/section>\n\t\t\t\t<\/div>\n\t\t","protected":false},"excerpt":{"rendered":"<h2>Capsules Nespresso r\u00e9utilisables<\/h2>\n<p>Capsules \u00e0 remplir de caf\u00e9 moulu et de boissons instantan\u00e9es<\/p>\n<p>Avec les capsules, une fois utilis\u00e9es, il suffit de les vider et de les laver \u00e0 l&rsquo;eau apr\u00e8s avoir retir\u00e9 la feuille d&rsquo;aluminium, qui doit \u00eatre jet\u00e9e dans la collecte s\u00e9lective des d\u00e9chets.<\/p>\n<p>Une fois lav\u00e9s, ne les utilisez pas imm\u00e9diatement, mais laissez-les s\u00e9cher compl\u00e8tement afin que le caf\u00e9 que vous y remettrez ne cr\u00e9e pas de moisissures.<\/p>\n<p><strong>Code 8054154320158<\/strong><\/p>\n","protected":false},"featured_media":10095,"template":"","meta":[],"product_brand":[],"product_cat":[123],"product_tag":[125,128,129,131,132,127,130,126],"class_list":{"0":"post-10797","1":"product","2":"type-product","3":"status-publish","4":"has-post-thumbnail","6":"product_cat-kit-capfito-fr","7":"product_tag-capfito-fr","8":"product_tag-capsules-de-cafe","9":"product_tag-capsules-de-cafe-nespresso","10":"product_tag-capsules-de-cafe-rechargeables","11":"product_tag-capsules-nespresso","12":"product_tag-capsules-nespresso-reutilisables","13":"product_tag-capsules-rechargeables","14":"product_tag-capsules-reutilisables","16":"first","17":"instock","18":"shipping-taxable","19":"purchasable","20":"product-type-simple"},"yoast_head":"<!-- This site is optimized with the Yoast SEO plugin v27.2 - https:\/\/yoast.com\/product\/yoast-seo-wordpress\/ -->\n<title>Capsules r\u00e9utilisables compatibles Nespresso - 12pcs - Capfito - Capsule Nespresso ricaricabili<\/title>\n<meta name=\"description\" content=\"Capsules r\u00e9utilisables compatibles Nespresso - 12pcs. Capsules \u00e0 remplir de caf\u00e9 moulu et de boissons instantan\u00e9es que vous pouvez laver et r\u00e9utiliser.\" \/>\n<meta name=\"robots\" content=\"index, follow, max-snippet:-1, max-image-preview:large, max-video-preview:-1\" \/>\n<link rel=\"canonical\" href=\"https:\/\/www.capfito.com\/fr\/prodotto\/capsules-reutilisables-compatibles-nespresso-12pcs\/\" \/>\n<meta property=\"og:locale\" content=\"fr_FR\" \/>\n<meta property=\"og:type\" content=\"article\" \/>\n<meta property=\"og:title\" content=\"Capsules r\u00e9utilisables compatibles Nespresso - 12pcs - Capfito - Capsule Nespresso ricaricabili\" \/>\n<meta property=\"og:description\" content=\"Capsules r\u00e9utilisables compatibles Nespresso - 12pcs. Capsules \u00e0 remplir de caf\u00e9 moulu et de boissons instantan\u00e9es que vous pouvez laver et r\u00e9utiliser.\" \/>\n<meta property=\"og:url\" content=\"https:\/\/www.capfito.com\/fr\/prodotto\/capsules-reutilisables-compatibles-nespresso-12pcs\/\" \/>\n<meta property=\"og:site_name\" content=\"Capfito - Capsule Nespresso ricaricabili\" \/>\n<meta property=\"article:modified_time\" content=\"2025-11-30T15:56:53+00:00\" \/>\n<meta property=\"og:image\" content=\"https:\/\/www.capfito.com\/wp-content\/uploads\/2023\/01\/shop_capsule_riutilizzabili_capsule.jpg\" \/>\n\t<meta property=\"og:image:width\" content=\"1703\" \/>\n\t<meta property=\"og:image:height\" content=\"1702\" \/>\n\t<meta property=\"og:image:type\" content=\"image\/jpeg\" \/>\n<meta name=\"twitter:card\" content=\"summary_large_image\" \/>\n<meta name=\"twitter:label1\" content=\"Dur\u00e9e de lecture estim\u00e9e\" \/>\n\t<meta name=\"twitter:data1\" content=\"1 minute\" \/>\n<script type=\"application\/ld+json\" class=\"yoast-schema-graph\">{\"@context\":\"https:\/\/schema.org\",\"@graph\":[{\"@type\":\"WebPage\",\"@id\":\"https:\/\/www.capfito.com\/fr\/prodotto\/capsules-reutilisables-compatibles-nespresso-12pcs\/\",\"url\":\"https:\/\/www.capfito.com\/fr\/prodotto\/capsules-reutilisables-compatibles-nespresso-12pcs\/\",\"name\":\"Capsules r\u00e9utilisables compatibles Nespresso - 12pcs - Capfito - Capsule Nespresso ricaricabili\",\"isPartOf\":{\"@id\":\"https:\/\/www.capfito.com\/fr\/#website\"},\"primaryImageOfPage\":{\"@id\":\"https:\/\/www.capfito.com\/fr\/prodotto\/capsules-reutilisables-compatibles-nespresso-12pcs\/#primaryimage\"},\"image\":{\"@id\":\"https:\/\/www.capfito.com\/fr\/prodotto\/capsules-reutilisables-compatibles-nespresso-12pcs\/#primaryimage\"},\"thumbnailUrl\":\"https:\/\/www.capfito.com\/wp-content\/uploads\/2023\/01\/shop_capsule_riutilizzabili_capsule.jpg\",\"datePublished\":\"2023-02-03T16:43:43+00:00\",\"dateModified\":\"2025-11-30T15:56:53+00:00\",\"description\":\"Capsules r\u00e9utilisables compatibles Nespresso - 12pcs. Capsules \u00e0 remplir de caf\u00e9 moulu et de boissons instantan\u00e9es que vous pouvez laver et r\u00e9utiliser.\",\"breadcrumb\":{\"@id\":\"https:\/\/www.capfito.com\/fr\/prodotto\/capsules-reutilisables-compatibles-nespresso-12pcs\/#breadcrumb\"},\"inLanguage\":\"fr-FR\",\"potentialAction\":[{\"@type\":\"ReadAction\",\"target\":[\"https:\/\/www.capfito.com\/fr\/prodotto\/capsules-reutilisables-compatibles-nespresso-12pcs\/\"]}]},{\"@type\":\"ImageObject\",\"inLanguage\":\"fr-FR\",\"@id\":\"https:\/\/www.capfito.com\/fr\/prodotto\/capsules-reutilisables-compatibles-nespresso-12pcs\/#primaryimage\",\"url\":\"https:\/\/www.capfito.com\/wp-content\/uploads\/2023\/01\/shop_capsule_riutilizzabili_capsule.jpg\",\"contentUrl\":\"https:\/\/www.capfito.com\/wp-content\/uploads\/2023\/01\/shop_capsule_riutilizzabili_capsule.jpg\",\"width\":1703,\"height\":1702,\"caption\":\"capsule_riutilizzabili_capsule\"},{\"@type\":\"BreadcrumbList\",\"@id\":\"https:\/\/www.capfito.com\/fr\/prodotto\/capsules-reutilisables-compatibles-nespresso-12pcs\/#breadcrumb\",\"itemListElement\":[{\"@type\":\"ListItem\",\"position\":1,\"name\":\"Boutique Capfito\",\"item\":\"https:\/\/www.capfito.com\/fr\/boutique\/\"},{\"@type\":\"ListItem\",\"position\":2,\"name\":\"Capsules r\u00e9utilisables compatibles Nespresso &#8211; 12pcs\"}]},{\"@type\":\"WebSite\",\"@id\":\"https:\/\/www.capfito.com\/fr\/#website\",\"url\":\"https:\/\/www.capfito.com\/fr\/\",\"name\":\"Capfito - Capsule Nespresso ricaricabili\",\"description\":\"Capsule riutilizzabili nespresso compatibili ecologiche\",\"publisher\":{\"@id\":\"https:\/\/www.capfito.com\/fr\/#organization\"},\"potentialAction\":[{\"@type\":\"SearchAction\",\"target\":{\"@type\":\"EntryPoint\",\"urlTemplate\":\"https:\/\/www.capfito.com\/fr\/?s={search_term_string}\"},\"query-input\":{\"@type\":\"PropertyValueSpecification\",\"valueRequired\":true,\"valueName\":\"search_term_string\"}}],\"inLanguage\":\"fr-FR\"},{\"@type\":\"Organization\",\"@id\":\"https:\/\/www.capfito.com\/fr\/#organization\",\"name\":\"Capfito - Capsule Nespresso ricaricabili\",\"url\":\"https:\/\/www.capfito.com\/fr\/\",\"logo\":{\"@type\":\"ImageObject\",\"inLanguage\":\"fr-FR\",\"@id\":\"https:\/\/www.capfito.com\/fr\/#\/schema\/logo\/image\/\",\"url\":\"https:\/\/www.capfito.com\/wp-content\/uploads\/2023\/02\/Logo_CAPFITO_pagamenti.jpg\",\"contentUrl\":\"https:\/\/www.capfito.com\/wp-content\/uploads\/2023\/02\/Logo_CAPFITO_pagamenti.jpg\",\"width\":570,\"height\":220,\"caption\":\"Capfito - Capsule Nespresso ricaricabili\"},\"image\":{\"@id\":\"https:\/\/www.capfito.com\/fr\/#\/schema\/logo\/image\/\"}}]}<\/script>\n<!-- \/ Yoast SEO plugin. -->","yoast_head_json":{"title":"Capsules r\u00e9utilisables compatibles Nespresso - 12pcs - Capfito - Capsule Nespresso ricaricabili","description":"Capsules r\u00e9utilisables compatibles Nespresso - 12pcs. Capsules \u00e0 remplir de caf\u00e9 moulu et de boissons instantan\u00e9es que vous pouvez laver et r\u00e9utiliser.","robots":{"index":"index","follow":"follow","max-snippet":"max-snippet:-1","max-image-preview":"max-image-preview:large","max-video-preview":"max-video-preview:-1"},"canonical":"https:\/\/www.capfito.com\/fr\/prodotto\/capsules-reutilisables-compatibles-nespresso-12pcs\/","og_locale":"fr_FR","og_type":"article","og_title":"Capsules r\u00e9utilisables compatibles Nespresso - 12pcs - Capfito - Capsule Nespresso ricaricabili","og_description":"Capsules r\u00e9utilisables compatibles Nespresso - 12pcs. Capsules \u00e0 remplir de caf\u00e9 moulu et de boissons instantan\u00e9es que vous pouvez laver et r\u00e9utiliser.","og_url":"https:\/\/www.capfito.com\/fr\/prodotto\/capsules-reutilisables-compatibles-nespresso-12pcs\/","og_site_name":"Capfito - Capsule Nespresso ricaricabili","article_modified_time":"2025-11-30T15:56:53+00:00","og_image":[{"width":1703,"height":1702,"url":"https:\/\/www.capfito.com\/wp-content\/uploads\/2023\/01\/shop_capsule_riutilizzabili_capsule.jpg","type":"image\/jpeg"}],"twitter_card":"summary_large_image","twitter_misc":{"Dur\u00e9e de lecture estim\u00e9e":"1 minute"},"schema":{"@context":"https:\/\/schema.org","@graph":[{"@type":"WebPage","@id":"https:\/\/www.capfito.com\/fr\/prodotto\/capsules-reutilisables-compatibles-nespresso-12pcs\/","url":"https:\/\/www.capfito.com\/fr\/prodotto\/capsules-reutilisables-compatibles-nespresso-12pcs\/","name":"Capsules r\u00e9utilisables compatibles Nespresso - 12pcs - Capfito - Capsule Nespresso ricaricabili","isPartOf":{"@id":"https:\/\/www.capfito.com\/fr\/#website"},"primaryImageOfPage":{"@id":"https:\/\/www.capfito.com\/fr\/prodotto\/capsules-reutilisables-compatibles-nespresso-12pcs\/#primaryimage"},"image":{"@id":"https:\/\/www.capfito.com\/fr\/prodotto\/capsules-reutilisables-compatibles-nespresso-12pcs\/#primaryimage"},"thumbnailUrl":"https:\/\/www.capfito.com\/wp-content\/uploads\/2023\/01\/shop_capsule_riutilizzabili_capsule.jpg","datePublished":"2023-02-03T16:43:43+00:00","dateModified":"2025-11-30T15:56:53+00:00","description":"Capsules r\u00e9utilisables compatibles Nespresso - 12pcs. Capsules \u00e0 remplir de caf\u00e9 moulu et de boissons instantan\u00e9es que vous pouvez laver et r\u00e9utiliser.","breadcrumb":{"@id":"https:\/\/www.capfito.com\/fr\/prodotto\/capsules-reutilisables-compatibles-nespresso-12pcs\/#breadcrumb"},"inLanguage":"fr-FR","potentialAction":[{"@type":"ReadAction","target":["https:\/\/www.capfito.com\/fr\/prodotto\/capsules-reutilisables-compatibles-nespresso-12pcs\/"]}]},{"@type":"ImageObject","inLanguage":"fr-FR","@id":"https:\/\/www.capfito.com\/fr\/prodotto\/capsules-reutilisables-compatibles-nespresso-12pcs\/#primaryimage","url":"https:\/\/www.capfito.com\/wp-content\/uploads\/2023\/01\/shop_capsule_riutilizzabili_capsule.jpg","contentUrl":"https:\/\/www.capfito.com\/wp-content\/uploads\/2023\/01\/shop_capsule_riutilizzabili_capsule.jpg","width":1703,"height":1702,"caption":"capsule_riutilizzabili_capsule"},{"@type":"BreadcrumbList","@id":"https:\/\/www.capfito.com\/fr\/prodotto\/capsules-reutilisables-compatibles-nespresso-12pcs\/#breadcrumb","itemListElement":[{"@type":"ListItem","position":1,"name":"Boutique Capfito","item":"https:\/\/www.capfito.com\/fr\/boutique\/"},{"@type":"ListItem","position":2,"name":"Capsules r\u00e9utilisables compatibles Nespresso &#8211; 12pcs"}]},{"@type":"WebSite","@id":"https:\/\/www.capfito.com\/fr\/#website","url":"https:\/\/www.capfito.com\/fr\/","name":"Capfito - Capsule Nespresso ricaricabili","description":"Capsule riutilizzabili nespresso compatibili ecologiche","publisher":{"@id":"https:\/\/www.capfito.com\/fr\/#organization"},"potentialAction":[{"@type":"SearchAction","target":{"@type":"EntryPoint","urlTemplate":"https:\/\/www.capfito.com\/fr\/?s={search_term_string}"},"query-input":{"@type":"PropertyValueSpecification","valueRequired":true,"valueName":"search_term_string"}}],"inLanguage":"fr-FR"},{"@type":"Organization","@id":"https:\/\/www.capfito.com\/fr\/#organization","name":"Capfito - Capsule Nespresso ricaricabili","url":"https:\/\/www.capfito.com\/fr\/","logo":{"@type":"ImageObject","inLanguage":"fr-FR","@id":"https:\/\/www.capfito.com\/fr\/#\/schema\/logo\/image\/","url":"https:\/\/www.capfito.com\/wp-content\/uploads\/2023\/02\/Logo_CAPFITO_pagamenti.jpg","contentUrl":"https:\/\/www.capfito.com\/wp-content\/uploads\/2023\/02\/Logo_CAPFITO_pagamenti.jpg","width":570,"height":220,"caption":"Capfito - Capsule Nespresso ricaricabili"},"image":{"@id":"https:\/\/www.capfito.com\/fr\/#\/schema\/logo\/image\/"}}]}},"_links":{"self":[{"href":"https:\/\/www.capfito.com\/fr\/wp-json\/wp\/v2\/product\/10797","targetHints":{"allow":["GET"]}}],"collection":[{"href":"https:\/\/www.capfito.com\/fr\/wp-json\/wp\/v2\/product"}],"about":[{"href":"https:\/\/www.capfito.com\/fr\/wp-json\/wp\/v2\/types\/product"}],"version-history":[{"count":1,"href":"https:\/\/www.capfito.com\/fr\/wp-json\/wp\/v2\/product\/10797\/revisions"}],"predecessor-version":[{"id":10798,"href":"https:\/\/www.capfito.com\/fr\/wp-json\/wp\/v2\/product\/10797\/revisions\/10798"}],"wp:featuredmedia":[{"embeddable":true,"href":"https:\/\/www.capfito.com\/fr\/wp-json\/wp\/v2\/media\/10095"}],"wp:attachment":[{"href":"https:\/\/www.capfito.com\/fr\/wp-json\/wp\/v2\/media?parent=10797"}],"wp:term":[{"taxonomy":"product_brand","embeddable":true,"href":"https:\/\/www.capfito.com\/fr\/wp-json\/wp\/v2\/product_brand?post=10797"},{"taxonomy":"product_cat","embeddable":true,"href":"https:\/\/www.capfito.com\/fr\/wp-json\/wp\/v2\/product_cat?post=10797"},{"taxonomy":"product_tag","embeddable":true,"href":"https:\/\/www.capfito.com\/fr\/wp-json\/wp\/v2\/product_tag?post=10797"}],"curies":[{"name":"wp","href":"https:\/\/api.w.org\/{rel}","templated":true}]}}