{"id":10781,"date":"2021-08-27T11:34:33","date_gmt":"2021-08-27T09:34:33","guid":{"rendered":"https:\/\/www.capfito.com\/prodotto\/kit-cuivre-capfito\/"},"modified":"2025-02-10T18:27:59","modified_gmt":"2025-02-10T17:27:59","slug":"capfito-cuivre-kit-capsules-nespresso-reutilisables","status":"publish","type":"product","link":"https:\/\/www.capfito.com\/fr\/prodotto\/capfito-cuivre-kit-capsules-nespresso-reutilisables\/","title":{"rendered":"Capfito Cuivre Kit"},"content":{"rendered":"\t\t<div data-elementor-type=\"wp-post\" data-elementor-id=\"10781\" class=\"elementor elementor-10781 elementor-323\">\n\t\t\t\t\t\t<section class=\"elementor-section elementor-top-section elementor-element elementor-element-4a380f5 elementor-section-boxed elementor-section-height-default elementor-section-height-default\" data-id=\"4a380f5\" data-element_type=\"section\" data-e-type=\"section\">\n\t\t\t\t\t\t<div class=\"elementor-container elementor-column-gap-default\">\n\t\t\t\t\t<div class=\"elementor-column elementor-col-100 elementor-top-column elementor-element elementor-element-e0060f6\" data-id=\"e0060f6\" data-element_type=\"column\" data-e-type=\"column\">\n\t\t\t<div class=\"elementor-widget-wrap elementor-element-populated\">\n\t\t\t\t\t\t<div class=\"elementor-element elementor-element-64c4251 elementor-widget elementor-widget-html\" data-id=\"64c4251\" data-element_type=\"widget\" data-e-type=\"widget\" data-widget_type=\"html.default\">\n\t\t\t\t<div class=\"elementor-widget-container\">\n\t\t\t\t\t\t\t\t<link rel=\"stylesheet\" id=\"elementor-post-10847-css\" href=\"https:\/\/www.capfito.com\/wp-content\/uploads\/elementor\/css\/post-10847.css?ver=1775746752\" type=\"text\/css\" media=\"all\">\n\t\t\t\t\t<div data-elementor-type=\"wp-post\" data-elementor-id=\"10847\" class=\"elementor elementor-10847 elementor-10206 elementor-10206\">\n\t\t\t\t\t\t<section class=\"elementor-section elementor-top-section elementor-element elementor-element-7fa0583 elementor-section-content-top elementor-section-boxed elementor-section-height-default elementor-section-height-default\" data-id=\"7fa0583\" data-element_type=\"section\" data-e-type=\"section\">\n\t\t\t\t\t\t<div class=\"elementor-container elementor-column-gap-default\">\n\t\t\t\t\t<div class=\"elementor-column elementor-col-50 elementor-top-column elementor-element elementor-element-2e923df7\" data-id=\"2e923df7\" data-element_type=\"column\" data-e-type=\"column\">\n\t\t\t<div class=\"elementor-widget-wrap elementor-element-populated\">\n\t\t\t\t\t\t<div class=\"elementor-element elementor-element-8e84e16 elementor-widget elementor-widget-wd_text_block\" data-id=\"8e84e16\" data-element_type=\"widget\" data-e-type=\"widget\" data-widget_type=\"wd_text_block.default\">\n\t\t\t\t<div class=\"elementor-widget-container\">\n\t\t\t\t\t\t\t<div class=\"wd-text-block reset-last-child text-left\">\n\t\t\t\n\t\t\t<p><strong>  Kit composite :<\/strong><\/p><ul><li>  1 pc CAPFITO Couleur Aluminium<\/li><li>  1 pc Remplisseur \/ Entonnoir<\/li><li>  12 capsules r\u00e9utilisables compatibles Nespresso<\/li><li>100 pcs Feuilles d'aluminium \u00f845mm<\/li><li>  1 pc Mode d'emploi rapide en couleur<\/li><li>  1 pc Livret d'instructions multilingue (IT-EN-FR-DE-ES )<\/li><\/ul><p><strong>Donn\u00e9es techniques :<\/strong><\/p><p><strong>Note pour la compatibilit\u00e9 : <span style=\"color: #ff8500;\">avec les machines Nespresso Original compatibles fabriqu\u00e9es apr\u00e8s octobre 2010<\/span>.<\/strong><\/p><p><br>Poids captur\u00e9 : 435gr - Dimensions : D 60mm x H 90mm - Mat\u00e9riau : Aluminium anodis\u00e9<\/p><p>Bo\u00eete 230mm x 160mm x 70mm - Poids 650gr<\/p>\n\t\t\t\t\t<\/div>\n\t\t\t\t\t\t<\/div>\n\t\t\t\t<\/div>\n\t\t\t\t\t<\/div>\n\t\t<\/div>\n\t\t\t\t<div class=\"elementor-column elementor-col-50 elementor-top-column elementor-element elementor-element-78fd86a6\" data-id=\"78fd86a6\" data-element_type=\"column\" data-e-type=\"column\">\n\t\t\t<div class=\"elementor-widget-wrap elementor-element-populated\">\n\t\t\t\t\t\t<div class=\"elementor-element elementor-element-9f34066 elementor-widget elementor-widget-html\" data-id=\"9f34066\" data-element_type=\"widget\" data-e-type=\"widget\" data-widget_type=\"html.default\">\n\t\t\t\t<div class=\"elementor-widget-container\">\n\t\t\t\t\t<iframe width=\"100%\" height=\"315\" src=\"https:\/\/www.youtube-nocookie.com\/embed\/SPsekhliWZ8?rel=0\" title=\"YouTube video player\" frameborder=\"0\" allow=\"accelerometer; autoplay; clipboard-write; encrypted-media; gyroscope; picture-in-picture; web-share\" allowfullscreen><\/iframe>\n\t\t\t\t<\/div>\n\t\t\t\t<\/div>\n\t\t\t\t<div class=\"elementor-element elementor-element-5a91764 elementor-widget elementor-widget-html\" data-id=\"5a91764\" data-element_type=\"widget\" data-e-type=\"widget\" data-widget_type=\"html.default\">\n\t\t\t\t<div class=\"elementor-widget-container\">\n\t\t\t\t\t<iframe width=\"100%\" height=\"315\" src=\"https:\/\/www.youtube-nocookie.com\/embed\/psrAoOILmP4?rel=0\" title=\"YouTube video player\" frameborder=\"0\" allow=\"accelerometer; autoplay; clipboard-write; encrypted-media; gyroscope; picture-in-picture; web-share\" allowfullscreen><\/iframe>\n\t\t\t\t<\/div>\n\t\t\t\t<\/div>\n\t\t\t\t\t<\/div>\n\t\t<\/div>\n\t\t\t\t\t<\/div>\n\t\t<\/section>\n\t\t\t\t<\/div>\n\t\t\t\t\t\t<\/div>\n\t\t\t\t<\/div>\n\t\t\t\t\t<\/div>\n\t\t<\/div>\n\t\t\t\t\t<\/div>\n\t\t<\/section>\n\t\t\t\t<\/div>\n\t\t","protected":false},"excerpt":{"rendered":"<h2>Capsules Nespresso r\u00e9utilisables<\/h2>\n<p>Gr\u00e2ce au <strong style=\"color: #ff8500;\">syst\u00e8me brevet\u00e9 Capfito<\/strong>, vous pouvez vous offrir une nouvelle exp\u00e9rience en remplissant chez vous des <strong style=\"color: #ff8500;\">capsules Nespresso compatibles originales r\u00e9utilisables<\/strong>, en choisissant votre m\u00e9lange pr\u00e9f\u00e9r\u00e9 ou un caf\u00e9 unique d&rsquo;origine unique, avec la possibilit\u00e9 d&rsquo;ajouter des ar\u00f4mes naturels tels que des \u00e9pices.<\/p>\n<p>Les caf\u00e9s aromatis\u00e9s aux \u00e9pices ont d&rsquo;innombrables propri\u00e9t\u00e9s, allant des propri\u00e9t\u00e9s digestives comme la cardamome et le gingembre, \u00e0 celles protectrices du syst\u00e8me cardiovasculaire comme le poivre et la cannelle.<\/p>\n<p>Les capsules sont scell\u00e9es par le syst\u00e8me Capfito \u00e0 l&rsquo;aide de feuilles d&rsquo;aluminium aux caract\u00e9ristiques \u00e9quivalentes aux originaux, sans utilisation d&rsquo;adh\u00e9sifs ou de colles, de sorte que le caf\u00e9 est distribu\u00e9 sans endommager le m\u00e9canisme de la machine.<\/p>\n<p>Apr\u00e8s utilisation, les capsules Nespresso compatibles r\u00e9utilisables fournies par nos soins peuvent \u00eatre vid\u00e9es et lav\u00e9es sous un jet d&rsquo;eau sans savon. Une fois secs, ils sont pr\u00eats \u00e0 \u00eatre remplis \u00e0 nouveau.<\/p>\n<p><strong style=\"color: #ff8500;\">Gr\u00e2ce \u00e0 cette m\u00e9thode, vous avez la libert\u00e9 de pr\u00e9parer la capsule avec votre caf\u00e9 pr\u00e9f\u00e9r\u00e9, ce qui vous permet de faire des \u00e9conomies et de contribuer \u00e0 l&rsquo;\u00e9cologie.<\/strong><\/p>\n<p><strong style=\"color: #ff8500;\">SAVE NOW &#8230; ! !!!<\/strong><\/p>\n<p>Avec 1kg de caf\u00e9 moulu, vous pouvez remplir 170 <strong>capsules Nespresso compatibles et r\u00e9utilisables<\/strong>! !!<br \/>\nUn paquet de 100 feuilles d&rsquo;aluminium est fourni dans le kit complet, vous permettant de remplir 100 g\u00e9lules imm\u00e9diatement !<\/p>\n<p><strong>Code : 8054154320011<\/strong><\/p>\n","protected":false},"featured_media":11453,"template":"","meta":[],"product_brand":[],"product_cat":[123],"product_tag":[125,128,129,131,132,127,130,126],"class_list":{"0":"post-10781","1":"product","2":"type-product","3":"status-publish","4":"has-post-thumbnail","6":"product_cat-kit-capfito-fr","7":"product_tag-capfito-fr","8":"product_tag-capsules-de-cafe","9":"product_tag-capsules-de-cafe-nespresso","10":"product_tag-capsules-de-cafe-rechargeables","11":"product_tag-capsules-nespresso","12":"product_tag-capsules-nespresso-reutilisables","13":"product_tag-capsules-rechargeables","14":"product_tag-capsules-reutilisables","16":"first","17":"instock","18":"shipping-taxable","19":"purchasable","20":"product-type-simple"},"yoast_head":"<!-- This site is optimized with the Yoast SEO plugin v27.2 - https:\/\/yoast.com\/product\/yoast-seo-wordpress\/ -->\n<title>Capfito Cuivre Kit - Capfito - Capsule Nespresso ricaricabili<\/title>\n<meta name=\"description\" content=\"Capsules Nespresso r\u00e9utilisables. Avec Capfito, vous pouvez vous offrir une nouvelle exp\u00e9rience en remplissant chez vous des capsules Nespresso r\u00e9utilisables.\" \/>\n<meta name=\"robots\" content=\"index, follow, max-snippet:-1, max-image-preview:large, max-video-preview:-1\" \/>\n<link rel=\"canonical\" href=\"https:\/\/www.capfito.com\/fr\/prodotto\/capfito-cuivre-kit-capsules-nespresso-reutilisables\/\" \/>\n<meta property=\"og:locale\" content=\"fr_FR\" \/>\n<meta property=\"og:type\" content=\"article\" \/>\n<meta property=\"og:title\" content=\"Capfito Cuivre Kit - Capfito - Capsule Nespresso ricaricabili\" \/>\n<meta property=\"og:description\" content=\"Capsules Nespresso r\u00e9utilisables. Avec Capfito, vous pouvez vous offrir une nouvelle exp\u00e9rience en remplissant chez vous des capsules Nespresso r\u00e9utilisables.\" \/>\n<meta property=\"og:url\" content=\"https:\/\/www.capfito.com\/fr\/prodotto\/capfito-cuivre-kit-capsules-nespresso-reutilisables\/\" \/>\n<meta property=\"og:site_name\" content=\"Capfito - Capsule Nespresso ricaricabili\" \/>\n<meta property=\"article:modified_time\" content=\"2025-02-10T17:27:59+00:00\" \/>\n<meta property=\"og:image\" content=\"https:\/\/www.capfito.com\/wp-content\/uploads\/2021\/08\/shop_capsule_riutilizzabili_capfito_rame.webp\" \/>\n\t<meta property=\"og:image:width\" content=\"1703\" \/>\n\t<meta property=\"og:image:height\" content=\"1702\" \/>\n\t<meta property=\"og:image:type\" content=\"image\/webp\" \/>\n<meta name=\"twitter:card\" content=\"summary_large_image\" \/>\n<meta name=\"twitter:label1\" content=\"Dur\u00e9e de lecture estim\u00e9e\" \/>\n\t<meta name=\"twitter:data1\" content=\"1 minute\" \/>\n<script type=\"application\/ld+json\" class=\"yoast-schema-graph\">{\"@context\":\"https:\/\/schema.org\",\"@graph\":[{\"@type\":\"WebPage\",\"@id\":\"https:\/\/www.capfito.com\/fr\/prodotto\/capfito-cuivre-kit-capsules-nespresso-reutilisables\/\",\"url\":\"https:\/\/www.capfito.com\/fr\/prodotto\/capfito-cuivre-kit-capsules-nespresso-reutilisables\/\",\"name\":\"Capfito Cuivre Kit - Capfito - Capsule Nespresso ricaricabili\",\"isPartOf\":{\"@id\":\"https:\/\/www.capfito.com\/fr\/#website\"},\"primaryImageOfPage\":{\"@id\":\"https:\/\/www.capfito.com\/fr\/prodotto\/capfito-cuivre-kit-capsules-nespresso-reutilisables\/#primaryimage\"},\"image\":{\"@id\":\"https:\/\/www.capfito.com\/fr\/prodotto\/capfito-cuivre-kit-capsules-nespresso-reutilisables\/#primaryimage\"},\"thumbnailUrl\":\"https:\/\/www.capfito.com\/wp-content\/uploads\/2021\/08\/shop_capsule_riutilizzabili_capfito_rame.webp\",\"datePublished\":\"2021-08-27T09:34:33+00:00\",\"dateModified\":\"2025-02-10T17:27:59+00:00\",\"description\":\"Capsules Nespresso r\u00e9utilisables. Avec Capfito, vous pouvez vous offrir une nouvelle exp\u00e9rience en remplissant chez vous des capsules Nespresso r\u00e9utilisables.\",\"breadcrumb\":{\"@id\":\"https:\/\/www.capfito.com\/fr\/prodotto\/capfito-cuivre-kit-capsules-nespresso-reutilisables\/#breadcrumb\"},\"inLanguage\":\"fr-FR\",\"potentialAction\":[{\"@type\":\"ReadAction\",\"target\":[\"https:\/\/www.capfito.com\/fr\/prodotto\/capfito-cuivre-kit-capsules-nespresso-reutilisables\/\"]}]},{\"@type\":\"ImageObject\",\"inLanguage\":\"fr-FR\",\"@id\":\"https:\/\/www.capfito.com\/fr\/prodotto\/capfito-cuivre-kit-capsules-nespresso-reutilisables\/#primaryimage\",\"url\":\"https:\/\/www.capfito.com\/wp-content\/uploads\/2021\/08\/shop_capsule_riutilizzabili_capfito_rame.webp\",\"contentUrl\":\"https:\/\/www.capfito.com\/wp-content\/uploads\/2021\/08\/shop_capsule_riutilizzabili_capfito_rame.webp\",\"width\":1703,\"height\":1702,\"caption\":\"capsule_riutilizzabili_capfito_rame\"},{\"@type\":\"BreadcrumbList\",\"@id\":\"https:\/\/www.capfito.com\/fr\/prodotto\/capfito-cuivre-kit-capsules-nespresso-reutilisables\/#breadcrumb\",\"itemListElement\":[{\"@type\":\"ListItem\",\"position\":1,\"name\":\"Boutique Capfito\",\"item\":\"https:\/\/www.capfito.com\/fr\/boutique\/\"},{\"@type\":\"ListItem\",\"position\":2,\"name\":\"Capfito Cuivre Kit\"}]},{\"@type\":\"WebSite\",\"@id\":\"https:\/\/www.capfito.com\/fr\/#website\",\"url\":\"https:\/\/www.capfito.com\/fr\/\",\"name\":\"Capfito - Capsule Nespresso ricaricabili\",\"description\":\"Capsule riutilizzabili nespresso compatibili ecologiche\",\"publisher\":{\"@id\":\"https:\/\/www.capfito.com\/fr\/#organization\"},\"potentialAction\":[{\"@type\":\"SearchAction\",\"target\":{\"@type\":\"EntryPoint\",\"urlTemplate\":\"https:\/\/www.capfito.com\/fr\/?s={search_term_string}\"},\"query-input\":{\"@type\":\"PropertyValueSpecification\",\"valueRequired\":true,\"valueName\":\"search_term_string\"}}],\"inLanguage\":\"fr-FR\"},{\"@type\":\"Organization\",\"@id\":\"https:\/\/www.capfito.com\/fr\/#organization\",\"name\":\"Capfito - Capsule Nespresso ricaricabili\",\"url\":\"https:\/\/www.capfito.com\/fr\/\",\"logo\":{\"@type\":\"ImageObject\",\"inLanguage\":\"fr-FR\",\"@id\":\"https:\/\/www.capfito.com\/fr\/#\/schema\/logo\/image\/\",\"url\":\"https:\/\/www.capfito.com\/wp-content\/uploads\/2023\/02\/Logo_CAPFITO_pagamenti.jpg\",\"contentUrl\":\"https:\/\/www.capfito.com\/wp-content\/uploads\/2023\/02\/Logo_CAPFITO_pagamenti.jpg\",\"width\":570,\"height\":220,\"caption\":\"Capfito - Capsule Nespresso ricaricabili\"},\"image\":{\"@id\":\"https:\/\/www.capfito.com\/fr\/#\/schema\/logo\/image\/\"}}]}<\/script>\n<!-- \/ Yoast SEO plugin. -->","yoast_head_json":{"title":"Capfito Cuivre Kit - Capfito - Capsule Nespresso ricaricabili","description":"Capsules Nespresso r\u00e9utilisables. Avec Capfito, vous pouvez vous offrir une nouvelle exp\u00e9rience en remplissant chez vous des capsules Nespresso r\u00e9utilisables.","robots":{"index":"index","follow":"follow","max-snippet":"max-snippet:-1","max-image-preview":"max-image-preview:large","max-video-preview":"max-video-preview:-1"},"canonical":"https:\/\/www.capfito.com\/fr\/prodotto\/capfito-cuivre-kit-capsules-nespresso-reutilisables\/","og_locale":"fr_FR","og_type":"article","og_title":"Capfito Cuivre Kit - Capfito - Capsule Nespresso ricaricabili","og_description":"Capsules Nespresso r\u00e9utilisables. Avec Capfito, vous pouvez vous offrir une nouvelle exp\u00e9rience en remplissant chez vous des capsules Nespresso r\u00e9utilisables.","og_url":"https:\/\/www.capfito.com\/fr\/prodotto\/capfito-cuivre-kit-capsules-nespresso-reutilisables\/","og_site_name":"Capfito - Capsule Nespresso ricaricabili","article_modified_time":"2025-02-10T17:27:59+00:00","og_image":[{"width":1703,"height":1702,"url":"https:\/\/www.capfito.com\/wp-content\/uploads\/2021\/08\/shop_capsule_riutilizzabili_capfito_rame.webp","type":"image\/webp"}],"twitter_card":"summary_large_image","twitter_misc":{"Dur\u00e9e de lecture estim\u00e9e":"1 minute"},"schema":{"@context":"https:\/\/schema.org","@graph":[{"@type":"WebPage","@id":"https:\/\/www.capfito.com\/fr\/prodotto\/capfito-cuivre-kit-capsules-nespresso-reutilisables\/","url":"https:\/\/www.capfito.com\/fr\/prodotto\/capfito-cuivre-kit-capsules-nespresso-reutilisables\/","name":"Capfito Cuivre Kit - Capfito - Capsule Nespresso ricaricabili","isPartOf":{"@id":"https:\/\/www.capfito.com\/fr\/#website"},"primaryImageOfPage":{"@id":"https:\/\/www.capfito.com\/fr\/prodotto\/capfito-cuivre-kit-capsules-nespresso-reutilisables\/#primaryimage"},"image":{"@id":"https:\/\/www.capfito.com\/fr\/prodotto\/capfito-cuivre-kit-capsules-nespresso-reutilisables\/#primaryimage"},"thumbnailUrl":"https:\/\/www.capfito.com\/wp-content\/uploads\/2021\/08\/shop_capsule_riutilizzabili_capfito_rame.webp","datePublished":"2021-08-27T09:34:33+00:00","dateModified":"2025-02-10T17:27:59+00:00","description":"Capsules Nespresso r\u00e9utilisables. Avec Capfito, vous pouvez vous offrir une nouvelle exp\u00e9rience en remplissant chez vous des capsules Nespresso r\u00e9utilisables.","breadcrumb":{"@id":"https:\/\/www.capfito.com\/fr\/prodotto\/capfito-cuivre-kit-capsules-nespresso-reutilisables\/#breadcrumb"},"inLanguage":"fr-FR","potentialAction":[{"@type":"ReadAction","target":["https:\/\/www.capfito.com\/fr\/prodotto\/capfito-cuivre-kit-capsules-nespresso-reutilisables\/"]}]},{"@type":"ImageObject","inLanguage":"fr-FR","@id":"https:\/\/www.capfito.com\/fr\/prodotto\/capfito-cuivre-kit-capsules-nespresso-reutilisables\/#primaryimage","url":"https:\/\/www.capfito.com\/wp-content\/uploads\/2021\/08\/shop_capsule_riutilizzabili_capfito_rame.webp","contentUrl":"https:\/\/www.capfito.com\/wp-content\/uploads\/2021\/08\/shop_capsule_riutilizzabili_capfito_rame.webp","width":1703,"height":1702,"caption":"capsule_riutilizzabili_capfito_rame"},{"@type":"BreadcrumbList","@id":"https:\/\/www.capfito.com\/fr\/prodotto\/capfito-cuivre-kit-capsules-nespresso-reutilisables\/#breadcrumb","itemListElement":[{"@type":"ListItem","position":1,"name":"Boutique Capfito","item":"https:\/\/www.capfito.com\/fr\/boutique\/"},{"@type":"ListItem","position":2,"name":"Capfito Cuivre Kit"}]},{"@type":"WebSite","@id":"https:\/\/www.capfito.com\/fr\/#website","url":"https:\/\/www.capfito.com\/fr\/","name":"Capfito - Capsule Nespresso ricaricabili","description":"Capsule riutilizzabili nespresso compatibili ecologiche","publisher":{"@id":"https:\/\/www.capfito.com\/fr\/#organization"},"potentialAction":[{"@type":"SearchAction","target":{"@type":"EntryPoint","urlTemplate":"https:\/\/www.capfito.com\/fr\/?s={search_term_string}"},"query-input":{"@type":"PropertyValueSpecification","valueRequired":true,"valueName":"search_term_string"}}],"inLanguage":"fr-FR"},{"@type":"Organization","@id":"https:\/\/www.capfito.com\/fr\/#organization","name":"Capfito - Capsule Nespresso ricaricabili","url":"https:\/\/www.capfito.com\/fr\/","logo":{"@type":"ImageObject","inLanguage":"fr-FR","@id":"https:\/\/www.capfito.com\/fr\/#\/schema\/logo\/image\/","url":"https:\/\/www.capfito.com\/wp-content\/uploads\/2023\/02\/Logo_CAPFITO_pagamenti.jpg","contentUrl":"https:\/\/www.capfito.com\/wp-content\/uploads\/2023\/02\/Logo_CAPFITO_pagamenti.jpg","width":570,"height":220,"caption":"Capfito - Capsule Nespresso ricaricabili"},"image":{"@id":"https:\/\/www.capfito.com\/fr\/#\/schema\/logo\/image\/"}}]}},"_links":{"self":[{"href":"https:\/\/www.capfito.com\/fr\/wp-json\/wp\/v2\/product\/10781","targetHints":{"allow":["GET"]}}],"collection":[{"href":"https:\/\/www.capfito.com\/fr\/wp-json\/wp\/v2\/product"}],"about":[{"href":"https:\/\/www.capfito.com\/fr\/wp-json\/wp\/v2\/types\/product"}],"version-history":[{"count":6,"href":"https:\/\/www.capfito.com\/fr\/wp-json\/wp\/v2\/product\/10781\/revisions"}],"predecessor-version":[{"id":13792,"href":"https:\/\/www.capfito.com\/fr\/wp-json\/wp\/v2\/product\/10781\/revisions\/13792"}],"wp:featuredmedia":[{"embeddable":true,"href":"https:\/\/www.capfito.com\/fr\/wp-json\/wp\/v2\/media\/11453"}],"wp:attachment":[{"href":"https:\/\/www.capfito.com\/fr\/wp-json\/wp\/v2\/media?parent=10781"}],"wp:term":[{"taxonomy":"product_brand","embeddable":true,"href":"https:\/\/www.capfito.com\/fr\/wp-json\/wp\/v2\/product_brand?post=10781"},{"taxonomy":"product_cat","embeddable":true,"href":"https:\/\/www.capfito.com\/fr\/wp-json\/wp\/v2\/product_cat?post=10781"},{"taxonomy":"product_tag","embeddable":true,"href":"https:\/\/www.capfito.com\/fr\/wp-json\/wp\/v2\/product_tag?post=10781"}],"curies":[{"name":"wp","href":"https:\/\/api.w.org\/{rel}","templated":true}]}}