{"id":10594,"date":"2023-01-17T17:57:13","date_gmt":"2023-01-17T16:57:13","guid":{"rendered":"https:\/\/www.capfito.com\/frais-de-port\/"},"modified":"2023-01-17T17:57:13","modified_gmt":"2023-01-17T16:57:13","slug":"frais-de-port","status":"publish","type":"page","link":"https:\/\/www.capfito.com\/fr\/frais-de-port\/","title":{"rendered":"Frais de port"},"content":{"rendered":"\t\t\t<link rel=\"stylesheet\" id=\"elementor-post-10841-css\" href=\"https:\/\/www.capfito.com\/wp-content\/uploads\/elementor\/css\/post-10841.css?ver=1777216674\" type=\"text\/css\" media=\"all\">\n\t\t\t\t\t<div data-elementor-type=\"wp-post\" data-elementor-id=\"10841\" class=\"elementor elementor-10841 elementor-726\">\n\t\t\t\t\t\t<section class=\"elementor-section elementor-top-section elementor-element elementor-element-7fa0583 elementor-section-content-top elementor-section-boxed elementor-section-height-default elementor-section-height-default\" data-id=\"7fa0583\" data-element_type=\"section\" data-e-type=\"section\">\n\t\t\t\t\t\t<div class=\"elementor-container elementor-column-gap-default\">\n\t\t\t\t\t<div class=\"elementor-column elementor-col-50 elementor-top-column elementor-element elementor-element-2e923df7\" data-id=\"2e923df7\" data-element_type=\"column\" data-e-type=\"column\">\n\t\t\t<div class=\"elementor-widget-wrap elementor-element-populated\">\n\t\t\t\t\t\t<div class=\"elementor-element elementor-element-8e84e16 elementor-widget elementor-widget-wd_text_block\" data-id=\"8e84e16\" data-element_type=\"widget\" data-e-type=\"widget\" data-widget_type=\"wd_text_block.default\">\n\t\t\t\t<div class=\"elementor-widget-container\">\n\t\t\t\t\t\t\t<div class=\"wd-text-block reset-last-child text-left\">\n\t\t\t\n\t\t\t<h2 style=\"color: #ff8500; font-size: 14pt;\">Exp\u00e9dition Italie: \u20ac 6,50 (\u00e0 l'exclusion des \u00eeles mineures)<br \/>Exp\u00e9dition Europe: \u20ac 8,90<\/h2><h2 style=\"color: #ff8500; font-size: 14pt;\">Allemagne - France - Belgique - Principaut\u00e9 de Monaco - Espagne - Luxembourg - Pologne - Slov\u00e9nie - Hongrie - Autriche\u00a0<\/h2><h3>Exp\u00e9dition<\/h3><p>La commande sera trait\u00e9e dans les 2 jours ouvrables italiens apr\u00e8s confirmation et paiement de la commande. Les d\u00e9lais de livraison sont approximativement estim\u00e9s pour l'Italie \u00e0 2 - 4 jours ouvrables italiens, pour l'Union europ\u00e9enne \u00e0 4 - 8 jours ouvrables italiens, pour le reste du monde \u00e0 8 - 16 jours ouvrables italiens. Veuillez noter que les jours ouvrables excluent les samedis et les dimanches, les f\u00eates nationales italiennes et celles qui pr\u00e9c\u00e8dent imm\u00e9diatement les jours f\u00e9ri\u00e9s italiens ainsi que le mois d'ao\u00fbt de chaque ann\u00e9e. Pour les pays qui ne sont pas automatiquement accept\u00e9s par notre site, veuillez nous contacter par e-mail pour convenir des m\u00e9thodes, d\u00e9lais et co\u00fbts d'exp\u00e9dition.<\/p>\n\t\t\t\t\t<\/div>\n\t\t\t\t\t\t<\/div>\n\t\t\t\t<\/div>\n\t\t\t\t\t<\/div>\n\t\t<\/div>\n\t\t\t\t<div class=\"elementor-column elementor-col-50 elementor-top-column elementor-element elementor-element-78fd86a6\" data-id=\"78fd86a6\" data-element_type=\"column\" data-e-type=\"column\">\n\t\t\t<div class=\"elementor-widget-wrap elementor-element-populated\">\n\t\t\t\t\t\t<div class=\"elementor-element elementor-element-74ec8c4 elementor-widget elementor-widget-wd_text_block\" data-id=\"74ec8c4\" data-element_type=\"widget\" data-e-type=\"widget\" data-widget_type=\"wd_text_block.default\">\n\t\t\t\t<div class=\"elementor-widget-container\">\n\t\t\t\t\t\t\t<div class=\"wd-text-block reset-last-child text-left\">\n\t\t\t\n\t\t\t<h2>  Livraison<\/h2><p>Afin d'obtenir une livraison plus rapide et plus ponctuelle, il est recommand\u00e9 de fournir des informations pr\u00e9cises et compl\u00e8tes sur la destination (nom et pr\u00e9nom du destinataire, adresse compl\u00e8te avec num\u00e9ro de maison et code postal, num\u00e9ro de t\u00e9l\u00e9phone et adresse \u00e9lectronique).<\/p><p>La livraison sera effectu\u00e9e principalement par les courriers express de GLS - Poste Italiane ; les courriers express peuvent demander \u00e0 \u00eatre retir\u00e9s dans leurs magasins affili\u00e9s les plus proches de l'adresse du destinataire sans que cela n'implique aucune charge\/responsabilit\u00e9 pour notre soci\u00e9t\u00e9.<\/p><p> <\/p><h3>Autres pays non membres de l'UE<\/h3><p>Si nos envois ne parviennent pas jusqu'\u00e0 votre pays hors de l'UE, ne vous inqui\u00e9tez pas : vous pouvez acheter des mod\u00e8les Capfito sur notre site web, et les faire enlever par votre coursier express \u00e0 l'adresse suivante : \"Capfito srl - Piazza Innocenzo Vigliardi Paravia 9\/c - 10144 TORINO - Italy\" \u00e0 un jour et une heure \u00e0 convenir avec nous par e-mail<\/p>\n\t\t\t\t\t<\/div>\n\t\t\t\t\t\t<\/div>\n\t\t\t\t<\/div>\n\t\t\t\t\t<\/div>\n\t\t<\/div>\n\t\t\t\t\t<\/div>\n\t\t<\/section>\n\t\t\t\t<\/div>\n\t\t\n","protected":false},"excerpt":{"rendered":"","protected":false},"author":1,"featured_media":0,"parent":0,"menu_order":0,"comment_status":"closed","ping_status":"closed","template":"","meta":{"footnotes":""},"class_list":["post-10594","page","type-page","status-publish","hentry"],"yoast_head":"<!-- This site is optimized with the Yoast SEO plugin v27.2 - https:\/\/yoast.com\/product\/yoast-seo-wordpress\/ -->\n<title>Frais de port - Capfito - Capsule Nespresso ricaricabili<\/title>\n<meta name=\"robots\" content=\"index, follow, max-snippet:-1, max-image-preview:large, max-video-preview:-1\" \/>\n<link rel=\"canonical\" href=\"https:\/\/www.capfito.com\/fr\/frais-de-port\/\" \/>\n<meta property=\"og:locale\" content=\"fr_FR\" \/>\n<meta property=\"og:type\" content=\"article\" \/>\n<meta property=\"og:title\" content=\"Frais de port - Capfito - Capsule Nespresso ricaricabili\" \/>\n<meta property=\"og:url\" content=\"https:\/\/www.capfito.com\/fr\/frais-de-port\/\" \/>\n<meta property=\"og:site_name\" content=\"Capfito - Capsule Nespresso ricaricabili\" \/>\n<meta name=\"twitter:card\" content=\"summary_large_image\" \/>\n<script type=\"application\/ld+json\" class=\"yoast-schema-graph\">{\"@context\":\"https:\/\/schema.org\",\"@graph\":[{\"@type\":\"WebPage\",\"@id\":\"https:\/\/www.capfito.com\/fr\/frais-de-port\/\",\"url\":\"https:\/\/www.capfito.com\/fr\/frais-de-port\/\",\"name\":\"Frais de port - Capfito - Capsule Nespresso ricaricabili\",\"isPartOf\":{\"@id\":\"https:\/\/www.capfito.com\/fr\/#website\"},\"datePublished\":\"2023-01-17T16:57:13+00:00\",\"inLanguage\":\"fr-FR\",\"potentialAction\":[{\"@type\":\"ReadAction\",\"target\":[\"https:\/\/www.capfito.com\/fr\/frais-de-port\/\"]}]},{\"@type\":\"WebSite\",\"@id\":\"https:\/\/www.capfito.com\/fr\/#website\",\"url\":\"https:\/\/www.capfito.com\/fr\/\",\"name\":\"Capfito - Capsule Nespresso ricaricabili\",\"description\":\"Capsule riutilizzabili nespresso compatibili ecologiche\",\"publisher\":{\"@id\":\"https:\/\/www.capfito.com\/fr\/#organization\"},\"potentialAction\":[{\"@type\":\"SearchAction\",\"target\":{\"@type\":\"EntryPoint\",\"urlTemplate\":\"https:\/\/www.capfito.com\/fr\/?s={search_term_string}\"},\"query-input\":{\"@type\":\"PropertyValueSpecification\",\"valueRequired\":true,\"valueName\":\"search_term_string\"}}],\"inLanguage\":\"fr-FR\"},{\"@type\":\"Organization\",\"@id\":\"https:\/\/www.capfito.com\/fr\/#organization\",\"name\":\"Capfito - Capsule Nespresso ricaricabili\",\"url\":\"https:\/\/www.capfito.com\/fr\/\",\"logo\":{\"@type\":\"ImageObject\",\"inLanguage\":\"fr-FR\",\"@id\":\"https:\/\/www.capfito.com\/fr\/#\/schema\/logo\/image\/\",\"url\":\"https:\/\/www.capfito.com\/wp-content\/uploads\/2023\/02\/Logo_CAPFITO_pagamenti.jpg\",\"contentUrl\":\"https:\/\/www.capfito.com\/wp-content\/uploads\/2023\/02\/Logo_CAPFITO_pagamenti.jpg\",\"width\":570,\"height\":220,\"caption\":\"Capfito - Capsule Nespresso ricaricabili\"},\"image\":{\"@id\":\"https:\/\/www.capfito.com\/fr\/#\/schema\/logo\/image\/\"}}]}<\/script>\n<!-- \/ Yoast SEO plugin. -->","yoast_head_json":{"title":"Frais de port - Capfito - Capsule Nespresso ricaricabili","robots":{"index":"index","follow":"follow","max-snippet":"max-snippet:-1","max-image-preview":"max-image-preview:large","max-video-preview":"max-video-preview:-1"},"canonical":"https:\/\/www.capfito.com\/fr\/frais-de-port\/","og_locale":"fr_FR","og_type":"article","og_title":"Frais de port - Capfito - Capsule Nespresso ricaricabili","og_url":"https:\/\/www.capfito.com\/fr\/frais-de-port\/","og_site_name":"Capfito - Capsule Nespresso ricaricabili","twitter_card":"summary_large_image","schema":{"@context":"https:\/\/schema.org","@graph":[{"@type":"WebPage","@id":"https:\/\/www.capfito.com\/fr\/frais-de-port\/","url":"https:\/\/www.capfito.com\/fr\/frais-de-port\/","name":"Frais de port - Capfito - Capsule Nespresso ricaricabili","isPartOf":{"@id":"https:\/\/www.capfito.com\/fr\/#website"},"datePublished":"2023-01-17T16:57:13+00:00","inLanguage":"fr-FR","potentialAction":[{"@type":"ReadAction","target":["https:\/\/www.capfito.com\/fr\/frais-de-port\/"]}]},{"@type":"WebSite","@id":"https:\/\/www.capfito.com\/fr\/#website","url":"https:\/\/www.capfito.com\/fr\/","name":"Capfito - Capsule Nespresso ricaricabili","description":"Capsule riutilizzabili nespresso compatibili ecologiche","publisher":{"@id":"https:\/\/www.capfito.com\/fr\/#organization"},"potentialAction":[{"@type":"SearchAction","target":{"@type":"EntryPoint","urlTemplate":"https:\/\/www.capfito.com\/fr\/?s={search_term_string}"},"query-input":{"@type":"PropertyValueSpecification","valueRequired":true,"valueName":"search_term_string"}}],"inLanguage":"fr-FR"},{"@type":"Organization","@id":"https:\/\/www.capfito.com\/fr\/#organization","name":"Capfito - Capsule Nespresso ricaricabili","url":"https:\/\/www.capfito.com\/fr\/","logo":{"@type":"ImageObject","inLanguage":"fr-FR","@id":"https:\/\/www.capfito.com\/fr\/#\/schema\/logo\/image\/","url":"https:\/\/www.capfito.com\/wp-content\/uploads\/2023\/02\/Logo_CAPFITO_pagamenti.jpg","contentUrl":"https:\/\/www.capfito.com\/wp-content\/uploads\/2023\/02\/Logo_CAPFITO_pagamenti.jpg","width":570,"height":220,"caption":"Capfito - Capsule Nespresso ricaricabili"},"image":{"@id":"https:\/\/www.capfito.com\/fr\/#\/schema\/logo\/image\/"}}]}},"_links":{"self":[{"href":"https:\/\/www.capfito.com\/fr\/wp-json\/wp\/v2\/pages\/10594","targetHints":{"allow":["GET"]}}],"collection":[{"href":"https:\/\/www.capfito.com\/fr\/wp-json\/wp\/v2\/pages"}],"about":[{"href":"https:\/\/www.capfito.com\/fr\/wp-json\/wp\/v2\/types\/page"}],"author":[{"embeddable":true,"href":"https:\/\/www.capfito.com\/fr\/wp-json\/wp\/v2\/users\/1"}],"replies":[{"embeddable":true,"href":"https:\/\/www.capfito.com\/fr\/wp-json\/wp\/v2\/comments?post=10594"}],"version-history":[{"count":0,"href":"https:\/\/www.capfito.com\/fr\/wp-json\/wp\/v2\/pages\/10594\/revisions"}],"wp:attachment":[{"href":"https:\/\/www.capfito.com\/fr\/wp-json\/wp\/v2\/media?parent=10594"}],"curies":[{"name":"wp","href":"https:\/\/api.w.org\/{rel}","templated":true}]}}