{"id":10591,"date":"2023-01-17T17:54:53","date_gmt":"2023-01-17T16:54:53","guid":{"rendered":"https:\/\/www.capfito.com\/notes-juridiques\/"},"modified":"2023-01-17T17:54:53","modified_gmt":"2023-01-17T16:54:53","slug":"notes-juridiques","status":"publish","type":"page","link":"https:\/\/www.capfito.com\/fr\/notes-juridiques\/","title":{"rendered":"Notes juridiques"},"content":{"rendered":"<h2>Notes l\u00e9gales pour l&rsquo;utilisation de ce site web<\/h2>\n<p>&nbsp;<\/p>\n<h3>Conditions d&rsquo;utilisation et responsabilit\u00e9<\/h3>\n<p>L&rsquo;utilisation du site est soumise \u00e0 l&rsquo;acceptation des termes et conditions \u00e9nonc\u00e9s ci-dessous. Si vous ne souhaitez pas accepter ces conditions, veuillez ne pas utiliser le site.<\/p>\n<p>Les informations figurant sur le site sont fournies de bonne foi. Ils sont donn\u00e9s \u00e0 titre indicatif et peuvent \u00eatre modifi\u00e9s sans pr\u00e9avis. Sous r\u00e9serve d&rsquo;erreurs et\/ou d&rsquo;omissions.<\/p>\n<p>En aucun cas, le propri\u00e9taire, ses fournisseurs ou d&rsquo;autres tiers ne seront responsables des dommages, directs ou indirects, pouvant r\u00e9sulter de l&rsquo;utilisation des informations contenues sur ce site, du contenu de ce site ou de l&rsquo;impossibilit\u00e9 de l&rsquo;utiliser.<\/p>\n<p>Le propri\u00e9taire n&rsquo;est pas responsable du contenu de tout autre site auquel on peut acc\u00e9der \u00e0 partir de ce site.<\/p>\n<p>&nbsp;<\/p>\n<h3>Copyright<\/h3>\n<p>L&rsquo;ensemble du contenu du site, y compris les textes, les documents, les logos, est prot\u00e9g\u00e9 par le droit d&rsquo;auteur. Le site peut \u00e9galement contenir des images, des documents, des logos et des marques de tiers, utilis\u00e9s uniquement \u00e0 des fins d&rsquo;illustration ; ceux-ci sont la propri\u00e9t\u00e9 de leurs propri\u00e9taires l\u00e9gitimes.<\/p>\n<p>Sauf pour un usage strictement personnel, vous ne pouvez pas copier, modifier, distribuer, publier ou utiliser le contenu de ce site sans autorisation sp\u00e9cifique.<\/p>\n","protected":false},"excerpt":{"rendered":"<p>Notes l\u00e9gales pour l&rsquo;utilisation de ce site web &nbsp; Conditions d&rsquo;utilisation et responsabilit\u00e9 L&rsquo;utilisation du site est soumise \u00e0 l&rsquo;acceptation<\/p>\n","protected":false},"author":1,"featured_media":0,"parent":0,"menu_order":0,"comment_status":"closed","ping_status":"closed","template":"","meta":{"footnotes":""},"class_list":["post-10591","page","type-page","status-publish","hentry"],"yoast_head":"<!-- This site is optimized with the Yoast SEO plugin v27.2 - https:\/\/yoast.com\/product\/yoast-seo-wordpress\/ -->\n<title>Notes juridiques - Capfito - Capsule Nespresso ricaricabili<\/title>\n<meta name=\"robots\" content=\"index, follow, max-snippet:-1, max-image-preview:large, max-video-preview:-1\" \/>\n<link rel=\"canonical\" href=\"https:\/\/www.capfito.com\/fr\/notes-juridiques\/\" \/>\n<meta property=\"og:locale\" content=\"fr_FR\" \/>\n<meta property=\"og:type\" content=\"article\" \/>\n<meta property=\"og:title\" content=\"Notes juridiques - Capfito - Capsule Nespresso ricaricabili\" \/>\n<meta property=\"og:description\" content=\"Notes l\u00e9gales pour l&rsquo;utilisation de ce site web &nbsp; Conditions d&rsquo;utilisation et responsabilit\u00e9 L&rsquo;utilisation du site est soumise \u00e0 l&rsquo;acceptation\" \/>\n<meta property=\"og:url\" content=\"https:\/\/www.capfito.com\/fr\/notes-juridiques\/\" \/>\n<meta property=\"og:site_name\" content=\"Capfito - Capsule Nespresso ricaricabili\" \/>\n<meta name=\"twitter:card\" content=\"summary_large_image\" \/>\n<meta name=\"twitter:label1\" content=\"Dur\u00e9e de lecture estim\u00e9e\" \/>\n\t<meta name=\"twitter:data1\" content=\"1 minute\" \/>\n<script type=\"application\/ld+json\" class=\"yoast-schema-graph\">{\"@context\":\"https:\/\/schema.org\",\"@graph\":[{\"@type\":\"WebPage\",\"@id\":\"https:\/\/www.capfito.com\/fr\/notes-juridiques\/\",\"url\":\"https:\/\/www.capfito.com\/fr\/notes-juridiques\/\",\"name\":\"Notes juridiques - Capfito - Capsule Nespresso ricaricabili\",\"isPartOf\":{\"@id\":\"https:\/\/www.capfito.com\/fr\/#website\"},\"datePublished\":\"2023-01-17T16:54:53+00:00\",\"inLanguage\":\"fr-FR\",\"potentialAction\":[{\"@type\":\"ReadAction\",\"target\":[\"https:\/\/www.capfito.com\/fr\/notes-juridiques\/\"]}]},{\"@type\":\"WebSite\",\"@id\":\"https:\/\/www.capfito.com\/fr\/#website\",\"url\":\"https:\/\/www.capfito.com\/fr\/\",\"name\":\"Capfito - Capsule Nespresso ricaricabili\",\"description\":\"Capsule riutilizzabili nespresso compatibili ecologiche\",\"publisher\":{\"@id\":\"https:\/\/www.capfito.com\/fr\/#organization\"},\"potentialAction\":[{\"@type\":\"SearchAction\",\"target\":{\"@type\":\"EntryPoint\",\"urlTemplate\":\"https:\/\/www.capfito.com\/fr\/?s={search_term_string}\"},\"query-input\":{\"@type\":\"PropertyValueSpecification\",\"valueRequired\":true,\"valueName\":\"search_term_string\"}}],\"inLanguage\":\"fr-FR\"},{\"@type\":\"Organization\",\"@id\":\"https:\/\/www.capfito.com\/fr\/#organization\",\"name\":\"Capfito - Capsule Nespresso ricaricabili\",\"url\":\"https:\/\/www.capfito.com\/fr\/\",\"logo\":{\"@type\":\"ImageObject\",\"inLanguage\":\"fr-FR\",\"@id\":\"https:\/\/www.capfito.com\/fr\/#\/schema\/logo\/image\/\",\"url\":\"https:\/\/www.capfito.com\/wp-content\/uploads\/2023\/02\/Logo_CAPFITO_pagamenti.jpg\",\"contentUrl\":\"https:\/\/www.capfito.com\/wp-content\/uploads\/2023\/02\/Logo_CAPFITO_pagamenti.jpg\",\"width\":570,\"height\":220,\"caption\":\"Capfito - Capsule Nespresso ricaricabili\"},\"image\":{\"@id\":\"https:\/\/www.capfito.com\/fr\/#\/schema\/logo\/image\/\"}}]}<\/script>\n<!-- \/ Yoast SEO plugin. -->","yoast_head_json":{"title":"Notes juridiques - Capfito - Capsule Nespresso ricaricabili","robots":{"index":"index","follow":"follow","max-snippet":"max-snippet:-1","max-image-preview":"max-image-preview:large","max-video-preview":"max-video-preview:-1"},"canonical":"https:\/\/www.capfito.com\/fr\/notes-juridiques\/","og_locale":"fr_FR","og_type":"article","og_title":"Notes juridiques - Capfito - Capsule Nespresso ricaricabili","og_description":"Notes l\u00e9gales pour l&rsquo;utilisation de ce site web &nbsp; Conditions d&rsquo;utilisation et responsabilit\u00e9 L&rsquo;utilisation du site est soumise \u00e0 l&rsquo;acceptation","og_url":"https:\/\/www.capfito.com\/fr\/notes-juridiques\/","og_site_name":"Capfito - Capsule Nespresso ricaricabili","twitter_card":"summary_large_image","twitter_misc":{"Dur\u00e9e de lecture estim\u00e9e":"1 minute"},"schema":{"@context":"https:\/\/schema.org","@graph":[{"@type":"WebPage","@id":"https:\/\/www.capfito.com\/fr\/notes-juridiques\/","url":"https:\/\/www.capfito.com\/fr\/notes-juridiques\/","name":"Notes juridiques - Capfito - Capsule Nespresso ricaricabili","isPartOf":{"@id":"https:\/\/www.capfito.com\/fr\/#website"},"datePublished":"2023-01-17T16:54:53+00:00","inLanguage":"fr-FR","potentialAction":[{"@type":"ReadAction","target":["https:\/\/www.capfito.com\/fr\/notes-juridiques\/"]}]},{"@type":"WebSite","@id":"https:\/\/www.capfito.com\/fr\/#website","url":"https:\/\/www.capfito.com\/fr\/","name":"Capfito - Capsule Nespresso ricaricabili","description":"Capsule riutilizzabili nespresso compatibili ecologiche","publisher":{"@id":"https:\/\/www.capfito.com\/fr\/#organization"},"potentialAction":[{"@type":"SearchAction","target":{"@type":"EntryPoint","urlTemplate":"https:\/\/www.capfito.com\/fr\/?s={search_term_string}"},"query-input":{"@type":"PropertyValueSpecification","valueRequired":true,"valueName":"search_term_string"}}],"inLanguage":"fr-FR"},{"@type":"Organization","@id":"https:\/\/www.capfito.com\/fr\/#organization","name":"Capfito - Capsule Nespresso ricaricabili","url":"https:\/\/www.capfito.com\/fr\/","logo":{"@type":"ImageObject","inLanguage":"fr-FR","@id":"https:\/\/www.capfito.com\/fr\/#\/schema\/logo\/image\/","url":"https:\/\/www.capfito.com\/wp-content\/uploads\/2023\/02\/Logo_CAPFITO_pagamenti.jpg","contentUrl":"https:\/\/www.capfito.com\/wp-content\/uploads\/2023\/02\/Logo_CAPFITO_pagamenti.jpg","width":570,"height":220,"caption":"Capfito - Capsule Nespresso ricaricabili"},"image":{"@id":"https:\/\/www.capfito.com\/fr\/#\/schema\/logo\/image\/"}}]}},"_links":{"self":[{"href":"https:\/\/www.capfito.com\/fr\/wp-json\/wp\/v2\/pages\/10591","targetHints":{"allow":["GET"]}}],"collection":[{"href":"https:\/\/www.capfito.com\/fr\/wp-json\/wp\/v2\/pages"}],"about":[{"href":"https:\/\/www.capfito.com\/fr\/wp-json\/wp\/v2\/types\/page"}],"author":[{"embeddable":true,"href":"https:\/\/www.capfito.com\/fr\/wp-json\/wp\/v2\/users\/1"}],"replies":[{"embeddable":true,"href":"https:\/\/www.capfito.com\/fr\/wp-json\/wp\/v2\/comments?post=10591"}],"version-history":[{"count":0,"href":"https:\/\/www.capfito.com\/fr\/wp-json\/wp\/v2\/pages\/10591\/revisions"}],"wp:attachment":[{"href":"https:\/\/www.capfito.com\/fr\/wp-json\/wp\/v2\/media?parent=10591"}],"curies":[{"name":"wp","href":"https:\/\/api.w.org\/{rel}","templated":true}]}}