{"id":10589,"date":"2023-01-17T17:53:23","date_gmt":"2023-01-17T16:53:23","guid":{"rendered":"https:\/\/www.capfito.com\/methodes-de-paiement\/"},"modified":"2023-01-17T17:53:23","modified_gmt":"2023-01-17T16:53:23","slug":"methodes-de-paiement","status":"publish","type":"page","link":"https:\/\/www.capfito.com\/fr\/methodes-de-paiement\/","title":{"rendered":"M\u00e9thodes de paiement"},"content":{"rendered":"<h2>Paiements<\/h2>\n<h3>Carte de cr\u00e9dit<\/h3>\n<p>Service de paiement num\u00e9rique s\u00e9curis\u00e9, utilis\u00e9 dans le monde entier, et cr\u00e9dit\u00e9 imm\u00e9diatement \u00e0 Capfito srl. Pour payer par carte de cr\u00e9dit, choisissez le mode \u00ab\u00a0Paypal\u00a0\u00bb, m\u00eame si vous n&rsquo;avez pas de compte Paypal ; saisissez ensuite votre num\u00e9ro de carte de cr\u00e9dit, que Paypal utilisera uniquement pour le paiement capfito.<\/p>\n<h3 lang=\"\"><\/h3>\n<h3>Paypal<\/h3>\n<p>Service de paiement num\u00e9rique s\u00e9curis\u00e9, utilis\u00e9 dans le monde entier, et cr\u00e9dit\u00e9 imm\u00e9diatement \u00e0 Capfito srl.<\/p>\n<h3>Virement bancaire<\/h3>\n<p>Destinataire : Capfito srl &#8211; Piazza Innocenzo Vigliardi Paravia 9\/c &#8211; Turin (TO)<\/p>\n<p>IBAN : IT06J0326801004052272915220 &#8211; BIC \/ SWIFT : SELBIT2BXXX<\/p>\n<p>Les virements bancaires ne sont accept\u00e9s qu&rsquo;\u00e0 partir de banques situ\u00e9es dans les pays de l&rsquo;UE. Avec ce type de paiement, le produit souhait\u00e9 est envoy\u00e9 d\u00e8s que le montant total est effectivement cr\u00e9dit\u00e9 sur notre compte bancaire. Le cr\u00e9dit doit avoir lieu dans les 5 jours ouvrables \u00e0 compter de la date d&rsquo;acceptation de la confirmation de la commande ; au-del\u00e0 de 5 jours ouvrables \u00e0 compter de la confirmation de la commande sans cr\u00e9dit du montant pr\u00e9vu sur notre compte bancaire, Capfito srl se r\u00e9serve le droit d&rsquo;annuler la r\u00e9servation effectu\u00e9e sans aucune charge\/responsabilit\u00e9 pour notre soci\u00e9t\u00e9.<\/p>\n","protected":false},"excerpt":{"rendered":"<p>Paiements Carte de cr\u00e9dit Service de paiement num\u00e9rique s\u00e9curis\u00e9, utilis\u00e9 dans le monde entier, et cr\u00e9dit\u00e9 imm\u00e9diatement \u00e0 Capfito srl.<\/p>\n","protected":false},"author":1,"featured_media":0,"parent":0,"menu_order":0,"comment_status":"closed","ping_status":"closed","template":"","meta":{"footnotes":""},"class_list":["post-10589","page","type-page","status-publish","hentry"],"yoast_head":"<!-- This site is optimized with the Yoast SEO plugin v27.2 - https:\/\/yoast.com\/product\/yoast-seo-wordpress\/ -->\n<title>M\u00e9thodes de paiement - Capfito - Capsule Nespresso ricaricabili<\/title>\n<meta name=\"robots\" content=\"index, follow, max-snippet:-1, max-image-preview:large, max-video-preview:-1\" \/>\n<link rel=\"canonical\" href=\"https:\/\/www.capfito.com\/fr\/methodes-de-paiement\/\" \/>\n<meta property=\"og:locale\" content=\"fr_FR\" \/>\n<meta property=\"og:type\" content=\"article\" \/>\n<meta property=\"og:title\" content=\"M\u00e9thodes de paiement - Capfito - Capsule Nespresso ricaricabili\" \/>\n<meta property=\"og:description\" content=\"Paiements Carte de cr\u00e9dit Service de paiement num\u00e9rique s\u00e9curis\u00e9, utilis\u00e9 dans le monde entier, et cr\u00e9dit\u00e9 imm\u00e9diatement \u00e0 Capfito srl.\" \/>\n<meta property=\"og:url\" content=\"https:\/\/www.capfito.com\/fr\/methodes-de-paiement\/\" \/>\n<meta property=\"og:site_name\" content=\"Capfito - Capsule Nespresso ricaricabili\" \/>\n<meta name=\"twitter:card\" content=\"summary_large_image\" \/>\n<meta name=\"twitter:label1\" content=\"Dur\u00e9e de lecture estim\u00e9e\" \/>\n\t<meta name=\"twitter:data1\" content=\"1 minute\" \/>\n<script type=\"application\/ld+json\" class=\"yoast-schema-graph\">{\"@context\":\"https:\/\/schema.org\",\"@graph\":[{\"@type\":\"WebPage\",\"@id\":\"https:\/\/www.capfito.com\/fr\/methodes-de-paiement\/\",\"url\":\"https:\/\/www.capfito.com\/fr\/methodes-de-paiement\/\",\"name\":\"M\u00e9thodes de paiement - Capfito - Capsule Nespresso ricaricabili\",\"isPartOf\":{\"@id\":\"https:\/\/www.capfito.com\/fr\/#website\"},\"datePublished\":\"2023-01-17T16:53:23+00:00\",\"inLanguage\":\"fr-FR\",\"potentialAction\":[{\"@type\":\"ReadAction\",\"target\":[\"https:\/\/www.capfito.com\/fr\/methodes-de-paiement\/\"]}]},{\"@type\":\"WebSite\",\"@id\":\"https:\/\/www.capfito.com\/fr\/#website\",\"url\":\"https:\/\/www.capfito.com\/fr\/\",\"name\":\"Capfito - Capsule Nespresso ricaricabili\",\"description\":\"Capsule riutilizzabili nespresso compatibili ecologiche\",\"publisher\":{\"@id\":\"https:\/\/www.capfito.com\/fr\/#organization\"},\"potentialAction\":[{\"@type\":\"SearchAction\",\"target\":{\"@type\":\"EntryPoint\",\"urlTemplate\":\"https:\/\/www.capfito.com\/fr\/?s={search_term_string}\"},\"query-input\":{\"@type\":\"PropertyValueSpecification\",\"valueRequired\":true,\"valueName\":\"search_term_string\"}}],\"inLanguage\":\"fr-FR\"},{\"@type\":\"Organization\",\"@id\":\"https:\/\/www.capfito.com\/fr\/#organization\",\"name\":\"Capfito - Capsule Nespresso ricaricabili\",\"url\":\"https:\/\/www.capfito.com\/fr\/\",\"logo\":{\"@type\":\"ImageObject\",\"inLanguage\":\"fr-FR\",\"@id\":\"https:\/\/www.capfito.com\/fr\/#\/schema\/logo\/image\/\",\"url\":\"https:\/\/www.capfito.com\/wp-content\/uploads\/2023\/02\/Logo_CAPFITO_pagamenti.jpg\",\"contentUrl\":\"https:\/\/www.capfito.com\/wp-content\/uploads\/2023\/02\/Logo_CAPFITO_pagamenti.jpg\",\"width\":570,\"height\":220,\"caption\":\"Capfito - Capsule Nespresso ricaricabili\"},\"image\":{\"@id\":\"https:\/\/www.capfito.com\/fr\/#\/schema\/logo\/image\/\"}}]}<\/script>\n<!-- \/ Yoast SEO plugin. -->","yoast_head_json":{"title":"M\u00e9thodes de paiement - Capfito - Capsule Nespresso ricaricabili","robots":{"index":"index","follow":"follow","max-snippet":"max-snippet:-1","max-image-preview":"max-image-preview:large","max-video-preview":"max-video-preview:-1"},"canonical":"https:\/\/www.capfito.com\/fr\/methodes-de-paiement\/","og_locale":"fr_FR","og_type":"article","og_title":"M\u00e9thodes de paiement - Capfito - Capsule Nespresso ricaricabili","og_description":"Paiements Carte de cr\u00e9dit Service de paiement num\u00e9rique s\u00e9curis\u00e9, utilis\u00e9 dans le monde entier, et cr\u00e9dit\u00e9 imm\u00e9diatement \u00e0 Capfito srl.","og_url":"https:\/\/www.capfito.com\/fr\/methodes-de-paiement\/","og_site_name":"Capfito - Capsule Nespresso ricaricabili","twitter_card":"summary_large_image","twitter_misc":{"Dur\u00e9e de lecture estim\u00e9e":"1 minute"},"schema":{"@context":"https:\/\/schema.org","@graph":[{"@type":"WebPage","@id":"https:\/\/www.capfito.com\/fr\/methodes-de-paiement\/","url":"https:\/\/www.capfito.com\/fr\/methodes-de-paiement\/","name":"M\u00e9thodes de paiement - Capfito - Capsule Nespresso ricaricabili","isPartOf":{"@id":"https:\/\/www.capfito.com\/fr\/#website"},"datePublished":"2023-01-17T16:53:23+00:00","inLanguage":"fr-FR","potentialAction":[{"@type":"ReadAction","target":["https:\/\/www.capfito.com\/fr\/methodes-de-paiement\/"]}]},{"@type":"WebSite","@id":"https:\/\/www.capfito.com\/fr\/#website","url":"https:\/\/www.capfito.com\/fr\/","name":"Capfito - Capsule Nespresso ricaricabili","description":"Capsule riutilizzabili nespresso compatibili ecologiche","publisher":{"@id":"https:\/\/www.capfito.com\/fr\/#organization"},"potentialAction":[{"@type":"SearchAction","target":{"@type":"EntryPoint","urlTemplate":"https:\/\/www.capfito.com\/fr\/?s={search_term_string}"},"query-input":{"@type":"PropertyValueSpecification","valueRequired":true,"valueName":"search_term_string"}}],"inLanguage":"fr-FR"},{"@type":"Organization","@id":"https:\/\/www.capfito.com\/fr\/#organization","name":"Capfito - Capsule Nespresso ricaricabili","url":"https:\/\/www.capfito.com\/fr\/","logo":{"@type":"ImageObject","inLanguage":"fr-FR","@id":"https:\/\/www.capfito.com\/fr\/#\/schema\/logo\/image\/","url":"https:\/\/www.capfito.com\/wp-content\/uploads\/2023\/02\/Logo_CAPFITO_pagamenti.jpg","contentUrl":"https:\/\/www.capfito.com\/wp-content\/uploads\/2023\/02\/Logo_CAPFITO_pagamenti.jpg","width":570,"height":220,"caption":"Capfito - Capsule Nespresso ricaricabili"},"image":{"@id":"https:\/\/www.capfito.com\/fr\/#\/schema\/logo\/image\/"}}]}},"_links":{"self":[{"href":"https:\/\/www.capfito.com\/fr\/wp-json\/wp\/v2\/pages\/10589","targetHints":{"allow":["GET"]}}],"collection":[{"href":"https:\/\/www.capfito.com\/fr\/wp-json\/wp\/v2\/pages"}],"about":[{"href":"https:\/\/www.capfito.com\/fr\/wp-json\/wp\/v2\/types\/page"}],"author":[{"embeddable":true,"href":"https:\/\/www.capfito.com\/fr\/wp-json\/wp\/v2\/users\/1"}],"replies":[{"embeddable":true,"href":"https:\/\/www.capfito.com\/fr\/wp-json\/wp\/v2\/comments?post=10589"}],"version-history":[{"count":0,"href":"https:\/\/www.capfito.com\/fr\/wp-json\/wp\/v2\/pages\/10589\/revisions"}],"wp:attachment":[{"href":"https:\/\/www.capfito.com\/fr\/wp-json\/wp\/v2\/media?parent=10589"}],"curies":[{"name":"wp","href":"https:\/\/api.w.org\/{rel}","templated":true}]}}