{"id":10586,"date":"2023-01-17T18:03:31","date_gmt":"2023-01-17T17:03:31","guid":{"rendered":"https:\/\/www.capfito.com\/conditions-de-vente\/"},"modified":"2023-01-17T18:03:31","modified_gmt":"2023-01-17T17:03:31","slug":"conditions-de-vente","status":"publish","type":"page","link":"https:\/\/www.capfito.com\/fr\/conditions-de-vente\/","title":{"rendered":"Conditions de vente"},"content":{"rendered":"<h2 align=\"JUSTIFY\">Conditions de vente, d&rsquo;utilisation et de retrait<\/h2>\n<h4 align=\"JUSTIFY\">Conditions g\u00e9n\u00e9rales et droit de r\u00e9tractation pour les commandes de moins de <span lang=\"it-IT\">10<\/span> pi\u00e8ces.<\/h4>\n<h4 align=\"JUSTIFY\">1. Contrat de vente en ligne &#8211; d\u00e9finition<\/h4>\n<p align=\"JUSTIFY\">Les relations commerciales entre le propri\u00e9taire du site www.capfito.com, et les clients sont r\u00e9gies par les conditions g\u00e9n\u00e9rales de vente suivantes. Les pr\u00e9sentes conditions peuvent \u00eatre modifi\u00e9es, \u00e0 tout moment et sans n\u00e9cessit\u00e9 de pr\u00e9avis sp\u00e9cifique, par le vendeur ; les modifications ne seront effectives qu&rsquo;au moment de leur publication sur le site pour les contrats conclus apr\u00e8s ladite publication. Le vendeur est la soci\u00e9t\u00e9 Capfito s.r.l. dont le si\u00e8ge social est situ\u00e9 Piazza Innocenzo Vigliardi Paravia 9\/c &#8211; 10144 Turin &#8211; Italie &#8211; C.F. \/ P. I.V.A. : 12430100011.<\/p>\n<h4 align=\"JUSTIFY\">2. Conclusion du contrat<\/h4>\n<p align=\"JUSTIFY\">L&rsquo;acceptation de la proposition de vente pr\u00e9sent\u00e9e par Capfito s.r.l. \u00e0 travers son site Internet est effectu\u00e9e par le client en remplissant exactement le formulaire de commande qui peut \u00eatre g\u00e9n\u00e9r\u00e9 sur le site Internet susmentionn\u00e9, et le consentement du client \u00e0 l&rsquo;achat est manifest\u00e9 par l&rsquo;adh\u00e9sion donn\u00e9e en ligne pendant la proc\u00e9dure de g\u00e9n\u00e9ration de la commande.<\/p>\n<p align=\"JUSTIFY\">Le client qui envoie la commande recevra un message de confirmation de la r\u00e9ception de la commande par e-mail (e-mail \u00e0 l&rsquo;adresse indiqu\u00e9e au moment de remplir le formulaire de commande) \u00e0 la fin de la proc\u00e9dure en ligne : avec cette confirmation, le contrat sera consid\u00e9r\u00e9 comme conclu, mais son efficacit\u00e9 est subordonn\u00e9e au paiement de la marchandise, lequel paiement devra \u00eatre effectu\u00e9 dans les 7 jours calendaires\/ouvrables italiens \u00e0 compter de la conclusion du contrat. Il est \u00e0 noter que le paiement est r\u00e9put\u00e9 effectu\u00e9 \u00e0 la date du cr\u00e9dit du montant de la commande g\u00e9n\u00e9r\u00e9e sur le compte courant de Capfito s.r.l..<\/p>\n<p align=\"JUSTIFY\">Capfito s.r.l. se r\u00e9serve le droit de ne pas accepter les commandes incompl\u00e8tes ou dues \u00e0 l&rsquo;indisponibilit\u00e9 de certains articles, et s&rsquo;engage donc \u00e0 rembourser au client, dans les 7 jours ouvrables italiens, les sommes d\u00e9j\u00e0 vers\u00e9es par ce dernier pour la fourniture non ex\u00e9cut\u00e9e, remboursement qui aura lieu selon les modalit\u00e9s indiqu\u00e9es par le client lors de la cr\u00e9ation de la commande ; dans ce cas, le client n&rsquo;aura droit \u00e0 aucune indemnit\u00e9 ou compensation de quelque nature que ce soit.<\/p>\n<h4 align=\"JUSTIFY\">3. Prix de vente &#8211; modes de paiement<\/h4>\n<p align=\"JUSTIFY\">Tous les prix de vente affich\u00e9s sur www.capfito.com repr\u00e9sentent une offre publique au sens de l&rsquo;art. 1336 du Code civil et s&rsquo;entendent TVA comprise.<\/p>\n<p align=\"JUSTIFY\">Les conditions d&rsquo;achat sont indiqu\u00e9es dans les formulaires en ligne qui apparaissent au cours du processus d&rsquo;achat et doivent \u00eatre comprises comme \u00e9tant enti\u00e8rement mentionn\u00e9es dans ceux-ci ; le client, en passant la commande, d\u00e9clare avoir lu et compris et accept\u00e9 les conditions de paiement \u00e9nonc\u00e9es dans les formulaires en ligne susmentionn\u00e9s.<\/p>\n<p align=\"JUSTIFY\">Les \u00e9ventuels frais d&rsquo;exp\u00e9dition suppl\u00e9mentaires seront communiqu\u00e9s et devront \u00e9galement \u00eatre pay\u00e9s dans les 7 jours ouvrables italiens suivant la conclusion du contrat.<\/p>\n<h4 align=\"JUSTIFY\">4. Ex\u00e9cution du contrat &#8211; Livraison<\/h4>\n<p align=\"JUSTIFY\">La commande sera trait\u00e9e selon les modalit\u00e9s et les d\u00e9lais sp\u00e9cifi\u00e9s dans la fiche \u00ab\u00a0exp\u00e9dition\u00a0\u00bb, qui s&rsquo;entendent comme y \u00e9tant int\u00e9gralement r\u00e9f\u00e9renc\u00e9s ; en passant la commande, le client d\u00e9clare avoir lu et compris et accept\u00e9 toutes les sp\u00e9cifications (modalit\u00e9s, d\u00e9lais, etc.) concernant l&rsquo;exp\u00e9dition. En tout \u00e9tat de cause, la livraison ne doit pas d\u00e9passer 30 jours \u00e0 compter de la date de la commande. La livraison sera effectu\u00e9e par courrier express ou par courrier ordinaire. Si le destinataire est absent au moment de la livraison, un avis sera laiss\u00e9 et le client devra contacter personnellement le transporteur dans les plus brefs d\u00e9lais afin de convenir du mode de livraison ; les \u00e9ventuels frais de stockage temporaire de la marchandise chez le transporteur seront \u00e0 la charge du client. Dans le cas o\u00f9 le transporteur demande un enl\u00e8vement dans son propre magasin, cela n&rsquo;implique aucune charge\/responsabilit\u00e9 de la part de Capfito s.r.l.. En tout \u00e9tat de cause, aucune responsabilit\u00e9 ne peut \u00eatre imput\u00e9e au vendeur en cas de retard ou de non-livraison imputable \u00e0 un cas de force majeure et\/ou \u00e0 des circonstances impr\u00e9visibles et\/ou \u00e0 un tiers, y compris le transporteur lui-m\u00eame.<\/p>\n<p align=\"JUSTIFY\">Avec l&rsquo;envoi du produit, une copie de la facture ou du re\u00e7u fiscal sera envoy\u00e9e par e-mail.<\/p>\n<p align=\"JUSTIFY\">Lors de la livraison, le client doit v\u00e9rifier l&rsquo;int\u00e9grit\u00e9 de la marchandise et sa conformit\u00e9 avec la lettre de voiture, tant en termes de quantit\u00e9 que de qualit\u00e9. En cas de divergences, le client doit refuser la marchandise et contester la diff\u00e9rence sur la lettre de voiture directement aupr\u00e8s du transporteur. Si le client souscrit \u00e0 la livraison, la marchandise est r\u00e9put\u00e9e accept\u00e9e sans r\u00e9serve.<\/p>\n<h4 align=\"JUSTIFY\">5. Garanties des produits &#8211; responsabilit\u00e9<\/h4>\n<p align=\"JUSTIFY\">Les instructions d&rsquo;utilisation et de garantie sont disponibles dans les langues suivantes : anglais, allemand, fran\u00e7ais, italien et espagnol.<\/p>\n<p align=\"JUSTIFY\">L&rsquo;achat de mat\u00e9riel par l&rsquo;interm\u00e9diaire de www.capfito.com implique la pleine acceptation des conditions de garantie indiqu\u00e9es par les diff\u00e9rents fabricants des articles figurant dans le catalogue. Le client est donc conscient que les biens achet\u00e9s seront garantis par le fabricant et dans les conditions stipul\u00e9es par ce dernier. Capfito srl n&rsquo;est pas responsable des dommages ou pertes, directs et\/ou indirects, d\u00e9rivant de la vente des produits propos\u00e9s dans le catalogue publi\u00e9 sur le site <a href=\"https:\/\/www.capfito.com\/fr\/\">www.capfito.com,<\/a> m\u00eame en relation avec le manque de correspondance des marchandises aux sp\u00e9cifications publi\u00e9es sur le site, ni pour tout autre fait non directement imputable.<\/p>\n<p align=\"JUSTIFY\">Les produits ne sont pas fournis \u00e0 titre d&rsquo;essai, mais nous pouvons fournir des informations sur les diff\u00e9rents produits.<\/p>\n<p align=\"JUSTIFY\">Le client est responsable du choix des produits achet\u00e9s, de leur conformit\u00e9 et des sp\u00e9cifications indiqu\u00e9es par chaque fabricant sur son site officiel.<\/p>\n<p align=\"JUSTIFY\">Capfito s.r.l. d\u00e9cline toute responsabilit\u00e9 civile ou p\u00e9nale en cas d&rsquo;utilisation inappropri\u00e9e, illicite ou ill\u00e9gale des produits et informations fournis. Elle rejette donc toute responsabilit\u00e9 pour :<\/p>\n<p align=\"JUSTIFY\">&#8211; Dommages indirects ou pertes cons\u00e9cutives<\/p>\n<p align=\"JUSTIFY\">&#8211; Perte d&rsquo;affaires, de b\u00e9n\u00e9fices, de salaires, d&rsquo;indemnit\u00e9s, d&rsquo;\u00e9conomies.<\/p>\n<p align=\"JUSTIFY\">&#8211; Pertes \u00e9vitables avec une conduite raisonnable<\/p>\n<p align=\"JUSTIFY\">&#8211; Tous les articles exclus de la garantie et\/ou dus \u00e0 la force majeure et\/ou au cas fortuit et\/ou au fait d&rsquo;un tiers.<\/p>\n<p align=\"JUSTIFY\">Tout d\u00e9faut visible du produit doit \u00eatre signal\u00e9 par le client par e-mail dans les 24 heures suivant la r\u00e9ception de la marchandise.<\/p>\n<h4 align=\"JUSTIFY\">6. Obligations de l&rsquo;acheteur<\/h4>\n<p align=\"JUSTIFY\">Le client s&rsquo;engage et est oblig\u00e9, une fois la proc\u00e9dure d&rsquo;achat en ligne termin\u00e9e, outre le paiement du prix, d&rsquo;imprimer et de conserver les pr\u00e9sentes conditions g\u00e9n\u00e9rales de vente d\u00e9j\u00e0 vues et accept\u00e9es lors de la proc\u00e9dure de g\u00e9n\u00e9ration de la commande ainsi que les sp\u00e9cifications du produit achet\u00e9.<\/p>\n<p align=\"JUSTIFY\">Il est interdit \u00e0 l&rsquo;acheteur d&rsquo;introduire de fausses donn\u00e9es, en tout ou en partie, dans la proc\u00e9dure d&rsquo;enregistrement n\u00e9cessaire pour activer le processus d&rsquo;ex\u00e9cution du contrat et les communications ult\u00e9rieures y aff\u00e9rentes ; les donn\u00e9es personnelles et l&rsquo;adresse doivent donc \u00eatre les siennes et non celles d&rsquo;un tiers et\/ou d&rsquo;une fantaisie.<\/p>\n<h4 align=\"JUSTIFY\">7. Droit de r\u00e9tractation<\/h4>\n<p align=\"JUSTIFY\">Le client a le droit de se retirer du contrat dans un d\u00e9lai de 30 jours ouvrables \u00e0 compter de la r\u00e9ception des biens (d\u00e9cret l\u00e9gislatif 206\/2005), en retournant les biens achet\u00e9s au vendeur dans les 2 jours ouvrables suivants. Pour exercer le droit de r\u00e9tractation, il est n\u00e9cessaire d&rsquo;envoyer une demande contenant la d\u00e9claration d&rsquo;intention de r\u00e9tractation du contrat, par courrier \u00e9lectronique avec accus\u00e9 de r\u00e9ception adress\u00e9 \u00e0 info@capfito.com.<\/p>\n<p align=\"JUSTIFY\">Une fois la proc\u00e9dure de r\u00e9tractation activ\u00e9e &#8211; avant de pouvoir retourner les produits achet\u00e9s &#8211; vous devez attendre un retour de notre part, qui vous sera communiqu\u00e9 par e-mail. Le client doit alors renvoyer les marchandises, soit en les remettant en personne, soit en les envoyant \u00e0 ses frais \u00e0 l&rsquo;adresse suivante : Capfito srl &#8211; Piazza Innocenzo Vigliardi Paravia 9\/c 10144 Turin &#8211; Italie.<\/p>\n<p align=\"JUSTIFY\">Pour l&rsquo;exp\u00e9dition, il est conseill\u00e9 d&rsquo;utiliser un service de messagerie ou tout autre moyen appropri\u00e9 pour permettre la tra\u00e7abilit\u00e9 de l&rsquo;envoi ; Capfito srl ne proc\u00e9dera pas au remboursement de la marchandise retourn\u00e9e si elle ne re\u00e7oit pas la livraison correspondante. Dans un d\u00e9lai de 14 jours ouvrables \u00e0 compter de la r\u00e9ception de la marchandise retourn\u00e9e, le client sera cr\u00e9dit\u00e9 du montant correspondant \u00e0 la valeur de la marchandise r\u00e9sultant de la facture ou du re\u00e7u fiscal, ce montant \u00e9tant diminu\u00e9 des frais engag\u00e9s par Capfito s.r.l. pour l&rsquo;exp\u00e9dition initiale et sans pr\u00e9judice des frais de retour support\u00e9s par le client. Le droit de r\u00e9tractation ne peut \u00eatre exerc\u00e9 que si les marchandises sont parfaitement intactes dans toutes leurs parties. Si des articles retourn\u00e9s sont endommag\u00e9s ou alt\u00e9r\u00e9s, sans possibilit\u00e9 de les retravailler, aucun remboursement ne sera effectu\u00e9.<\/p>\n<p align=\"JUSTIFY\">Les clients de Paypal peuvent \u00e9galement b\u00e9n\u00e9ficier du \u00ab\u00a0Service de retour gratuit Paypal\u00a0\u00bb (voir plus de d\u00e9tails dans la section<a href=\"https:\/\/www.paypal.com\/it\/webapps\/mpp\/refunded-returns\/general-conditions\" target=\"_blank\" rel=\"noopener\">\u00ab\u00a0Conditions g\u00e9n\u00e9rales de Paypal<\/a>\u00ab\u00a0).<\/p>\n<h4 align=\"JUSTIFY\">8. Traitement des donn\u00e9es \u00e0 caract\u00e8re personnel &#8211; autorisation<\/h4>\n<p align=\"JUSTIFY\">La politique de confidentialit\u00e9 compl\u00e8te est disponible sur le site web de Capifito s.r.l. et plus pr\u00e9cis\u00e9ment sur le lien capfito.com\/privacy-policy ; en passant une commande, le client d\u00e9clare avoir lu et compris la politique de confidentialit\u00e9 et donne son consentement au traitement\/\u00e0 l&rsquo;utilisation de ses donn\u00e9es.<\/p>\n<p align=\"JUSTIFY\">En vertu du d\u00e9cret l\u00e9gislatif 196\/2003 et le Reg. UE 2016\/679, Capfito s.r.l. informe que le responsable du traitement des donn\u00e9es personnelles est Capfito srl dont le si\u00e8ge social est situ\u00e9 Piazza Innocenzo Vigliardi Paravia 9\/c 10144 Turin &#8211; Italie &#8211; P.IVA 12430100011.<\/p>\n<h4 align=\"JUSTIFY\">9. R\u00e9siliation du contrat &#8211; clause de r\u00e9siliation expresse<\/h4>\n<p align=\"JUSTIFY\">Capfito srl a le droit de r\u00e9silier le contrat stipul\u00e9 &#8211; dans un d\u00e9lai de 7 jours ouvrables \u00e0 compter de sa conclusion &#8211; en le notifiant simplement au client par e-mail, sans qu&rsquo;il soit n\u00e9cessaire de fournir un motif justificatif particulier ; dans ce cas, le client n&rsquo;aura droit qu&rsquo;au remboursement des sommes d\u00e9j\u00e0 vers\u00e9es.<\/p>\n<p align=\"JUSTIFY\">Les obligations assum\u00e9es par le client en vertu de l&rsquo;art. 6 (obligations de l&rsquo;acheteur), ainsi que la garantie du bon paiement par le client par les moyens pr\u00e9vus \u00e0 l&rsquo;art. 3, rev\u00eatent un caract\u00e8re essentiel, de sorte que, de convention expresse, la violation par le client d&rsquo;une seule de ces obligations entra\u00eene la r\u00e9siliation de plein droit du contrat conform\u00e9ment \u00e0 l&rsquo;art. 1456 du Code civil italien, sans qu&rsquo;il soit n\u00e9cessaire d&rsquo;obtenir une d\u00e9cision de justice, sur simple indication de Capfito s.r.l. qu&rsquo;elle souhaite s&rsquo;en pr\u00e9valoir au moyen d&rsquo;une communication par courrier \u00e9lectronique \u00e0 l&rsquo;adresse indiqu\u00e9e par le client lorsqu&rsquo;il remplit le formulaire de commande, sans pr\u00e9judice du droit de Capfito s.r.l. d&rsquo;intenter une action en justice en vue de la r\u00e9paration d&rsquo;\u00e9ventuels dommages suppl\u00e9mentaires et, en tout \u00e9tat de cause, de conserver \u00e9ventuellement les frais d&rsquo;exp\u00e9dition.<\/p>\n<h4 align=\"JUSTIFY\">10. Comp\u00e9tence et juridiction<\/h4>\n<p align=\"JUSTIFY\">Le pr\u00e9sent contrat, r\u00e9dig\u00e9 en langue italienne, est soumis \u00e0 la juridiction italienne. Dans la mesure o\u00f9 cela n&rsquo;est pas express\u00e9ment pr\u00e9vu, les pr\u00e9sentes conditions g\u00e9n\u00e9rales se r\u00e9f\u00e8rent aux dispositions applicables du code civil italien, du d\u00e9cret l\u00e9gislatif n\u00ba. 70\/2003.<\/p>\n<h4 align=\"JUSTIFY\">11. Rapports d&rsquo;information et de plaintes<\/h4>\n<p align=\"JUSTIFY\">Pour obtenir des informations et signaler des r\u00e9clamations relatives au pr\u00e9sent contrat en ligne, veuillez vous adresser \u00e0 Capfito s.r.l. dont le si\u00e8ge social est situ\u00e9 Piazza Innocenzo Vigliardi Paravia 9\/c &#8211; 10144 Turin &#8211; Italie &#8211; C.F. \/ P. IVA 12430100011, t\u00e9l\u00e9phone : 39 011 0205159, courriel : info@capfito.com.<\/p>\n","protected":false},"excerpt":{"rendered":"<p>Conditions de vente, d&rsquo;utilisation et de retrait Conditions g\u00e9n\u00e9rales et droit de r\u00e9tractation pour les commandes de moins de 10<\/p>\n","protected":false},"author":1,"featured_media":0,"parent":0,"menu_order":0,"comment_status":"closed","ping_status":"closed","template":"","meta":{"footnotes":""},"class_list":["post-10586","page","type-page","status-publish","hentry"],"yoast_head":"<!-- This site is optimized with the Yoast SEO plugin v27.2 - https:\/\/yoast.com\/product\/yoast-seo-wordpress\/ -->\n<title>Conditions de vente - Capfito - Capsule Nespresso ricaricabili<\/title>\n<meta name=\"robots\" content=\"index, follow, max-snippet:-1, max-image-preview:large, max-video-preview:-1\" \/>\n<link rel=\"canonical\" href=\"https:\/\/www.capfito.com\/fr\/conditions-de-vente\/\" \/>\n<meta property=\"og:locale\" content=\"fr_FR\" \/>\n<meta property=\"og:type\" content=\"article\" \/>\n<meta property=\"og:title\" content=\"Conditions de vente - Capfito - Capsule Nespresso ricaricabili\" \/>\n<meta property=\"og:description\" content=\"Conditions de vente, d&rsquo;utilisation et de retrait Conditions g\u00e9n\u00e9rales et droit de r\u00e9tractation pour les commandes de moins de 10\" \/>\n<meta property=\"og:url\" content=\"https:\/\/www.capfito.com\/fr\/conditions-de-vente\/\" \/>\n<meta property=\"og:site_name\" content=\"Capfito - Capsule Nespresso ricaricabili\" \/>\n<meta name=\"twitter:card\" content=\"summary_large_image\" \/>\n<meta name=\"twitter:label1\" content=\"Dur\u00e9e de lecture estim\u00e9e\" \/>\n\t<meta name=\"twitter:data1\" content=\"10 minutes\" \/>\n<script type=\"application\/ld+json\" class=\"yoast-schema-graph\">{\"@context\":\"https:\/\/schema.org\",\"@graph\":[{\"@type\":\"WebPage\",\"@id\":\"https:\/\/www.capfito.com\/fr\/conditions-de-vente\/\",\"url\":\"https:\/\/www.capfito.com\/fr\/conditions-de-vente\/\",\"name\":\"Conditions de vente - Capfito - Capsule Nespresso ricaricabili\",\"isPartOf\":{\"@id\":\"https:\/\/www.capfito.com\/fr\/#website\"},\"datePublished\":\"2023-01-17T17:03:31+00:00\",\"inLanguage\":\"fr-FR\",\"potentialAction\":[{\"@type\":\"ReadAction\",\"target\":[\"https:\/\/www.capfito.com\/fr\/conditions-de-vente\/\"]}]},{\"@type\":\"WebSite\",\"@id\":\"https:\/\/www.capfito.com\/fr\/#website\",\"url\":\"https:\/\/www.capfito.com\/fr\/\",\"name\":\"Capfito - Capsule Nespresso ricaricabili\",\"description\":\"Capsule riutilizzabili nespresso compatibili ecologiche\",\"publisher\":{\"@id\":\"https:\/\/www.capfito.com\/fr\/#organization\"},\"potentialAction\":[{\"@type\":\"SearchAction\",\"target\":{\"@type\":\"EntryPoint\",\"urlTemplate\":\"https:\/\/www.capfito.com\/fr\/?s={search_term_string}\"},\"query-input\":{\"@type\":\"PropertyValueSpecification\",\"valueRequired\":true,\"valueName\":\"search_term_string\"}}],\"inLanguage\":\"fr-FR\"},{\"@type\":\"Organization\",\"@id\":\"https:\/\/www.capfito.com\/fr\/#organization\",\"name\":\"Capfito - Capsule Nespresso ricaricabili\",\"url\":\"https:\/\/www.capfito.com\/fr\/\",\"logo\":{\"@type\":\"ImageObject\",\"inLanguage\":\"fr-FR\",\"@id\":\"https:\/\/www.capfito.com\/fr\/#\/schema\/logo\/image\/\",\"url\":\"https:\/\/www.capfito.com\/wp-content\/uploads\/2023\/02\/Logo_CAPFITO_pagamenti.jpg\",\"contentUrl\":\"https:\/\/www.capfito.com\/wp-content\/uploads\/2023\/02\/Logo_CAPFITO_pagamenti.jpg\",\"width\":570,\"height\":220,\"caption\":\"Capfito - Capsule Nespresso ricaricabili\"},\"image\":{\"@id\":\"https:\/\/www.capfito.com\/fr\/#\/schema\/logo\/image\/\"}}]}<\/script>\n<!-- \/ Yoast SEO plugin. -->","yoast_head_json":{"title":"Conditions de vente - Capfito - Capsule Nespresso ricaricabili","robots":{"index":"index","follow":"follow","max-snippet":"max-snippet:-1","max-image-preview":"max-image-preview:large","max-video-preview":"max-video-preview:-1"},"canonical":"https:\/\/www.capfito.com\/fr\/conditions-de-vente\/","og_locale":"fr_FR","og_type":"article","og_title":"Conditions de vente - Capfito - Capsule Nespresso ricaricabili","og_description":"Conditions de vente, d&rsquo;utilisation et de retrait Conditions g\u00e9n\u00e9rales et droit de r\u00e9tractation pour les commandes de moins de 10","og_url":"https:\/\/www.capfito.com\/fr\/conditions-de-vente\/","og_site_name":"Capfito - Capsule Nespresso ricaricabili","twitter_card":"summary_large_image","twitter_misc":{"Dur\u00e9e de lecture estim\u00e9e":"10 minutes"},"schema":{"@context":"https:\/\/schema.org","@graph":[{"@type":"WebPage","@id":"https:\/\/www.capfito.com\/fr\/conditions-de-vente\/","url":"https:\/\/www.capfito.com\/fr\/conditions-de-vente\/","name":"Conditions de vente - Capfito - Capsule Nespresso ricaricabili","isPartOf":{"@id":"https:\/\/www.capfito.com\/fr\/#website"},"datePublished":"2023-01-17T17:03:31+00:00","inLanguage":"fr-FR","potentialAction":[{"@type":"ReadAction","target":["https:\/\/www.capfito.com\/fr\/conditions-de-vente\/"]}]},{"@type":"WebSite","@id":"https:\/\/www.capfito.com\/fr\/#website","url":"https:\/\/www.capfito.com\/fr\/","name":"Capfito - Capsule Nespresso ricaricabili","description":"Capsule riutilizzabili nespresso compatibili ecologiche","publisher":{"@id":"https:\/\/www.capfito.com\/fr\/#organization"},"potentialAction":[{"@type":"SearchAction","target":{"@type":"EntryPoint","urlTemplate":"https:\/\/www.capfito.com\/fr\/?s={search_term_string}"},"query-input":{"@type":"PropertyValueSpecification","valueRequired":true,"valueName":"search_term_string"}}],"inLanguage":"fr-FR"},{"@type":"Organization","@id":"https:\/\/www.capfito.com\/fr\/#organization","name":"Capfito - Capsule Nespresso ricaricabili","url":"https:\/\/www.capfito.com\/fr\/","logo":{"@type":"ImageObject","inLanguage":"fr-FR","@id":"https:\/\/www.capfito.com\/fr\/#\/schema\/logo\/image\/","url":"https:\/\/www.capfito.com\/wp-content\/uploads\/2023\/02\/Logo_CAPFITO_pagamenti.jpg","contentUrl":"https:\/\/www.capfito.com\/wp-content\/uploads\/2023\/02\/Logo_CAPFITO_pagamenti.jpg","width":570,"height":220,"caption":"Capfito - Capsule Nespresso ricaricabili"},"image":{"@id":"https:\/\/www.capfito.com\/fr\/#\/schema\/logo\/image\/"}}]}},"_links":{"self":[{"href":"https:\/\/www.capfito.com\/fr\/wp-json\/wp\/v2\/pages\/10586","targetHints":{"allow":["GET"]}}],"collection":[{"href":"https:\/\/www.capfito.com\/fr\/wp-json\/wp\/v2\/pages"}],"about":[{"href":"https:\/\/www.capfito.com\/fr\/wp-json\/wp\/v2\/types\/page"}],"author":[{"embeddable":true,"href":"https:\/\/www.capfito.com\/fr\/wp-json\/wp\/v2\/users\/1"}],"replies":[{"embeddable":true,"href":"https:\/\/www.capfito.com\/fr\/wp-json\/wp\/v2\/comments?post=10586"}],"version-history":[{"count":0,"href":"https:\/\/www.capfito.com\/fr\/wp-json\/wp\/v2\/pages\/10586\/revisions"}],"wp:attachment":[{"href":"https:\/\/www.capfito.com\/fr\/wp-json\/wp\/v2\/media?parent=10586"}],"curies":[{"name":"wp","href":"https:\/\/api.w.org\/{rel}","templated":true}]}}