{"id":13546,"date":"2024-12-14T11:29:04","date_gmt":"2024-12-14T10:29:04","guid":{"rendered":"https:\/\/www.capfito.com\/?post_type=product&#038;p=13546"},"modified":"2025-02-11T11:36:11","modified_gmt":"2025-02-11T10:36:11","slug":"ground-coffee-from-italian-artisan-roasting-250gr-reusable-nespresso-capsules","status":"publish","type":"product","link":"https:\/\/www.capfito.com\/en\/prodotto\/ground-coffee-from-italian-artisan-roasting-250gr-reusable-nespresso-capsules\/","title":{"rendered":"Ground Coffee from Italian Artisan Roasting 250gr"},"content":{"rendered":"\t\t<div data-elementor-type=\"wp-post\" data-elementor-id=\"13546\" class=\"elementor elementor-13546 elementor-13545\">\n\t\t\t\t\t\t<section class=\"elementor-section elementor-top-section elementor-element elementor-element-5d19a6b elementor-section-boxed elementor-section-height-default elementor-section-height-default\" data-id=\"5d19a6b\" data-element_type=\"section\" data-e-type=\"section\">\n\t\t\t\t\t\t<div class=\"elementor-container elementor-column-gap-default\">\n\t\t\t\t\t<div class=\"elementor-column elementor-col-100 elementor-top-column elementor-element elementor-element-36847ab\" data-id=\"36847ab\" data-element_type=\"column\" data-e-type=\"column\">\n\t\t\t<div class=\"elementor-widget-wrap elementor-element-populated\">\n\t\t\t\t\t\t<div class=\"elementor-element elementor-element-ea189cf elementor-widget elementor-widget-html\" data-id=\"ea189cf\" data-element_type=\"widget\" data-e-type=\"widget\" data-widget_type=\"html.default\">\n\t\t\t\t<div class=\"elementor-widget-container\">\n\t\t\t\t\t\t\t\t<link rel=\"stylesheet\" id=\"elementor-post-13582-css\" href=\"https:\/\/www.capfito.com\/wp-content\/uploads\/elementor\/css\/post-13582.css?ver=1777218732\" type=\"text\/css\" media=\"all\">\n\t\t\t\t\t<div data-elementor-type=\"wp-post\" data-elementor-id=\"13582\" class=\"elementor elementor-13582 elementor-13563 elementor-13563\">\n\t\t\t\t\t\t<section class=\"elementor-section elementor-top-section elementor-element elementor-element-7fa0583 elementor-section-content-top elementor-section-boxed elementor-section-height-default elementor-section-height-default\" data-id=\"7fa0583\" data-element_type=\"section\" data-e-type=\"section\">\n\t\t\t\t\t\t<div class=\"elementor-container elementor-column-gap-default\">\n\t\t\t\t\t<div class=\"elementor-column elementor-col-50 elementor-top-column elementor-element elementor-element-2e923df7\" data-id=\"2e923df7\" data-element_type=\"column\" data-e-type=\"column\">\n\t\t\t<div class=\"elementor-widget-wrap elementor-element-populated\">\n\t\t\t\t\t\t<div class=\"elementor-element elementor-element-8e84e16 elementor-widget elementor-widget-wd_text_block\" data-id=\"8e84e16\" data-element_type=\"widget\" data-e-type=\"widget\" data-widget_type=\"wd_text_block.default\">\n\t\t\t\t<div class=\"elementor-widget-container\">\n\t\t\t\t\t\t\t<div class=\"wd-text-block reset-last-child text-left\">\n\t\t\t\n\t\t\t<p><strong>Compos\u00e9:<\/strong><\/p><p>1pc Packet of 250 gr of Italian-roasted coffee moulu<\/p><p><strong>Technical data:<\/strong><\/p><p>Coffee bag: 250gr<\/p><p>Material: Ground coffee<\/p><p>Producer: Roastmatic - Roletto (Turin) - Italy<\/p><p>Box 14 mm x 6 mm x H 23mm - Weight 250gr<\/p>\n\t\t\t\t\t<\/div>\n\t\t\t\t\t\t<\/div>\n\t\t\t\t<\/div>\n\t\t\t\t\t<\/div>\n\t\t<\/div>\n\t\t\t\t<div class=\"elementor-column elementor-col-50 elementor-top-column elementor-element elementor-element-78fd86a6\" data-id=\"78fd86a6\" data-element_type=\"column\" data-e-type=\"column\">\n\t\t\t<div class=\"elementor-widget-wrap elementor-element-populated\">\n\t\t\t\t\t\t<div class=\"elementor-element elementor-element-8e7254a elementor-widget elementor-widget-html\" data-id=\"8e7254a\" data-element_type=\"widget\" data-e-type=\"widget\" data-widget_type=\"html.default\">\n\t\t\t\t<div class=\"elementor-widget-container\">\n\t\t\t\t\t<iframe width=\"100%\" height=\"315\" src=\"https:\/\/www.youtube-nocookie.com\/embed\/SPsekhliWZ8?rel=0\" title=\"YouTube video player\" frameborder=\"0\" allow=\"accelerometer; autoplay; clipboard-write; encrypted-media; gyroscope; picture-in-picture; web-share\" allowfullscreen><\/iframe>\n\t\t\t\t<\/div>\n\t\t\t\t<\/div>\n\t\t\t\t<div class=\"elementor-element elementor-element-85ec551 elementor-widget elementor-widget-html\" data-id=\"85ec551\" data-element_type=\"widget\" data-e-type=\"widget\" data-widget_type=\"html.default\">\n\t\t\t\t<div class=\"elementor-widget-container\">\n\t\t\t\t\t<iframe width=\"100%\" height=\"315\" src=\"https:\/\/www.youtube-nocookie.com\/embed\/psrAoOILmP4?rel=0\" title=\"YouTube video player\" frameborder=\"0\" allow=\"accelerometer; autoplay; clipboard-write; encrypted-media; gyroscope; picture-in-picture; web-share\" allowfullscreen><\/iframe>\n\t\t\t\t<\/div>\n\t\t\t\t<\/div>\n\t\t\t\t\t<\/div>\n\t\t<\/div>\n\t\t\t\t\t<\/div>\n\t\t<\/section>\n\t\t\t\t<\/div>\n\t\t\t\t\t\t<\/div>\n\t\t\t\t<\/div>\n\t\t\t\t\t<\/div>\n\t\t<\/div>\n\t\t\t\t\t<\/div>\n\t\t<\/section>\n\t\t\t\t<\/div>\n\t\t","protected":false},"excerpt":{"rendered":"<p>A handcrafted coffee from excellent roasting represents the heart of the Italian tradition, where each individual bean is carefully selected and expertly roasted to create a drink rich in unique aromatic nuances. With a blend consisting of 80% Arabica and 20% Robusta, this coffee offers a perfect balance between sweetness, body, and intensity.<\/p>\n<p>The high-quality Arabica imparts a smooth and delicate taste, with fruity notes and refined acidity, while the 20% Robusta adds an energy boost, giving the coffee a dense creaminess, a more intense note, and a pronounced aftertaste. The perfect union of these two varieties results in a beverage with a unique character, ideal for coffee lovers seeking a rich and complete flavor experience.<\/p>\n<p><strong>Code 8054154320424<br \/>\n<\/strong><\/p>\n","protected":false},"featured_media":13549,"template":"","meta":[],"product_brand":[],"product_cat":[119],"product_tag":[111,114,118,115,116,117,112,113],"class_list":{"0":"post-13546","1":"product","2":"type-product","3":"status-publish","4":"has-post-thumbnail","6":"product_cat-accessoires-capfito","7":"product_tag-capfito-en","8":"product_tag-coffee-capsules","9":"product_tag-nespresso-capsules","10":"product_tag-nespresso-coffee-capsules","11":"product_tag-refillable-capsules","12":"product_tag-refillable-coffee-capsules","13":"product_tag-reusable-capsules","14":"product_tag-reusable-nespresso-capsules","16":"first","17":"instock","18":"shipping-taxable","19":"purchasable","20":"product-type-simple"},"yoast_head":"<!-- This site is optimized with the Yoast SEO plugin v27.2 - https:\/\/yoast.com\/product\/yoast-seo-wordpress\/ -->\n<title>Ground Coffee from Italian Artisan Roasting 250gr - Capfito - Capsule Nespresso ricaricabili<\/title>\n<meta name=\"description\" content=\"Caf\u00e9 moulu issu de torr\u00e9faction artisanale italienne 250gr par capfito capsules nespresso r\u00e9utilisables\" \/>\n<meta name=\"robots\" content=\"index, follow, max-snippet:-1, max-image-preview:large, max-video-preview:-1\" \/>\n<link rel=\"canonical\" href=\"https:\/\/www.capfito.com\/en\/prodotto\/ground-coffee-from-italian-artisan-roasting-250gr-reusable-nespresso-capsules\/\" \/>\n<meta property=\"og:locale\" content=\"en_US\" \/>\n<meta property=\"og:type\" content=\"article\" \/>\n<meta property=\"og:title\" content=\"Ground Coffee from Italian Artisan Roasting 250gr - Capfito - Capsule Nespresso ricaricabili\" \/>\n<meta property=\"og:description\" content=\"Caf\u00e9 moulu issu de torr\u00e9faction artisanale italienne 250gr par capfito capsules nespresso r\u00e9utilisables\" \/>\n<meta property=\"og:url\" content=\"https:\/\/www.capfito.com\/en\/prodotto\/ground-coffee-from-italian-artisan-roasting-250gr-reusable-nespresso-capsules\/\" \/>\n<meta property=\"og:site_name\" content=\"Capfito - Capsule Nespresso ricaricabili\" \/>\n<meta property=\"article:modified_time\" content=\"2025-02-11T10:36:11+00:00\" \/>\n<meta property=\"og:image\" content=\"https:\/\/www.capfito.com\/wp-content\/uploads\/2024\/12\/Caffe_macinato_capsule_riutilizzabili_nespresso_03.jpg\" \/>\n\t<meta property=\"og:image:width\" content=\"1948\" \/>\n\t<meta property=\"og:image:height\" content=\"1948\" \/>\n\t<meta property=\"og:image:type\" content=\"image\/jpeg\" \/>\n<meta name=\"twitter:card\" content=\"summary_large_image\" \/>\n<meta name=\"twitter:label1\" content=\"Est. reading time\" \/>\n\t<meta name=\"twitter:data1\" content=\"1 minute\" \/>\n<script type=\"application\/ld+json\" class=\"yoast-schema-graph\">{\"@context\":\"https:\/\/schema.org\",\"@graph\":[{\"@type\":\"WebPage\",\"@id\":\"https:\/\/www.capfito.com\/en\/prodotto\/ground-coffee-from-italian-artisan-roasting-250gr-reusable-nespresso-capsules\/\",\"url\":\"https:\/\/www.capfito.com\/en\/prodotto\/ground-coffee-from-italian-artisan-roasting-250gr-reusable-nespresso-capsules\/\",\"name\":\"Ground Coffee from Italian Artisan Roasting 250gr - Capfito - Capsule Nespresso ricaricabili\",\"isPartOf\":{\"@id\":\"https:\/\/www.capfito.com\/en\/#website\"},\"primaryImageOfPage\":{\"@id\":\"https:\/\/www.capfito.com\/en\/prodotto\/ground-coffee-from-italian-artisan-roasting-250gr-reusable-nespresso-capsules\/#primaryimage\"},\"image\":{\"@id\":\"https:\/\/www.capfito.com\/en\/prodotto\/ground-coffee-from-italian-artisan-roasting-250gr-reusable-nespresso-capsules\/#primaryimage\"},\"thumbnailUrl\":\"https:\/\/www.capfito.com\/wp-content\/uploads\/2024\/12\/Caffe_macinato_capsule_riutilizzabili_nespresso_03.jpg\",\"datePublished\":\"2024-12-14T10:29:04+00:00\",\"dateModified\":\"2025-02-11T10:36:11+00:00\",\"description\":\"Caf\u00e9 moulu issu de torr\u00e9faction artisanale italienne 250gr par capfito capsules nespresso r\u00e9utilisables\",\"breadcrumb\":{\"@id\":\"https:\/\/www.capfito.com\/en\/prodotto\/ground-coffee-from-italian-artisan-roasting-250gr-reusable-nespresso-capsules\/#breadcrumb\"},\"inLanguage\":\"en-US\",\"potentialAction\":[{\"@type\":\"ReadAction\",\"target\":[\"https:\/\/www.capfito.com\/en\/prodotto\/ground-coffee-from-italian-artisan-roasting-250gr-reusable-nespresso-capsules\/\"]}]},{\"@type\":\"ImageObject\",\"inLanguage\":\"en-US\",\"@id\":\"https:\/\/www.capfito.com\/en\/prodotto\/ground-coffee-from-italian-artisan-roasting-250gr-reusable-nespresso-capsules\/#primaryimage\",\"url\":\"https:\/\/www.capfito.com\/wp-content\/uploads\/2024\/12\/Caffe_macinato_capsule_riutilizzabili_nespresso_03.jpg\",\"contentUrl\":\"https:\/\/www.capfito.com\/wp-content\/uploads\/2024\/12\/Caffe_macinato_capsule_riutilizzabili_nespresso_03.jpg\",\"width\":1948,\"height\":1948},{\"@type\":\"BreadcrumbList\",\"@id\":\"https:\/\/www.capfito.com\/en\/prodotto\/ground-coffee-from-italian-artisan-roasting-250gr-reusable-nespresso-capsules\/#breadcrumb\",\"itemListElement\":[{\"@type\":\"ListItem\",\"position\":1,\"name\":\"Shop Capfito\",\"item\":\"https:\/\/www.capfito.com\/en\/shop\/\"},{\"@type\":\"ListItem\",\"position\":2,\"name\":\"Ground Coffee from Italian Artisan Roasting 250gr\"}]},{\"@type\":\"WebSite\",\"@id\":\"https:\/\/www.capfito.com\/en\/#website\",\"url\":\"https:\/\/www.capfito.com\/en\/\",\"name\":\"Capfito - Capsule Nespresso ricaricabili\",\"description\":\"Capsule riutilizzabili nespresso compatibili ecologiche\",\"publisher\":{\"@id\":\"https:\/\/www.capfito.com\/en\/#organization\"},\"potentialAction\":[{\"@type\":\"SearchAction\",\"target\":{\"@type\":\"EntryPoint\",\"urlTemplate\":\"https:\/\/www.capfito.com\/en\/?s={search_term_string}\"},\"query-input\":{\"@type\":\"PropertyValueSpecification\",\"valueRequired\":true,\"valueName\":\"search_term_string\"}}],\"inLanguage\":\"en-US\"},{\"@type\":\"Organization\",\"@id\":\"https:\/\/www.capfito.com\/en\/#organization\",\"name\":\"Capfito - Capsule Nespresso ricaricabili\",\"url\":\"https:\/\/www.capfito.com\/en\/\",\"logo\":{\"@type\":\"ImageObject\",\"inLanguage\":\"en-US\",\"@id\":\"https:\/\/www.capfito.com\/en\/#\/schema\/logo\/image\/\",\"url\":\"https:\/\/www.capfito.com\/wp-content\/uploads\/2023\/02\/Logo_CAPFITO_pagamenti.jpg\",\"contentUrl\":\"https:\/\/www.capfito.com\/wp-content\/uploads\/2023\/02\/Logo_CAPFITO_pagamenti.jpg\",\"width\":570,\"height\":220,\"caption\":\"Capfito - Capsule Nespresso ricaricabili\"},\"image\":{\"@id\":\"https:\/\/www.capfito.com\/en\/#\/schema\/logo\/image\/\"}}]}<\/script>\n<!-- \/ Yoast SEO plugin. -->","yoast_head_json":{"title":"Ground Coffee from Italian Artisan Roasting 250gr - Capfito - Capsule Nespresso ricaricabili","description":"Caf\u00e9 moulu issu de torr\u00e9faction artisanale italienne 250gr par capfito capsules nespresso r\u00e9utilisables","robots":{"index":"index","follow":"follow","max-snippet":"max-snippet:-1","max-image-preview":"max-image-preview:large","max-video-preview":"max-video-preview:-1"},"canonical":"https:\/\/www.capfito.com\/en\/prodotto\/ground-coffee-from-italian-artisan-roasting-250gr-reusable-nespresso-capsules\/","og_locale":"en_US","og_type":"article","og_title":"Ground Coffee from Italian Artisan Roasting 250gr - Capfito - Capsule Nespresso ricaricabili","og_description":"Caf\u00e9 moulu issu de torr\u00e9faction artisanale italienne 250gr par capfito capsules nespresso r\u00e9utilisables","og_url":"https:\/\/www.capfito.com\/en\/prodotto\/ground-coffee-from-italian-artisan-roasting-250gr-reusable-nespresso-capsules\/","og_site_name":"Capfito - Capsule Nespresso ricaricabili","article_modified_time":"2025-02-11T10:36:11+00:00","og_image":[{"width":1948,"height":1948,"url":"https:\/\/www.capfito.com\/wp-content\/uploads\/2024\/12\/Caffe_macinato_capsule_riutilizzabili_nespresso_03.jpg","type":"image\/jpeg"}],"twitter_card":"summary_large_image","twitter_misc":{"Est. reading time":"1 minute"},"schema":{"@context":"https:\/\/schema.org","@graph":[{"@type":"WebPage","@id":"https:\/\/www.capfito.com\/en\/prodotto\/ground-coffee-from-italian-artisan-roasting-250gr-reusable-nespresso-capsules\/","url":"https:\/\/www.capfito.com\/en\/prodotto\/ground-coffee-from-italian-artisan-roasting-250gr-reusable-nespresso-capsules\/","name":"Ground Coffee from Italian Artisan Roasting 250gr - Capfito - Capsule Nespresso ricaricabili","isPartOf":{"@id":"https:\/\/www.capfito.com\/en\/#website"},"primaryImageOfPage":{"@id":"https:\/\/www.capfito.com\/en\/prodotto\/ground-coffee-from-italian-artisan-roasting-250gr-reusable-nespresso-capsules\/#primaryimage"},"image":{"@id":"https:\/\/www.capfito.com\/en\/prodotto\/ground-coffee-from-italian-artisan-roasting-250gr-reusable-nespresso-capsules\/#primaryimage"},"thumbnailUrl":"https:\/\/www.capfito.com\/wp-content\/uploads\/2024\/12\/Caffe_macinato_capsule_riutilizzabili_nespresso_03.jpg","datePublished":"2024-12-14T10:29:04+00:00","dateModified":"2025-02-11T10:36:11+00:00","description":"Caf\u00e9 moulu issu de torr\u00e9faction artisanale italienne 250gr par capfito capsules nespresso r\u00e9utilisables","breadcrumb":{"@id":"https:\/\/www.capfito.com\/en\/prodotto\/ground-coffee-from-italian-artisan-roasting-250gr-reusable-nespresso-capsules\/#breadcrumb"},"inLanguage":"en-US","potentialAction":[{"@type":"ReadAction","target":["https:\/\/www.capfito.com\/en\/prodotto\/ground-coffee-from-italian-artisan-roasting-250gr-reusable-nespresso-capsules\/"]}]},{"@type":"ImageObject","inLanguage":"en-US","@id":"https:\/\/www.capfito.com\/en\/prodotto\/ground-coffee-from-italian-artisan-roasting-250gr-reusable-nespresso-capsules\/#primaryimage","url":"https:\/\/www.capfito.com\/wp-content\/uploads\/2024\/12\/Caffe_macinato_capsule_riutilizzabili_nespresso_03.jpg","contentUrl":"https:\/\/www.capfito.com\/wp-content\/uploads\/2024\/12\/Caffe_macinato_capsule_riutilizzabili_nespresso_03.jpg","width":1948,"height":1948},{"@type":"BreadcrumbList","@id":"https:\/\/www.capfito.com\/en\/prodotto\/ground-coffee-from-italian-artisan-roasting-250gr-reusable-nespresso-capsules\/#breadcrumb","itemListElement":[{"@type":"ListItem","position":1,"name":"Shop Capfito","item":"https:\/\/www.capfito.com\/en\/shop\/"},{"@type":"ListItem","position":2,"name":"Ground Coffee from Italian Artisan Roasting 250gr"}]},{"@type":"WebSite","@id":"https:\/\/www.capfito.com\/en\/#website","url":"https:\/\/www.capfito.com\/en\/","name":"Capfito - Capsule Nespresso ricaricabili","description":"Capsule riutilizzabili nespresso compatibili ecologiche","publisher":{"@id":"https:\/\/www.capfito.com\/en\/#organization"},"potentialAction":[{"@type":"SearchAction","target":{"@type":"EntryPoint","urlTemplate":"https:\/\/www.capfito.com\/en\/?s={search_term_string}"},"query-input":{"@type":"PropertyValueSpecification","valueRequired":true,"valueName":"search_term_string"}}],"inLanguage":"en-US"},{"@type":"Organization","@id":"https:\/\/www.capfito.com\/en\/#organization","name":"Capfito - Capsule Nespresso ricaricabili","url":"https:\/\/www.capfito.com\/en\/","logo":{"@type":"ImageObject","inLanguage":"en-US","@id":"https:\/\/www.capfito.com\/en\/#\/schema\/logo\/image\/","url":"https:\/\/www.capfito.com\/wp-content\/uploads\/2023\/02\/Logo_CAPFITO_pagamenti.jpg","contentUrl":"https:\/\/www.capfito.com\/wp-content\/uploads\/2023\/02\/Logo_CAPFITO_pagamenti.jpg","width":570,"height":220,"caption":"Capfito - Capsule Nespresso ricaricabili"},"image":{"@id":"https:\/\/www.capfito.com\/en\/#\/schema\/logo\/image\/"}}]}},"_links":{"self":[{"href":"https:\/\/www.capfito.com\/en\/wp-json\/wp\/v2\/product\/13546","targetHints":{"allow":["GET"]}}],"collection":[{"href":"https:\/\/www.capfito.com\/en\/wp-json\/wp\/v2\/product"}],"about":[{"href":"https:\/\/www.capfito.com\/en\/wp-json\/wp\/v2\/types\/product"}],"version-history":[{"count":4,"href":"https:\/\/www.capfito.com\/en\/wp-json\/wp\/v2\/product\/13546\/revisions"}],"predecessor-version":[{"id":13594,"href":"https:\/\/www.capfito.com\/en\/wp-json\/wp\/v2\/product\/13546\/revisions\/13594"}],"wp:featuredmedia":[{"embeddable":true,"href":"https:\/\/www.capfito.com\/en\/wp-json\/wp\/v2\/media\/13549"}],"wp:attachment":[{"href":"https:\/\/www.capfito.com\/en\/wp-json\/wp\/v2\/media?parent=13546"}],"wp:term":[{"taxonomy":"product_brand","embeddable":true,"href":"https:\/\/www.capfito.com\/en\/wp-json\/wp\/v2\/product_brand?post=13546"},{"taxonomy":"product_cat","embeddable":true,"href":"https:\/\/www.capfito.com\/en\/wp-json\/wp\/v2\/product_cat?post=13546"},{"taxonomy":"product_tag","embeddable":true,"href":"https:\/\/www.capfito.com\/en\/wp-json\/wp\/v2\/product_tag?post=13546"}],"curies":[{"name":"wp","href":"https:\/\/api.w.org\/{rel}","templated":true}]}}